{"id":2013,"date":"2022-10-28T15:17:18","date_gmt":"2022-10-28T13:17:18","guid":{"rendered":"http:\/\/www.shinemusicrental.com\/product\/yamaha-eg-112-guitarra-electrica\/"},"modified":"2023-03-16T12:59:38","modified_gmt":"2023-03-16T11:59:38","slug":"yamaha-eg-112-guitarra-electrica","status":"publish","type":"product","link":"https:\/\/shinemusicrental.com\/ca\/product\/yamaha-eg-112-guitarra-electrica\/","title":{"rendered":"Yamaha EG 112 Guitarra El\u00e8ctrica"},"content":{"rendered":"<p>La guitarra el\u00e8ctrica Yamaha EG 112 \u00e9s una opci\u00f3 fiable i assequible per als guitarristes que busquen un instrument vers\u00e0til per a les seves actuacions. Amb el seu cos s\u00f2lid d&#8217;alzina i m\u00e0stil d&#8217;aur\u00f3, aquesta guitarra ofereix un to brillant i ressonador que \u00e9s adequat per a una varietat de g\u00e8neres, des del rock fins al blues i el jazz. El diapas\u00f3 de palisandre proporciona una experi\u00e8ncia de joc c\u00f2moda, mentre que el tr\u00e8mol d&#8217;estil vintage permet un vibrato expressiu.<\/p>\n<p>Aquesta guitarra tamb\u00e9 \u00e9s adequada per a fins de lloguer d&#8217;instruments, gr\u00e0cies a la seva durabilitat i qualitat de so constant. \u00c9s una excel\u00b7lent opci\u00f3 per a principiants o m\u00fasics intermedis que busquen llogar una guitarra el\u00e8ctrica per a les seves necessitats de pr\u00e0ctica o actuaci\u00f3. En general, la guitarra el\u00e8ctrica Yamaha EG 112 \u00e9s una s\u00f2lida opci\u00f3 per a qualsevol m\u00fasic que busqui un instrument de qualitat amb un so vers\u00e0til. \u00c9s com un ganivet su\u00eds de les guitarres, amb la capacitat d&#8217;enfrontar qualsevol situaci\u00f3 musical amb facilitat.<\/p>\n","protected":false},"excerpt":{"rendered":"<p><strong>Dip\u00f2sit: \u20ac50<\/strong><\/p>\n<div id=\"gtx-trans\" style=\"position: absolute; left: 35px; top: -10.6667px;\">\n<div class=\"gtx-trans-icon\"><\/div>\n<\/div>\n","protected":false},"featured_media":2006,"comment_status":"open","ping_status":"closed","template":"","meta":{"_acf_changed":false,"content-type":""},"product_brand":[],"product_cat":[176,194],"product_tag":[568,570,572,536,564,460,566,561,590,462,464,592,558,806],"class_list":{"0":"post-2013","1":"product","2":"type-product","3":"status-publish","4":"has-post-thumbnail","6":"product_cat-guitarres-i-baixos","7":"product_cat-guitarres-electriques","8":"product_tag-guitarra-ca","9":"product_tag-guitarra-barcelona-ca","10":"product_tag-guitarra-de-lloguer","11":"product_tag-guitarra-electrica-ca","12":"product_tag-guitarra-espanya","13":"product_tag-guitarres","14":"product_tag-guitarres-espanya","15":"product_tag-lloguer-dinstruments-ca","16":"product_tag-lloguer-dinstruments-ca-2","17":"product_tag-lloguer-dinstruments","18":"product_tag-lloguer-dinstruments-barcelona","19":"product_tag-lloguer-dinstruments-espanya-ca","20":"product_tag-lloguer-dinstruments-espanya","21":"product_tag-set-de-guitarra-ca","23":"first","24":"instock","25":"sold-individually","26":"shipping-taxable","27":"purchasable","28":"product-type-booking"},"booking_location":"","booking_location_type":"","booking_duration":1,"booking_duration_unit":"day","booking_buffer":0,"booking_cost":0,"booking_resources":[],"exclude_global_add_ons":false,"addons":[{"name":"Dip\u00f2sit","type":"checkbox","position":0,"required":false,"title_format":"hide","default":"","description_enable":false,"description":"","placeholder_enable":false,"placeholder":"","display":"select","restrictions_type":"any_text","adjust_price":false,"price":"","price_type":"flat_fee","restrictions":false,"min":"0","max":"0","options":[{"label":"Dip\u00f2sit","price":"50","price_type":"flat_fee","image":0,"visibility":true}]},{"name":"Guitarres El\u00e8ctriques","type":"checkbox","position":0,"required":false,"title_format":"label","default":"","description_enable":false,"description":"","placeholder_enable":false,"placeholder":"","display":"select","restrictions_type":"any_text","adjust_price":false,"price":"","price_type":"flat_fee","restrictions":false,"min":"0","max":"0","options":[{"label":"Cable d'Instrument Jack 1\/4","price":"5.00","price_type":"quantity_based","image":0,"visibility":true},{"label":"Pua de Qualitat","price":"2.00","price_type":"quantity_based","image":0,"visibility":true},{"label":"Pua Est\u00e0ndard","price":"1.00","price_type":"quantity_based","image":0,"visibility":true},{"label":"Corretja","price":"5.00","price_type":"quantity_based","image":0,"visibility":true},{"label":"Capo - Guitarra El\u00e8ctrica","price":"5.00","price_type":"quantity_based","image":0,"visibility":true},{"label":"Afinador","price":"5.00","price_type":"flat_fee","image":0,"visibility":true},{"label":"Faristol de Qualitat","price":"9.00","price_type":"quantity_based","image":0,"visibility":true},{"label":"Faristol","price":"5.00","price_type":"quantity_based","image":0,"visibility":true}]}],"acf":{"set_to_be_sold":false,"sale_description":"","sale_price":""},"_links":{"self":[{"href":"https:\/\/shinemusicrental.com\/ca\/wp-json\/wp\/v2\/product\/2013","targetHints":{"allow":["GET"]}}],"collection":[{"href":"https:\/\/shinemusicrental.com\/ca\/wp-json\/wp\/v2\/product"}],"about":[{"href":"https:\/\/shinemusicrental.com\/ca\/wp-json\/wp\/v2\/types\/product"}],"replies":[{"embeddable":true,"href":"https:\/\/shinemusicrental.com\/ca\/wp-json\/wp\/v2\/comments?post=2013"}],"wp:featuredmedia":[{"embeddable":true,"href":"https:\/\/shinemusicrental.com\/ca\/wp-json\/wp\/v2\/media\/2006"}],"wp:attachment":[{"href":"https:\/\/shinemusicrental.com\/ca\/wp-json\/wp\/v2\/media?parent=2013"}],"wp:term":[{"taxonomy":"product_brand","embeddable":true,"href":"https:\/\/shinemusicrental.com\/ca\/wp-json\/wp\/v2\/product_brand?post=2013"},{"taxonomy":"product_cat","embeddable":true,"href":"https:\/\/shinemusicrental.com\/ca\/wp-json\/wp\/v2\/product_cat?post=2013"},{"taxonomy":"product_tag","embeddable":true,"href":"https:\/\/shinemusicrental.com\/ca\/wp-json\/wp\/v2\/product_tag?post=2013"}],"curies":[{"name":"wp","href":"https:\/\/api.w.org\/{rel}","templated":true}]}}