{"id":1928,"date":"2022-10-28T13:56:59","date_gmt":"2022-10-28T11:56:59","guid":{"rendered":"http:\/\/www.shinemusicrental.com\/product\/takamine-gd11mns-guitarra-acustica-dreadnought\/"},"modified":"2023-03-16T12:49:07","modified_gmt":"2023-03-16T11:49:07","slug":"takamine-gd11mns-guitarra-acustica-dreadnought","status":"publish","type":"product","link":"https:\/\/shinemusicrental.com\/ca\/product\/takamine-gd11mns-guitarra-acustica-dreadnought\/","title":{"rendered":"Takamine GD11MNS Guitarra Ac\u00fastica Dreadnought"},"content":{"rendered":"<p>La guitarra ac\u00fastica Takamine GD11MNS Dreadnought \u00e9s una opci\u00f3 s\u00f2lida per als m\u00fasics que busquen un instrument fiable i d&#8217;alta qualitat per a les seves actuacions. Amb la seva forma cl\u00e0ssica de cos Dreadnought i acabat natural satinat, aquesta guitarra emana un atractiu intemporal. La part superior, posterior i els costats estan fabricats amb mogent, el que produeix un to c\u00e0lid i equilibrat que \u00e9s ideal tant per tocar amb els dits com per rasguejar. El diapas\u00f3 i el pont de palissandre proporcionen una experi\u00e8ncia de joc molt suau, mentre que els afinadors cromats mantenen les cordes en sintonia.<\/p>\n<p>Aquesta guitarra tamb\u00e9 \u00e9s adequada per a lloguer d&#8217;instruments, gr\u00e0cies a la seva durabilitat i qualitat de so constant. \u00c9s una excel\u00b7lent opci\u00f3 per a principiants o m\u00fasics intermedis que busquen llogar una guitarra ac\u00fastica per a les seves necessitats de pr\u00e0ctica o presentaci\u00f3. En resum, la guitarra ac\u00fastica Takamine GD11MNS Dreadnought \u00e9s una excel\u00b7lent opci\u00f3 per a qualsevol m\u00fasic que busqui un instrument superior amb un so cl\u00e0ssic i vers\u00e0til. \u00c9s un veritable cavall de batalla que li servir\u00e0 excepcionalment b\u00e9 tant en l&#8217;escenari com en l&#8217;estudi.<\/p>\n","protected":false},"excerpt":{"rendered":"<p><strong>Dip\u00f2sit: \u20ac70<\/strong><\/p>\n<div id=\"gtx-trans\" style=\"position: absolute; left: 56px; top: -10.6667px;\">\n<div class=\"gtx-trans-icon\"><\/div>\n<\/div>\n","protected":false},"featured_media":1924,"comment_status":"open","ping_status":"closed","template":"","meta":{"_acf_changed":false,"content-type":""},"product_brand":[],"product_cat":[176,180],"product_tag":[568,818,570,572,564,460,566,562,561,462,590,464,490,592,558],"class_list":{"0":"post-1928","1":"product","2":"type-product","3":"status-publish","4":"has-post-thumbnail","6":"product_cat-guitarres-i-baixos","7":"product_cat-guitarres-acustiques","8":"product_tag-guitarra-ca","9":"product_tag-guitarra-acustica-ca","10":"product_tag-guitarra-barcelona-ca","11":"product_tag-guitarra-de-lloguer","12":"product_tag-guitarra-espanya","13":"product_tag-guitarres","14":"product_tag-guitarres-espanya","15":"product_tag-instruments-de-contractacio","16":"product_tag-lloguer-dinstruments-ca","17":"product_tag-lloguer-dinstruments","18":"product_tag-lloguer-dinstruments-ca-2","19":"product_tag-lloguer-dinstruments-barcelona","20":"product_tag-lloguer-dinstruments-barcelona-ca","21":"product_tag-lloguer-dinstruments-espanya-ca","22":"product_tag-lloguer-dinstruments-espanya","24":"first","25":"instock","26":"sold-individually","27":"shipping-taxable","28":"purchasable","29":"product-type-booking"},"booking_location":"","booking_location_type":"","booking_duration":1,"booking_duration_unit":"day","booking_buffer":0,"booking_cost":0,"booking_resources":[],"exclude_global_add_ons":false,"addons":[{"name":"Dip\u00f2sit","type":"checkbox","position":0,"required":false,"title_format":"hide","default":"","description_enable":false,"description":"","placeholder_enable":false,"placeholder":"","display":"select","restrictions_type":"any_text","adjust_price":false,"price":"","price_type":"flat_fee","restrictions":false,"min":"0","max":"0","options":[{"label":"Dip\u00f2sit","price":"70","price_type":"flat_fee","image":0,"visibility":true}]},{"name":"Guitarres Ac\u00fastiques","type":"checkbox","position":0,"required":false,"title_format":"label","default":"","description_enable":false,"description":"","placeholder_enable":false,"placeholder":"","display":"select","restrictions_type":"any_text","adjust_price":false,"price":"","price_type":"flat_fee","restrictions":false,"min":"0","max":"0","options":[{"label":"Cable d'Instrument Jack 1\/4","price":"5.00","price_type":"quantity_based","image":0,"visibility":true},{"label":"Pua de Qualitat","price":"2.00","price_type":"quantity_based","image":0,"visibility":true},{"label":"Pua Est\u00e0ndard","price":"1.00","price_type":"quantity_based","image":0,"visibility":true},{"label":"Corretja","price":"5.00","price_type":"quantity_based","image":0,"visibility":true},{"label":"Capo","price":"5.00","price_type":"quantity_based","image":0,"visibility":true},{"label":"Afinador","price":"5.00","price_type":"quantity_based","image":0,"visibility":true},{"label":"Faristol de Qualitat","price":"9.00","price_type":"quantity_based","image":0,"visibility":true},{"label":"Faristol","price":"5.00","price_type":"quantity_based","image":0,"visibility":true}]}],"acf":{"set_to_be_sold":false,"sale_description":"","sale_price":""},"_links":{"self":[{"href":"https:\/\/shinemusicrental.com\/ca\/wp-json\/wp\/v2\/product\/1928","targetHints":{"allow":["GET"]}}],"collection":[{"href":"https:\/\/shinemusicrental.com\/ca\/wp-json\/wp\/v2\/product"}],"about":[{"href":"https:\/\/shinemusicrental.com\/ca\/wp-json\/wp\/v2\/types\/product"}],"replies":[{"embeddable":true,"href":"https:\/\/shinemusicrental.com\/ca\/wp-json\/wp\/v2\/comments?post=1928"}],"wp:featuredmedia":[{"embeddable":true,"href":"https:\/\/shinemusicrental.com\/ca\/wp-json\/wp\/v2\/media\/1924"}],"wp:attachment":[{"href":"https:\/\/shinemusicrental.com\/ca\/wp-json\/wp\/v2\/media?parent=1928"}],"wp:term":[{"taxonomy":"product_brand","embeddable":true,"href":"https:\/\/shinemusicrental.com\/ca\/wp-json\/wp\/v2\/product_brand?post=1928"},{"taxonomy":"product_cat","embeddable":true,"href":"https:\/\/shinemusicrental.com\/ca\/wp-json\/wp\/v2\/product_cat?post=1928"},{"taxonomy":"product_tag","embeddable":true,"href":"https:\/\/shinemusicrental.com\/ca\/wp-json\/wp\/v2\/product_tag?post=1928"}],"curies":[{"name":"wp","href":"https:\/\/api.w.org\/{rel}","templated":true}]}}