{"id":1921,"date":"2022-10-28T13:52:16","date_gmt":"2022-10-28T11:52:16","guid":{"rendered":"http:\/\/www.shinemusicrental.com\/product\/millenium-mc890nt-conga-set\/"},"modified":"2023-03-17T14:00:00","modified_gmt":"2023-03-17T13:00:00","slug":"millenium-mc890nt-conga-set","status":"publish","type":"product","link":"https:\/\/shinemusicrental.com\/ca\/product\/millenium-mc890nt-conga-set\/","title":{"rendered":"Millenium MC890NT Conga Set"},"content":{"rendered":"<p>El set de congas Millenium MC890NT \u00e9s un instrument de percussi\u00f3 d&#8217;alta qualitat adequat tant per a principiants com per a m\u00fasics professionals. Aquest conjunt inclou dues congas, una amb una cap de 10 polzades i l&#8217;altra amb una cap de 11 polzades, fabricades en fusta natural amb un acabat mat. El conjunt tamb\u00e9 inclou suports ajustables en altura i claus d&#8217;afinaci\u00f3 per a una afinaci\u00f3 precisa i sense esfor\u00e7.<\/p>\n<p>Per a aquells que busquen llogar una conga, el set de congas Millenium MC890NT \u00e9s una excel\u00b7lent opci\u00f3. Amb la seva construcci\u00f3 duradora i disseny f\u00e0cil d&#8217;utilitzar, \u00e9s perfecte per a concerts, assajos i gravacions d&#8217;estudi. Llogar una conga pot ser una forma econ\u00f2mica d&#8217;explorar l&#8217;instrument i experimentar amb diferents estils de interpretaci\u00f3.<\/p>\n<p>Tocar el set de congas Millenium MC890NT \u00e9s com afegir un batec al ritme de la teva m\u00fasica, amb els seus tons rics i profunds que evocan una sensaci\u00f3 de ritme i moviment. La versatilitat del conjunt permet una varietat d&#8217;estils i t\u00e8cniques d&#8217;interpretaci\u00f3, el que el converteix en una addici\u00f3 perfecta a la col\u00b7lecci\u00f3 de qualsevol percussionista.<\/p>\n","protected":false},"excerpt":{"rendered":"<p><strong>Dip\u00f2sit: \u20ac80<\/strong><\/p>\n<div id=\"gtx-trans\" style=\"position: absolute; left: -176px; top: -10.6667px;\">\n<div class=\"gtx-trans-icon\"><\/div>\n<\/div>\n","protected":false},"featured_media":1918,"comment_status":"open","ping_status":"closed","template":"","meta":{"_acf_changed":false,"content-type":""},"product_brand":[],"product_cat":[161,172],"product_tag":[551,458,544,540,542,538,868,870,562,561,462,590,464,490,592,558,466,467,470,474,471,476],"class_list":{"0":"post-1921","1":"product","2":"type-product","3":"status-publish","4":"has-post-thumbnail","6":"product_cat-bateries-i-percussions","7":"product_cat-percussions","8":"product_tag-bateria","9":"product_tag-bateries","10":"product_tag-bateries-barcelona","11":"product_tag-bateries-de-lloguer","12":"product_tag-bateries-es","13":"product_tag-bateries-espanya","14":"product_tag-conga-ca","15":"product_tag-conga-de-lloguer","16":"product_tag-instruments-de-contractacio","17":"product_tag-lloguer-dinstruments-ca","18":"product_tag-lloguer-dinstruments","19":"product_tag-lloguer-dinstruments-ca-2","20":"product_tag-lloguer-dinstruments-barcelona","21":"product_tag-lloguer-dinstruments-barcelona-ca","22":"product_tag-lloguer-dinstruments-espanya-ca","23":"product_tag-lloguer-dinstruments-espanya","24":"product_tag-percussio","25":"product_tag-percussions-ca","26":"product_tag-percussions-barcelona-ca","27":"product_tag-percussions-de-lloguer","28":"product_tag-percussions-es-ca","29":"product_tag-percussions-espanya","31":"first","32":"instock","33":"sold-individually","34":"shipping-taxable","35":"purchasable","36":"product-type-booking"},"booking_location":"","booking_location_type":"","booking_duration":1,"booking_duration_unit":"day","booking_buffer":0,"booking_cost":0,"booking_resources":[],"exclude_global_add_ons":false,"addons":[{"name":"Dip\u00f2sit","type":"checkbox","position":0,"required":false,"title_format":"hide","default":"","description_enable":false,"description":"","placeholder_enable":false,"placeholder":"","display":"select","restrictions_type":"any_text","adjust_price":false,"price":"","price_type":"flat_fee","restrictions":false,"min":"0","max":"0","options":[{"label":"Dip\u00f2sit","price":"80","price_type":"flat_fee","image":0,"visibility":true}]},{"name":"Totes les Bateries ","type":"checkbox","position":0,"required":false,"title_format":"label","default":"","description_enable":false,"description":"","placeholder_enable":false,"placeholder":"","display":"select","restrictions_type":"any_text","adjust_price":false,"price":"","price_type":"flat_fee","restrictions":false,"min":"0","max":"0","options":[{"label":"Baquetes","price":"6.00","price_type":"quantity_based","image":0,"visibility":true},{"label":"Set de Plats","price":"48.00","price_type":"quantity_based","image":0,"visibility":true}]},{"name":"All Percussion","type":"checkbox","position":0,"required":false,"title_format":"label","default":"","description_enable":false,"description":"","placeholder_enable":false,"placeholder":"","display":"select","restrictions_type":"any_text","adjust_price":false,"price":"","price_type":"flat_fee","restrictions":false,"min":"0","max":"0","options":[{"label":"Stand","price":"10","price_type":"quantity_based","image":0,"visibility":true}]}],"acf":{"set_to_be_sold":false,"sale_description":"","sale_price":""},"_links":{"self":[{"href":"https:\/\/shinemusicrental.com\/ca\/wp-json\/wp\/v2\/product\/1921","targetHints":{"allow":["GET"]}}],"collection":[{"href":"https:\/\/shinemusicrental.com\/ca\/wp-json\/wp\/v2\/product"}],"about":[{"href":"https:\/\/shinemusicrental.com\/ca\/wp-json\/wp\/v2\/types\/product"}],"replies":[{"embeddable":true,"href":"https:\/\/shinemusicrental.com\/ca\/wp-json\/wp\/v2\/comments?post=1921"}],"wp:featuredmedia":[{"embeddable":true,"href":"https:\/\/shinemusicrental.com\/ca\/wp-json\/wp\/v2\/media\/1918"}],"wp:attachment":[{"href":"https:\/\/shinemusicrental.com\/ca\/wp-json\/wp\/v2\/media?parent=1921"}],"wp:term":[{"taxonomy":"product_brand","embeddable":true,"href":"https:\/\/shinemusicrental.com\/ca\/wp-json\/wp\/v2\/product_brand?post=1921"},{"taxonomy":"product_cat","embeddable":true,"href":"https:\/\/shinemusicrental.com\/ca\/wp-json\/wp\/v2\/product_cat?post=1921"},{"taxonomy":"product_tag","embeddable":true,"href":"https:\/\/shinemusicrental.com\/ca\/wp-json\/wp\/v2\/product_tag?post=1921"}],"curies":[{"name":"wp","href":"https:\/\/api.w.org\/{rel}","templated":true}]}}