{"id":19172,"date":"2025-01-14T15:33:22","date_gmt":"2025-01-14T14:33:22","guid":{"rendered":"https:\/\/shinemusicrental.com\/?post_type=product&#038;p=19172"},"modified":"2025-01-14T16:08:59","modified_gmt":"2025-01-14T15:08:59","slug":"krk-rokit-5-monitors-destudi","status":"publish","type":"product","link":"https:\/\/shinemusicrental.com\/ca\/product\/krk-rokit-5-monitors-destudi\/","title":{"rendered":"KRK Rokit 5 Monitors d&#8217;Estudi"},"content":{"rendered":"<p>Els <strong>KRK Rokit 5 Studio Monitors<\/strong> ofereixen una reproducci\u00f3 d&#8217;\u00e0udio precisa per a enregistrament i mescla. Amb un woofer de Kevlar de 5 polzades i un tweeter de c\u00fapula suau d\u20191 polzada, aquests monitors proporcionen un rang de freq\u00fc\u00e8ncia equilibrat de 43 Hz a 40 kHz. L\u2019amplificador de Classe D biamplificat garanteix una distribuci\u00f3 de pot\u00e8ncia neta, millorant l\u2019efici\u00e8ncia general i reduint la distorsi\u00f3.<\/p>\n<p>Dissenyats per a la versatilitat, els Rokit 5 inclouen un equalitzador gr\u00e0fic integrat amb 25 configuracions per adaptar el so a qualsevol sala. El panell posterior disposa d\u2019entrades balancejades TRS i XLR, oferint connectivitat per a diverses configuracions d\u2019\u00e0udio. El port de greus frontal minimitza problemes de col\u00b7locaci\u00f3 i millora la claredat en freq\u00fc\u00e8ncies baixes.<\/p>\n<p>Explora opcions de <strong>lloguer d&#8217;instruments<\/strong> per a projectes temporals d\u2019estudi o <strong>lloga un monitor d\u2019estudi<\/strong> per aconseguir una monitoritzaci\u00f3 d\u2019alta qualitat amb so professional.<\/p>\n","protected":false},"excerpt":{"rendered":"<p>Els <strong>KRK Rokit 5 Studio Monitors<\/strong> ofereixen una reproducci\u00f3 d&#8217;\u00e0udio precisa per a enregistrament i mescla. Amb un woofer de Kevlar de 5 polzades i un tweeter de c\u00fapula suau d\u20191 polzada, aquests monitors proporcionen un rang de freq\u00fc\u00e8ncia equilibrat de 43 Hz a 40 kHz<\/p>\n<div id=\"gtx-trans\" style=\"position: absolute; left: -155px; top: -10.6667px;\">\n<div class=\"gtx-trans-icon\"><\/div>\n<\/div>\n","protected":false},"featured_media":19175,"comment_status":"open","ping_status":"closed","template":"","meta":{"_acf_changed":false,"content-type":""},"product_brand":[],"product_cat":[330,346],"product_tag":[930,797,506,508,512,510,514,504,562,462,590,561,464,490,592,558],"class_list":{"0":"post-19172","1":"product","2":"type-product","3":"status-publish","4":"has-post-thumbnail","6":"product_cat-estudi","7":"product_cat-altaveus","8":"product_tag-altaveus","9":"product_tag-altaveus-de-lloguer","10":"product_tag-equip-destudi","11":"product_tag-equip-destudi-barcelona","12":"product_tag-equip-destudi-de-lloguer","13":"product_tag-equip-destudi-es","14":"product_tag-equip-destudi-espanya","15":"product_tag-estudi","16":"product_tag-instruments-de-contractacio","17":"product_tag-lloguer-dinstruments","18":"product_tag-lloguer-dinstruments-ca-2","19":"product_tag-lloguer-dinstruments-ca","20":"product_tag-lloguer-dinstruments-barcelona","21":"product_tag-lloguer-dinstruments-barcelona-ca","22":"product_tag-lloguer-dinstruments-espanya-ca","23":"product_tag-lloguer-dinstruments-espanya","25":"first","26":"instock","27":"featured","28":"sold-individually","29":"shipping-taxable","30":"purchasable","31":"product-type-booking"},"booking_location":"","booking_location_type":"","booking_duration":1,"booking_duration_unit":"day","booking_buffer":0,"booking_cost":0,"booking_resources":[],"exclude_global_add_ons":false,"addons":[{"name":"Deposit","type":"checkbox","position":0,"required":true,"title_format":"hide","default":"","description_enable":false,"description":"","placeholder_enable":false,"placeholder":"","display":"select","restrictions_type":"any_text","adjust_price":false,"price":"","price_type":"flat_fee","restrictions":false,"min":"0","max":"0","options":[{"label":"Deposit","price":"450","price_type":"flat_fee","image":0,"visibility":true}]},{"name":"ALTAVEUS PA","type":"checkbox","position":0,"required":false,"title_format":"label","default":"","description_enable":false,"description":"","placeholder_enable":false,"placeholder":"","display":"select","restrictions_type":"any_text","adjust_price":false,"price":"","price_type":"flat_fee","restrictions":false,"min":"0","max":"0","options":[{"label":"Cable d'Instrument Jack 1\/4","price":"5.00","price_type":"quantity_based","image":0,"visibility":true},{"label":"Cable XLR","price":"5.00","price_type":"quantity_based","image":0,"visibility":true},{"label":"Taula de Mescles (est\u00e0ndard)","price":"55.00","price_type":"quantity_based","image":0,"visibility":true},{"label":"Suport","price":"19.00","price_type":"quantity_based","image":0,"visibility":true},{"label":"DI Box","price":"5","price_type":"quantity_based","image":0,"visibility":true}]}],"acf":{"set_to_be_sold":false,"sale_description":"","sale_price":""},"_links":{"self":[{"href":"https:\/\/shinemusicrental.com\/ca\/wp-json\/wp\/v2\/product\/19172","targetHints":{"allow":["GET"]}}],"collection":[{"href":"https:\/\/shinemusicrental.com\/ca\/wp-json\/wp\/v2\/product"}],"about":[{"href":"https:\/\/shinemusicrental.com\/ca\/wp-json\/wp\/v2\/types\/product"}],"replies":[{"embeddable":true,"href":"https:\/\/shinemusicrental.com\/ca\/wp-json\/wp\/v2\/comments?post=19172"}],"wp:featuredmedia":[{"embeddable":true,"href":"https:\/\/shinemusicrental.com\/ca\/wp-json\/wp\/v2\/media\/19175"}],"wp:attachment":[{"href":"https:\/\/shinemusicrental.com\/ca\/wp-json\/wp\/v2\/media?parent=19172"}],"wp:term":[{"taxonomy":"product_brand","embeddable":true,"href":"https:\/\/shinemusicrental.com\/ca\/wp-json\/wp\/v2\/product_brand?post=19172"},{"taxonomy":"product_cat","embeddable":true,"href":"https:\/\/shinemusicrental.com\/ca\/wp-json\/wp\/v2\/product_cat?post=19172"},{"taxonomy":"product_tag","embeddable":true,"href":"https:\/\/shinemusicrental.com\/ca\/wp-json\/wp\/v2\/product_tag?post=19172"}],"curies":[{"name":"wp","href":"https:\/\/api.w.org\/{rel}","templated":true}]}}