{"id":19151,"date":"2025-01-14T10:13:08","date_gmt":"2025-01-14T09:13:09","guid":{"rendered":"https:\/\/shinemusicrental.com\/?post_type=product&#038;p=19151"},"modified":"2025-01-14T10:31:04","modified_gmt":"2025-01-14T09:31:04","slug":"david-gage-the-realist-pastilla-per-a-contrabaix","status":"publish","type":"product","link":"https:\/\/shinemusicrental.com\/ca\/product\/david-gage-the-realist-pastilla-per-a-contrabaix\/","title":{"rendered":"David Gage &#8220;The Realist&#8221; Pastilla per a Contrabaix"},"content":{"rendered":"<div class=\"flex-shrink-0 flex flex-col relative items-end\">\n<div>\n<div class=\"pt-0\">\n<div class=\"gizmo-bot-avatar flex h-8 w-8 items-center justify-center overflow-hidden rounded-full\">\n<div class=\"relative p-1 rounded-sm flex items-center justify-center bg-token-main-surface-primary text-token-text-primary h-8 w-8\"><strong>La David Gage Double Bass Pickup<\/strong> \u00e9s una soluci\u00f3 d&#8217;alta qualitat per amplificar contrabaixos amb claredat i precisi\u00f3. Reconegut per la seva resposta tonal equilibrada, aquesta pastilla utilitza un transductor piezoel\u00e8ctric que garanteix una reproducci\u00f3 sonora natural, preservant les qualitats ac\u00fastiques de l&#8217;instrument. El seu <strong>disseny de doble element<\/strong> capta tant la resson\u00e0ncia del cos com la vibraci\u00f3 directa de les cordes, oferint una sortida de ple espectre.<\/div>\n<\/div>\n<\/div>\n<\/div>\n<\/div>\n<div class=\"group\/conversation-turn relative flex w-full min-w-0 flex-col agent-turn\">\n<div class=\"flex-col gap-1 md:gap-3\">\n<div class=\"flex max-w-full flex-col flex-grow\">\n<div class=\"min-h-8 text-message flex w-full flex-col items-end gap-2 whitespace-normal break-words text-start [.text-message+&amp;]:mt-5\" dir=\"auto\" data-message-author-role=\"assistant\" data-message-id=\"de69dc8a-0f56-499c-bf7f-9730ceef78dc\" data-message-model-slug=\"gpt-4o\">\n<div class=\"flex w-full flex-col gap-1 empty:hidden first:pt-[3px]\">\n<div class=\"markdown prose w-full break-words dark:prose-invert dark\">\n<p>De disseny compacte i lleuger, permet una instal\u00b7laci\u00f3 senzilla al pont, i el sistema est\u00e0 dissenyat per minimitzar la retroalimentaci\u00f3, fins i tot a volums alts. Ideal per a actuacions en directe i gravacions d&#8217;estudi, aquesta pastilla ofereix resultats consistents en diversos g\u00e8neres. Considereu opcions de <strong>lloguer d&#8217;instruments<\/strong> per a rendiment fiable o <strong>llogar una pastilla per a contrabaix<\/strong> per a necessitats puntuals.<\/p>\n<\/div>\n<\/div>\n<\/div>\n<\/div>\n<\/div>\n<\/div>\n","protected":false},"excerpt":{"rendered":"<p><strong>La David Gage Double Bass Pickup<\/strong> \u00e9s una soluci\u00f3 d&#8217;alta qualitat per amplificar contrabaixos amb claredat i precisi\u00f3. Reconegut per la seva resposta tonal equilibrada, aquesta pastilla utilitza un transductor piezoel\u00e8ctric que garanteix una reproducci\u00f3 sonora natural, preservant les qualitats ac\u00fastiques de l&#8217;instrument.<\/p>\n<div id=\"gtx-trans\" style=\"position: absolute; left: -27px; top: -10.5156px;\">\n<div class=\"gtx-trans-icon\"><\/div>\n<\/div>\n","protected":false},"featured_media":19154,"comment_status":"open","ping_status":"closed","template":"","meta":{"_acf_changed":false,"content-type":""},"product_brand":[],"product_cat":[318,324,330,340],"product_tag":[718,719,562,492,494,496,500,498,502,462,590,561,464,490,592,558],"class_list":{"0":"post-19151","1":"product","2":"type-product","3":"status-publish","4":"has-post-thumbnail","6":"product_cat-instruments-de-corda","7":"product_cat-accessoris-per-a-instruments-de-corda","8":"product_cat-estudi","9":"product_cat-microfons","10":"product_tag-contrabaix","11":"product_tag-contrabaix-de-lloguer","12":"product_tag-instruments-de-contractacio","13":"product_tag-instruments-de-corda","14":"product_tag-instruments-de-corda-ca","15":"product_tag-instruments-de-corda-barcelona","16":"product_tag-instruments-de-corda-de-lloguer","17":"product_tag-instruments-de-corda-es","18":"product_tag-instruments-de-corda-espanya","19":"product_tag-lloguer-dinstruments","20":"product_tag-lloguer-dinstruments-ca-2","21":"product_tag-lloguer-dinstruments-ca","22":"product_tag-lloguer-dinstruments-barcelona","23":"product_tag-lloguer-dinstruments-barcelona-ca","24":"product_tag-lloguer-dinstruments-espanya-ca","25":"product_tag-lloguer-dinstruments-espanya","27":"first","28":"instock","29":"featured","30":"sold-individually","31":"shipping-taxable","32":"purchasable","33":"product-type-booking"},"booking_location":"","booking_location_type":"","booking_duration":1,"booking_duration_unit":"day","booking_buffer":0,"booking_cost":0,"booking_resources":[],"exclude_global_add_ons":false,"addons":[{"name":"Deposit","type":"checkbox","position":0,"required":true,"title_format":"hide","default":"","description_enable":false,"description":"","placeholder_enable":false,"placeholder":"","display":"select","restrictions_type":"any_text","adjust_price":false,"price":"","price_type":"flat_fee","restrictions":false,"min":"0","max":"0","options":[{"label":"Deposit","price":"450","price_type":"flat_fee","image":0,"visibility":true}]}],"acf":{"set_to_be_sold":false,"sale_description":"","sale_price":""},"_links":{"self":[{"href":"https:\/\/shinemusicrental.com\/ca\/wp-json\/wp\/v2\/product\/19151","targetHints":{"allow":["GET"]}}],"collection":[{"href":"https:\/\/shinemusicrental.com\/ca\/wp-json\/wp\/v2\/product"}],"about":[{"href":"https:\/\/shinemusicrental.com\/ca\/wp-json\/wp\/v2\/types\/product"}],"replies":[{"embeddable":true,"href":"https:\/\/shinemusicrental.com\/ca\/wp-json\/wp\/v2\/comments?post=19151"}],"wp:featuredmedia":[{"embeddable":true,"href":"https:\/\/shinemusicrental.com\/ca\/wp-json\/wp\/v2\/media\/19154"}],"wp:attachment":[{"href":"https:\/\/shinemusicrental.com\/ca\/wp-json\/wp\/v2\/media?parent=19151"}],"wp:term":[{"taxonomy":"product_brand","embeddable":true,"href":"https:\/\/shinemusicrental.com\/ca\/wp-json\/wp\/v2\/product_brand?post=19151"},{"taxonomy":"product_cat","embeddable":true,"href":"https:\/\/shinemusicrental.com\/ca\/wp-json\/wp\/v2\/product_cat?post=19151"},{"taxonomy":"product_tag","embeddable":true,"href":"https:\/\/shinemusicrental.com\/ca\/wp-json\/wp\/v2\/product_tag?post=19151"}],"curies":[{"name":"wp","href":"https:\/\/api.w.org\/{rel}","templated":true}]}}