{"id":19136,"date":"2025-01-13T10:27:05","date_gmt":"2025-01-13T09:27:05","guid":{"rendered":"https:\/\/shinemusicrental.com\/product\/audix-d6-kick-drum-microphone\/"},"modified":"2025-01-13T10:47:51","modified_gmt":"2025-01-13T09:47:51","slug":"audix-d6-microfon-per-a-bombo","status":"publish","type":"product","link":"https:\/\/shinemusicrental.com\/ca\/product\/audix-d6-microfon-per-a-bombo\/","title":{"rendered":"Audix D6 Micr\u00f2fon per a Bombo"},"content":{"rendered":"<div class=\"flex-shrink-0 flex flex-col relative items-end\">\n<div class=\"pt-0\">\n<div class=\"gizmo-bot-avatar flex h-8 w-8 items-center justify-center overflow-hidden rounded-full\">\n<div class=\"relative p-1 rounded-sm flex items-center justify-center bg-token-main-surface-primary text-token-text-primary h-8 w-8\">\n<div class=\"flex-shrink-0 flex flex-col relative items-end\">\n<div>\n<div class=\"pt-0\">\n<div class=\"gizmo-bot-avatar flex h-8 w-8 items-center justify-center overflow-hidden rounded-full\">\n<div class=\"relative p-1 rounded-sm flex items-center justify-center bg-token-main-surface-primary text-token-text-primary h-8 w-8\"><\/div>\n<\/div>\n<\/div>\n<\/div>\n<\/div>\n<div class=\"group\/conversation-turn relative flex w-full min-w-0 flex-col agent-turn\">\n<div class=\"flex-col gap-1 md:gap-3\">\n<div class=\"flex max-w-full flex-col flex-grow\">\n<div class=\"min-h-8 text-message flex w-full flex-col items-end gap-2 whitespace-normal break-words text-start [.text-message+&amp;]:mt-5\" dir=\"auto\" data-message-author-role=\"assistant\" data-message-id=\"e7396000-fd51-45c8-9c49-3ea625741969\" data-message-model-slug=\"gpt-4o\">\n<div class=\"flex w-full flex-col gap-1 empty:hidden first:pt-[3px]\">\n<div class=\"markdown prose w-full break-words dark:prose-invert dark\">\n<p>El <strong>Audix D6 Kick Drum Microphone<\/strong> est\u00e0 dissenyat per capturar instruments de baixes freq\u00fc\u00e8ncies amb precisi\u00f3. La seva <strong>c\u00e0psula din\u00e0mica<\/strong> i el seu <strong>patr\u00f3 polar cardioide<\/strong> garanteixen un so enfocat mentre minimitzen la interfer\u00e8ncia d&#8217;altres instruments. Optimitzat per a bombos, compta amb una resposta de freq\u00fc\u00e8ncia de <strong>30 Hz a 15 kHz<\/strong>, oferint greus profunds i un atac n\u00edtid.<\/p>\n<p>La carcassa d&#8217;alumini lleugera \u00e9s resistent, cosa que el fa ideal tant per a actuacions en directe com per a estudis de gravaci\u00f3. Amb una capacitat de gesti\u00f3 d&#8217;SPL alta de <strong>144 dB<\/strong>, el D6 pot captar la pot\u00e8ncia d&#8217;actuacions intenses sense distorsi\u00f3. Si necessites una opci\u00f3 fiable per a un esdeveniment o una gravaci\u00f3, considera l&#8217;<strong>lloguer d&#8217;instruments<\/strong> per accedir a micr\u00f2fons professionals. Tamb\u00e9 pots <strong>llogar un micr\u00f2fon per a bateria<\/strong> per completar el teu equip.<\/p>\n<\/div>\n<\/div>\n<\/div>\n<\/div>\n<\/div>\n<\/div>\n<\/div>\n<\/div>\n<\/div>\n<\/div>\n<div id=\"gtx-trans\" style=\"position: absolute; left: -193px; top: 23.4688px;\">\n<div class=\"gtx-trans-icon\"><\/div>\n<\/div>\n","protected":false},"excerpt":{"rendered":"<div class=\"flex-shrink-0 flex flex-col relative items-end\">\n<div>\n<div class=\"pt-0\">\n<div class=\"gizmo-bot-avatar flex h-8 w-8 items-center justify-center overflow-hidden rounded-full\">\n<div class=\"relative p-1 rounded-sm flex items-center justify-center bg-token-main-surface-primary text-token-text-primary h-8 w-8\">El <strong>Audix D6 Kick Drum Microphone<\/strong> est\u00e0 dissenyat per capturar instruments de baixes freq\u00fc\u00e8ncies amb precisi\u00f3. La seva <strong>c\u00e0psula din\u00e0mica<\/strong> i el seu <strong>patr\u00f3 polar cardioide<\/strong> garanteixen un so enfocat mentre minimitzen la interfer\u00e8ncia d&#8217;altres instruments.<\/div>\n<\/div>\n<\/div>\n<\/div>\n<\/div>\n","protected":false},"featured_media":19134,"comment_status":"open","ping_status":"closed","template":"","meta":{"_acf_changed":false,"content-type":""},"product_brand":[],"product_cat":[161,989,330,340],"product_tag":[1152,551,458,544,540,542,538,1153,562,561,462,590,464,490,592,558,918,466,467,470,474,471,476],"class_list":{"0":"post-19136","1":"product","2":"type-product","3":"status-publish","4":"has-post-thumbnail","6":"product_cat-bateries-i-percussions","7":"product_cat-microfons-per-a-bateria","8":"product_cat-estudi","9":"product_cat-microfons","10":"product_tag-audix-ca","11":"product_tag-bateria","12":"product_tag-bateries","13":"product_tag-bateries-barcelona","14":"product_tag-bateries-de-lloguer","15":"product_tag-bateries-es","16":"product_tag-bateries-espanya","17":"product_tag-d6-ca","18":"product_tag-instruments-de-contractacio","19":"product_tag-lloguer-dinstruments-ca","20":"product_tag-lloguer-dinstruments","21":"product_tag-lloguer-dinstruments-ca-2","22":"product_tag-lloguer-dinstruments-barcelona","23":"product_tag-lloguer-dinstruments-barcelona-ca","24":"product_tag-lloguer-dinstruments-espanya-ca","25":"product_tag-lloguer-dinstruments-espanya","26":"product_tag-pearl-ca","27":"product_tag-percussio","28":"product_tag-percussions-ca","29":"product_tag-percussions-barcelona-ca","30":"product_tag-percussions-de-lloguer","31":"product_tag-percussions-es-ca","32":"product_tag-percussions-espanya","34":"first","35":"instock","36":"featured","37":"sold-individually","38":"shipping-taxable","39":"purchasable","40":"product-type-booking"},"booking_location":"","booking_location_type":"","booking_duration":1,"booking_duration_unit":"day","booking_buffer":0,"booking_cost":0,"booking_resources":[],"exclude_global_add_ons":false,"addons":[{"name":"Deposit","type":"checkbox","position":0,"required":false,"title_format":"label","default":"","description_enable":false,"description":"","placeholder_enable":false,"placeholder":"","display":"select","restrictions_type":"any_text","adjust_price":false,"price":"","price_type":"flat_fee","restrictions":false,"min":"0","max":"0","options":[{"label":"Deposit","price":"150","price_type":"flat_fee","image":0,"visibility":true}]},{"name":"Totes les Bateries ","type":"checkbox","position":0,"required":false,"title_format":"label","default":"","description_enable":false,"description":"","placeholder_enable":false,"placeholder":"","display":"select","restrictions_type":"any_text","adjust_price":false,"price":"","price_type":"flat_fee","restrictions":false,"min":"0","max":"0","options":[{"label":"Baquetes","price":"6.00","price_type":"quantity_based","image":0,"visibility":true},{"label":"Set de Plats","price":"48.00","price_type":"quantity_based","image":0,"visibility":true}]}],"acf":{"set_to_be_sold":false,"sale_description":"","sale_price":""},"_links":{"self":[{"href":"https:\/\/shinemusicrental.com\/ca\/wp-json\/wp\/v2\/product\/19136","targetHints":{"allow":["GET"]}}],"collection":[{"href":"https:\/\/shinemusicrental.com\/ca\/wp-json\/wp\/v2\/product"}],"about":[{"href":"https:\/\/shinemusicrental.com\/ca\/wp-json\/wp\/v2\/types\/product"}],"replies":[{"embeddable":true,"href":"https:\/\/shinemusicrental.com\/ca\/wp-json\/wp\/v2\/comments?post=19136"}],"wp:featuredmedia":[{"embeddable":true,"href":"https:\/\/shinemusicrental.com\/ca\/wp-json\/wp\/v2\/media\/19134"}],"wp:attachment":[{"href":"https:\/\/shinemusicrental.com\/ca\/wp-json\/wp\/v2\/media?parent=19136"}],"wp:term":[{"taxonomy":"product_brand","embeddable":true,"href":"https:\/\/shinemusicrental.com\/ca\/wp-json\/wp\/v2\/product_brand?post=19136"},{"taxonomy":"product_cat","embeddable":true,"href":"https:\/\/shinemusicrental.com\/ca\/wp-json\/wp\/v2\/product_cat?post=19136"},{"taxonomy":"product_tag","embeddable":true,"href":"https:\/\/shinemusicrental.com\/ca\/wp-json\/wp\/v2\/product_tag?post=19136"}],"curies":[{"name":"wp","href":"https:\/\/api.w.org\/{rel}","templated":true}]}}