{"id":1909,"date":"2022-10-28T11:15:24","date_gmt":"2022-10-28T09:15:24","guid":{"rendered":"http:\/\/www.shinemusicrental.com\/product\/admira-sara-guitarra-espanyola-electrificada\/"},"modified":"2024-04-09T17:03:39","modified_gmt":"2024-04-09T15:03:39","slug":"admira-sara-guitarra-espanyola-electrificada","status":"publish","type":"product","link":"https:\/\/shinemusicrental.com\/ca\/product\/admira-sara-guitarra-espanyola-electrificada\/","title":{"rendered":"Admira Sara Guitarra Espanyola Electrificada"},"content":{"rendered":"<p>La guitarra espanyola electrificada Admira Sara \u00e9s un instrument excepcional de gran qualitat, que t\u00e9 un to ric i una capacitat d&#8217;interpretaci\u00f3 excepcional. Consta d&#8217;una tapa de cedre mass\u00eds, juntament amb fons i c\u00e8rcols de palissandre, creant un so c\u00e0lid i ben proporcionat que \u00e9s molt adequat per als g\u00e8neres de m\u00fasica cl\u00e0ssica i flamenca.<\/p>\n<p>Amb el disseny de tall, els int\u00e8rprets de l&#8217;Admira Sara poden accedir f\u00e0cilment a trasts m\u00e9s alts que permeten una interpretaci\u00f3 m\u00e9s intrincada, i el sistema de preamplificador Fishman Presys II atorga als m\u00fasics capacitats d&#8217;amplificaci\u00f3 i control de to.<\/p>\n<p>Aquesta guitarra \u00e9s l&#8217;elecci\u00f3 perfecta per a int\u00e8rprets intermedis a avan\u00e7ats, cosa que la converteix en una opci\u00f3 impecable per a actuacions en viu o sessions d&#8217;enregistrament. A m\u00e9s, tamb\u00e9 est\u00e0 disponible per a lloguer d&#8217;instruments, cosa que \u00e9s una oportunitat perfecta per a persones que no estan segures de fer una compra permanent.<\/p>\n<p>Tocar l\u00b4Admira Sara es pot comparar amb l\u00b4acci\u00f3 de pintar amb un pinzell: cada nota \u00e9s com una pinzellada en un llen\u00e7, creant una bella obra mestra musical visual. Ja sigui que siguis un int\u00e8rpret experimentat o que estiguis comen\u00e7ant el teu cam\u00ed musical, l&#8217;Admira Sara segurament deixar\u00e0 una impressi\u00f3 indeleble.<\/p>\n<div id=\"gtx-trans\" style=\"position: absolute; left: -67px; top: -0.666666px;\">\n<div class=\"gtx-trans-icon\"><\/div>\n<\/div>\n","protected":false},"excerpt":{"rendered":"<p><strong>Dip\u00f2sit: \u20ac50<\/strong><\/p>\n<div id=\"gtx-trans\" style=\"position: absolute; left: 59px; top: 38.3333px;\">\n<div class=\"gtx-trans-icon\"><\/div>\n<\/div>\n","protected":false},"featured_media":1906,"comment_status":"open","ping_status":"closed","template":"","meta":{"_acf_changed":false,"content-type":""},"product_brand":[],"product_cat":[176,192,206],"product_tag":[568,570,572,564,460,566,562,561,462,590,464,490,592,558],"class_list":{"0":"post-1909","1":"product","2":"type-product","3":"status-publish","4":"has-post-thumbnail","6":"product_cat-guitarres-i-baixos","7":"product_cat-guitarres-classiques","8":"product_cat-guitarres-espanyoles","9":"product_tag-guitarra-ca","10":"product_tag-guitarra-barcelona-ca","11":"product_tag-guitarra-de-lloguer","12":"product_tag-guitarra-espanya","13":"product_tag-guitarres","14":"product_tag-guitarres-espanya","15":"product_tag-instruments-de-contractacio","16":"product_tag-lloguer-dinstruments-ca","17":"product_tag-lloguer-dinstruments","18":"product_tag-lloguer-dinstruments-ca-2","19":"product_tag-lloguer-dinstruments-barcelona","20":"product_tag-lloguer-dinstruments-barcelona-ca","21":"product_tag-lloguer-dinstruments-espanya-ca","22":"product_tag-lloguer-dinstruments-espanya","24":"first","25":"instock","26":"sold-individually","27":"shipping-taxable","28":"purchasable","29":"product-type-booking"},"booking_location":"","booking_location_type":"","booking_duration":1,"booking_duration_unit":"day","booking_buffer":0,"booking_cost":0,"booking_resources":[],"exclude_global_add_ons":false,"addons":[{"name":"Dip\u00f2sit","type":"checkbox","position":0,"required":false,"title_format":"hide","default":"","description_enable":false,"description":"","placeholder_enable":false,"placeholder":"","display":"select","restrictions_type":"any_text","adjust_price":false,"price":"","price_type":"flat_fee","restrictions":false,"min":"0","max":"0","options":[{"label":"Dip\u00f2sit","price":"50","price_type":"flat_fee","image":0,"visibility":true}]},{"name":"Guitarres Cl\u00e0ssiques","type":"checkbox","position":0,"required":false,"title_format":"label","default":"","description_enable":false,"description":"","placeholder_enable":false,"placeholder":"","display":"select","restrictions_type":"any_text","adjust_price":false,"price":"","price_type":"flat_fee","restrictions":false,"min":"0","max":"0","options":[{"label":"Afinador","price":"5.00","price_type":"quantity_based","image":0,"visibility":true},{"label":"Recolzapeus per a Guitarra de Qualitat","price":"9.00","price_type":"quantity_based","image":0,"visibility":true},{"label":"Recolzapeus per a Guitarra Est\u00e0ndard","price":"5.00","price_type":"quantity_based","image":0,"visibility":true},{"label":"Faristol de Qualitat","price":"9.00","price_type":"quantity_based","image":0,"visibility":true},{"label":"Faristol","price":"5.00","price_type":"quantity_based","image":0,"visibility":true},{"label":"Capo - Guitarra Cl\u00e0ssica","price":"5.00","price_type":"quantity_based","image":0,"visibility":true},{"label":"Pua de Qualitat","price":"2.00","price_type":"quantity_based","image":0,"visibility":true},{"label":"Pua Est\u00e0ndard","price":"1.00","price_type":"quantity_based","image":0,"visibility":true}]}],"acf":{"set_to_be_sold":false,"sale_description":"","sale_price":""},"_links":{"self":[{"href":"https:\/\/shinemusicrental.com\/ca\/wp-json\/wp\/v2\/product\/1909","targetHints":{"allow":["GET"]}}],"collection":[{"href":"https:\/\/shinemusicrental.com\/ca\/wp-json\/wp\/v2\/product"}],"about":[{"href":"https:\/\/shinemusicrental.com\/ca\/wp-json\/wp\/v2\/types\/product"}],"replies":[{"embeddable":true,"href":"https:\/\/shinemusicrental.com\/ca\/wp-json\/wp\/v2\/comments?post=1909"}],"wp:featuredmedia":[{"embeddable":true,"href":"https:\/\/shinemusicrental.com\/ca\/wp-json\/wp\/v2\/media\/1906"}],"wp:attachment":[{"href":"https:\/\/shinemusicrental.com\/ca\/wp-json\/wp\/v2\/media?parent=1909"}],"wp:term":[{"taxonomy":"product_brand","embeddable":true,"href":"https:\/\/shinemusicrental.com\/ca\/wp-json\/wp\/v2\/product_brand?post=1909"},{"taxonomy":"product_cat","embeddable":true,"href":"https:\/\/shinemusicrental.com\/ca\/wp-json\/wp\/v2\/product_cat?post=1909"},{"taxonomy":"product_tag","embeddable":true,"href":"https:\/\/shinemusicrental.com\/ca\/wp-json\/wp\/v2\/product_tag?post=1909"}],"curies":[{"name":"wp","href":"https:\/\/api.w.org\/{rel}","templated":true}]}}