{"id":19020,"date":"2025-01-02T14:11:41","date_gmt":"2025-01-02T13:11:42","guid":{"rendered":"https:\/\/shinemusicrental.com\/?post_type=product&#038;p=19020"},"modified":"2025-01-02T14:17:45","modified_gmt":"2025-01-02T13:17:45","slug":"taylor-collins-sa-1-saxofon-alto","status":"publish","type":"product","link":"https:\/\/shinemusicrental.com\/ca\/product\/taylor-collins-sa-1-saxofon-alto\/","title":{"rendered":"Taylor Collins SA-1 Saxofon Alto"},"content":{"rendered":"<p>El Saxofon Alt Taylor Collins SA-1\u00a0 \u00e9s una opci\u00f3 fiable per a estudiants i m\u00fasics intermedis. Fabricat amb un cos de llaut\u00f3 i acabat lacat, ofereix un to c\u00e0lid i ressonant, adequat per a diversos estils musicals. El disseny inclou tecles de precisi\u00f3 que garanteixen una entonaci\u00f3 precisa i una execuci\u00f3 suau, millorant l&#8217;experi\u00e8ncia d&#8217;interpretaci\u00f3. La disposici\u00f3 ergon\u00f2mica de les tecles assegura un maneig c\u00f2mode durant sessions perllongades.<\/p>\n<p>El SA-1 ve equipat amb un filtre est\u00e0ndard, abra\u00e7adora i corretja per al coll, el que el converteix en un instrument llest per tocar. La construcci\u00f3 robusta assegura durabilitat per a un \u00fas regular, ja sigui en pr\u00e0ctiques o presentacions. Ideal per a assaigs o concerts, est\u00e0 disponible mitjan\u00e7ant serveis de lloguer d&#8217;instruments, oferint una soluci\u00f3 pr\u00e0ctica per als m\u00fasics. Considereu aquest model fiable si necessita llogar un saxofon.<\/p>\n<div id=\"gtx-trans\" style=\"position: absolute; left: -91px; top: -0.53125px;\">\n<div class=\"gtx-trans-icon\"><\/div>\n<\/div>\n","protected":false},"excerpt":{"rendered":"<p>El Saxofon Alt Taylor Collins SA-1\u00a0 \u00e9s una opci\u00f3 fiable per a estudiants i m\u00fasics intermedis. Fabricat amb un cos de llaut\u00f3 i acabat lacat, ofereix un to c\u00e0lid i ressonant, adequat per a diversos estils musicals.<\/p>\n<div id=\"gtx-trans\" style=\"position: absolute; left: -643px; top: -10.5156px;\">\n<div class=\"gtx-trans-icon\"><\/div>\n<\/div>\n","protected":false},"featured_media":19023,"comment_status":"open","ping_status":"closed","template":"","meta":{"_acf_changed":false,"content-type":""},"product_brand":[],"product_cat":[352,367],"product_tag":[516,562,518,520,524,522,526,462,590,561,464,490,592,558,733,589,859,861],"class_list":{"0":"post-19020","1":"product","2":"type-product","3":"status-publish","4":"has-post-thumbnail","6":"product_cat-instruments-de-vent","7":"product_cat-saxofons","8":"product_tag-instrument-de-vent","9":"product_tag-instruments-de-contractacio","10":"product_tag-instruments-de-vent","11":"product_tag-instruments-de-vent-barcelona","12":"product_tag-instruments-de-vent-de-lloguer","13":"product_tag-instruments-de-vent-es","14":"product_tag-instruments-de-vent-espanya","15":"product_tag-lloguer-dinstruments","16":"product_tag-lloguer-dinstruments-ca-2","17":"product_tag-lloguer-dinstruments-ca","18":"product_tag-lloguer-dinstruments-barcelona","19":"product_tag-lloguer-dinstruments-barcelona-ca","20":"product_tag-lloguer-dinstruments-espanya-ca","21":"product_tag-lloguer-dinstruments-espanya","22":"product_tag-saxo-alto-ca","23":"product_tag-saxofon-ca-2","24":"product_tag-saxofon-alt","25":"product_tag-saxofon-de-lloguer","27":"first","28":"instock","29":"featured","30":"sold-individually","31":"shipping-taxable","32":"purchasable","33":"product-type-booking"},"booking_location":"","booking_location_type":"","booking_duration":1,"booking_duration_unit":"day","booking_buffer":0,"booking_cost":0,"booking_resources":[],"exclude_global_add_ons":false,"addons":[{"name":"Deposit","type":"checkbox","position":0,"required":true,"title_format":"hide","default":"","description_enable":false,"description":"","placeholder_enable":false,"placeholder":"","display":"select","restrictions_type":"any_text","adjust_price":false,"price":"","price_type":"flat_fee","restrictions":false,"min":"0","max":"0","options":[{"label":"Deposit","price":"450","price_type":"flat_fee","image":0,"visibility":true}]},{"name":"INSTRUMENTS DE VENT (tots)","type":"checkbox","position":0,"required":false,"title_format":"label","default":"","description_enable":false,"description":"","placeholder_enable":false,"placeholder":"","display":"select","restrictions_type":"any_text","adjust_price":false,"price":"","price_type":"flat_fee","restrictions":false,"min":"0","max":"0","options":[{"label":"Lleng\u00fceta","price":"5.00","price_type":"quantity_based","image":0,"visibility":true},{"label":"Faristol","price":"5.00","price_type":"flat_fee","image":0,"visibility":true},{"label":"Faristol de Qualitat","price":"9.00","price_type":"flat_fee","image":0,"visibility":true}]}],"acf":{"set_to_be_sold":false,"sale_description":"","sale_price":""},"_links":{"self":[{"href":"https:\/\/shinemusicrental.com\/ca\/wp-json\/wp\/v2\/product\/19020","targetHints":{"allow":["GET"]}}],"collection":[{"href":"https:\/\/shinemusicrental.com\/ca\/wp-json\/wp\/v2\/product"}],"about":[{"href":"https:\/\/shinemusicrental.com\/ca\/wp-json\/wp\/v2\/types\/product"}],"replies":[{"embeddable":true,"href":"https:\/\/shinemusicrental.com\/ca\/wp-json\/wp\/v2\/comments?post=19020"}],"wp:featuredmedia":[{"embeddable":true,"href":"https:\/\/shinemusicrental.com\/ca\/wp-json\/wp\/v2\/media\/19023"}],"wp:attachment":[{"href":"https:\/\/shinemusicrental.com\/ca\/wp-json\/wp\/v2\/media?parent=19020"}],"wp:term":[{"taxonomy":"product_brand","embeddable":true,"href":"https:\/\/shinemusicrental.com\/ca\/wp-json\/wp\/v2\/product_brand?post=19020"},{"taxonomy":"product_cat","embeddable":true,"href":"https:\/\/shinemusicrental.com\/ca\/wp-json\/wp\/v2\/product_cat?post=19020"},{"taxonomy":"product_tag","embeddable":true,"href":"https:\/\/shinemusicrental.com\/ca\/wp-json\/wp\/v2\/product_tag?post=19020"}],"curies":[{"name":"wp","href":"https:\/\/api.w.org\/{rel}","templated":true}]}}