{"id":1897,"date":"2022-10-28T11:06:36","date_gmt":"2022-10-28T09:06:36","guid":{"rendered":"http:\/\/www.shinemusicrental.com\/product\/cello-soundsation-virtuoso-student-vsce-44-414\/"},"modified":"2023-03-21T12:39:33","modified_gmt":"2023-03-21T11:39:33","slug":"cello-soundsation-virtuoso-student-vsce-44-414","status":"publish","type":"product","link":"https:\/\/shinemusicrental.com\/ca\/product\/cello-soundsation-virtuoso-student-vsce-44-414\/","title":{"rendered":"Violoncel Soundsation Virtuoso Student VSCE-44 414"},"content":{"rendered":"<p>El Cello Soundsation Virtuoso Student VSCE-44 414 \u00e9s una gran opci\u00f3 per a aquells que busquen llogar un violoncel. Amb la seva tapa de fusta d&#8217;avet mass\u00eds tallada a m\u00e0 i la seva part posterior i laterals d&#8217;aur\u00f3, ofereix un so c\u00e0lid i ressonant. El seu diapas\u00f3 i clavilles de ban\u00fas proporcionen una excel\u00b7lent durabilitat i precisi\u00f3 en l&#8217;afinaci\u00f3. El cordal inclou quatre afinadors fins per a ajustaments f\u00e0cils i precisos. El violoncel tamb\u00e9 ve amb un arc i una funda tova per a un transport convenient. L&#8217;artesania i l&#8217;atenci\u00f3 als detalls en la construcci\u00f3 d&#8217;aquest violoncel asseguren que sigui una opci\u00f3 fiable i durable per a principiants i int\u00e8rprets intermedis. En general, el Cello Soundsation Virtuoso Student VSCE-44 414 \u00e9s una excel\u00b7lent opci\u00f3 per a aquells que busquen un violoncel de lloguer d&#8217;alta qualitat.<\/p>\n<div id=\"gtx-trans\" style=\"position: absolute; left: 587px; top: 73.4688px;\">\n<div class=\"gtx-trans-icon\"><\/div>\n<\/div>\n","protected":false},"excerpt":{"rendered":"<p><strong>Dip\u00f2sit: \u20ac150<\/strong><\/p>\n<div id=\"gtx-trans\" style=\"position: absolute; left: -40px; top: 38.3333px;\">\n<div class=\"gtx-trans-icon\"><\/div>\n<\/div>\n","protected":false},"featured_media":1893,"comment_status":"open","ping_status":"closed","template":"","meta":{"_acf_changed":false,"content-type":""},"product_brand":[],"product_cat":[318,319],"product_tag":[713,562,492,494,496,500,498,502,462,590,561,464,490,592,558,711],"class_list":{"0":"post-1897","1":"product","2":"type-product","3":"status-publish","4":"has-post-thumbnail","6":"product_cat-instruments-de-corda","7":"product_cat-violoncels-ca","8":"product_tag-chelo-de-lloguer","9":"product_tag-instruments-de-contractacio","10":"product_tag-instruments-de-corda","11":"product_tag-instruments-de-corda-ca","12":"product_tag-instruments-de-corda-barcelona","13":"product_tag-instruments-de-corda-de-lloguer","14":"product_tag-instruments-de-corda-es","15":"product_tag-instruments-de-corda-espanya","16":"product_tag-lloguer-dinstruments","17":"product_tag-lloguer-dinstruments-ca-2","18":"product_tag-lloguer-dinstruments-ca","19":"product_tag-lloguer-dinstruments-barcelona","20":"product_tag-lloguer-dinstruments-barcelona-ca","21":"product_tag-lloguer-dinstruments-espanya-ca","22":"product_tag-lloguer-dinstruments-espanya","23":"product_tag-violoncel","25":"first","26":"instock","27":"sold-individually","28":"shipping-taxable","29":"purchasable","30":"product-type-booking"},"booking_location":"","booking_location_type":"","booking_duration":1,"booking_duration_unit":"day","booking_buffer":0,"booking_cost":0,"booking_resources":[],"exclude_global_add_ons":false,"addons":[{"name":"Dip\u00f2sit","type":"checkbox","position":0,"required":false,"title_format":"hide","default":"","description_enable":false,"description":"","placeholder_enable":false,"placeholder":"","display":"select","restrictions_type":"any_text","adjust_price":false,"price":"","price_type":"flat_fee","restrictions":false,"min":"0","max":"0","options":[{"label":"Dip\u00f2sit","price":"150","price_type":"flat_fee","image":0,"visibility":true}]},{"name":"CHELO","type":"checkbox","position":0,"required":false,"title_format":"label","default":"","description_enable":false,"description":"","placeholder_enable":false,"placeholder":"","display":"select","restrictions_type":"any_text","adjust_price":false,"price":"","price_type":"flat_fee","restrictions":false,"min":"0","max":"0","options":[{"label":"Corretja Antilliscant","price":"5.00","price_type":"quantity_based","image":0,"visibility":true},{"label":"Faristoll","price":"5.00","price_type":"quantity_based","image":0,"visibility":true},{"label":"Faristol de Qualitat","price":"9.00","price_type":"quantity_based","image":0,"visibility":true},{"label":"Suport de Chelo","price":"10.00","price_type":"quantity_based","image":0,"visibility":true}]}],"acf":{"set_to_be_sold":false,"sale_description":"","sale_price":""},"_links":{"self":[{"href":"https:\/\/shinemusicrental.com\/ca\/wp-json\/wp\/v2\/product\/1897","targetHints":{"allow":["GET"]}}],"collection":[{"href":"https:\/\/shinemusicrental.com\/ca\/wp-json\/wp\/v2\/product"}],"about":[{"href":"https:\/\/shinemusicrental.com\/ca\/wp-json\/wp\/v2\/types\/product"}],"replies":[{"embeddable":true,"href":"https:\/\/shinemusicrental.com\/ca\/wp-json\/wp\/v2\/comments?post=1897"}],"wp:featuredmedia":[{"embeddable":true,"href":"https:\/\/shinemusicrental.com\/ca\/wp-json\/wp\/v2\/media\/1893"}],"wp:attachment":[{"href":"https:\/\/shinemusicrental.com\/ca\/wp-json\/wp\/v2\/media?parent=1897"}],"wp:term":[{"taxonomy":"product_brand","embeddable":true,"href":"https:\/\/shinemusicrental.com\/ca\/wp-json\/wp\/v2\/product_brand?post=1897"},{"taxonomy":"product_cat","embeddable":true,"href":"https:\/\/shinemusicrental.com\/ca\/wp-json\/wp\/v2\/product_cat?post=1897"},{"taxonomy":"product_tag","embeddable":true,"href":"https:\/\/shinemusicrental.com\/ca\/wp-json\/wp\/v2\/product_tag?post=1897"}],"curies":[{"name":"wp","href":"https:\/\/api.w.org\/{rel}","templated":true}]}}