{"id":18810,"date":"2024-12-03T13:54:58","date_gmt":"2024-12-03T12:54:58","guid":{"rendered":"https:\/\/shinemusicrental.com\/?post_type=product&#038;p=18810"},"modified":"2024-12-03T14:36:55","modified_gmt":"2024-12-03T13:36:55","slug":"fender-player-series-jazz-baix-electric","status":"publish","type":"product","link":"https:\/\/shinemusicrental.com\/ca\/product\/fender-player-series-jazz-baix-electric\/","title":{"rendered":"Fender Player Series Jazz Baix El\u00e8ctric"},"content":{"rendered":"<p>El baix Jazz Bass de la s\u00e8rie Fender Player \u00e9s conegut pel seu to equilibrat i la seva facilitat d&#8217;execuci\u00f3, cosa que el converteix en una opci\u00f3 vers\u00e0til per a diversos estils musicals. Compte amb un parell de pastilles de bobina simple Alnico 5 de la s\u00e8rie Player, que ofereixen un so cl\u00e0ssic i potent amb una resposta clara en els rangs mitjans i baixos. El pal d&#8217;aur\u00f3 modern en forma de &#8220;C&#8221; i el diapas\u00f3 de r\u00e0dio de 9,5 polzades brinden un maneig c\u00f2mode i un trastejat prec\u00eds, ideal per a presentacions prolongades. El seu pont est\u00e0ndard de 4 butlletes garanteix una entonaci\u00f3 i un sustain s\u00f2lids. L&#8217;escala de 34 polzades ofereix una sensaci\u00f3 i una tensi\u00f3 familiars, cosa que el converteix en una opci\u00f3 fiable tant per a baixistes experimentats com emergents. Ja sigui mitjan\u00e7ant el lloguer d&#8217;instruments o per aquells que necessiten llogar un baix, el baix Jazz Bass de Fender satisf\u00e0 les necessitats d&#8217;interpretaci\u00f3 i enregistrament amb consist\u00e8ncia professional.<\/p>\n","protected":false},"excerpt":{"rendered":"<p>El baix Jazz Bass de la s\u00e8rie Fender Player \u00e9s conegut pel seu to equilibrat i la seva facilitat d&#8217;execuci\u00f3, cosa que el converteix en una opci\u00f3 vers\u00e0til per a diversos estils musicals. Compte amb un parell de pastilles de bobina simple Alnico 5 de la s\u00e8rie Player, que ofereixen un so cl\u00e0ssic i potent amb una resposta clara en els rangs mitjans i baixos.<\/p>\n<div id=\"gtx-trans\" style=\"position: absolute; left: -63px; top: -10.5156px;\">\n<div class=\"gtx-trans-icon\"><\/div>\n<\/div>\n","protected":false},"featured_media":18943,"comment_status":"open","ping_status":"closed","template":"","meta":{"_acf_changed":false,"content-type":""},"product_brand":[],"product_cat":[176,186],"product_tag":[528,532,454,456,530,562,462,561,590,464,592,558,633],"class_list":{"0":"post-18810","1":"product","2":"type-product","3":"status-publish","4":"has-post-thumbnail","6":"product_cat-guitarres-i-baixos","7":"product_cat-baixos-electrics","8":"product_tag-baixos-barcelona","9":"product_tag-baixos-de-lloguer","10":"product_tag-baixos-electrics","11":"product_tag-baixos-electrics-es","12":"product_tag-baixos-espanya","13":"product_tag-instruments-de-contractacio","14":"product_tag-lloguer-dinstruments","15":"product_tag-lloguer-dinstruments-ca","16":"product_tag-lloguer-dinstruments-ca-2","17":"product_tag-lloguer-dinstruments-barcelona","18":"product_tag-lloguer-dinstruments-espanya-ca","19":"product_tag-lloguer-dinstruments-espanya","20":"product_tag-renting-instruments-barcelona-share-ca","22":"first","23":"instock","24":"featured","25":"sold-individually","26":"shipping-taxable","27":"purchasable","28":"product-type-booking"},"booking_location":"","booking_location_type":"","booking_duration":1,"booking_duration_unit":"day","booking_buffer":0,"booking_cost":0,"booking_resources":[],"exclude_global_add_ons":false,"addons":[{"name":"Deposit","type":"checkbox","position":0,"required":true,"title_format":"hide","default":"","description_enable":false,"description":"","placeholder_enable":false,"placeholder":"","display":"select","restrictions_type":"any_text","adjust_price":false,"price":"","price_type":"flat_fee","restrictions":false,"min":"0","max":"0","options":[{"label":"Deposit","price":"450","price_type":"flat_fee","image":0,"visibility":true}]}],"acf":{"set_to_be_sold":false,"sale_description":"","sale_price":""},"_links":{"self":[{"href":"https:\/\/shinemusicrental.com\/ca\/wp-json\/wp\/v2\/product\/18810","targetHints":{"allow":["GET"]}}],"collection":[{"href":"https:\/\/shinemusicrental.com\/ca\/wp-json\/wp\/v2\/product"}],"about":[{"href":"https:\/\/shinemusicrental.com\/ca\/wp-json\/wp\/v2\/types\/product"}],"replies":[{"embeddable":true,"href":"https:\/\/shinemusicrental.com\/ca\/wp-json\/wp\/v2\/comments?post=18810"}],"wp:featuredmedia":[{"embeddable":true,"href":"https:\/\/shinemusicrental.com\/ca\/wp-json\/wp\/v2\/media\/18943"}],"wp:attachment":[{"href":"https:\/\/shinemusicrental.com\/ca\/wp-json\/wp\/v2\/media?parent=18810"}],"wp:term":[{"taxonomy":"product_brand","embeddable":true,"href":"https:\/\/shinemusicrental.com\/ca\/wp-json\/wp\/v2\/product_brand?post=18810"},{"taxonomy":"product_cat","embeddable":true,"href":"https:\/\/shinemusicrental.com\/ca\/wp-json\/wp\/v2\/product_cat?post=18810"},{"taxonomy":"product_tag","embeddable":true,"href":"https:\/\/shinemusicrental.com\/ca\/wp-json\/wp\/v2\/product_tag?post=18810"}],"curies":[{"name":"wp","href":"https:\/\/api.w.org\/{rel}","templated":true}]}}