{"id":18780,"date":"2024-11-29T17:46:22","date_gmt":"2024-11-29T16:46:23","guid":{"rendered":"https:\/\/shinemusicrental.com\/?post_type=product&#038;p=18780"},"modified":"2024-12-03T13:48:08","modified_gmt":"2024-12-03T12:48:08","slug":"epiphone-j-200-ec-studio-black-guitarra-acustica","status":"publish","type":"product","link":"https:\/\/shinemusicrental.com\/ca\/product\/epiphone-j-200-ec-studio-black-guitarra-acustica\/","title":{"rendered":"Epiphone J-200 EC Studio Black Guitarra Ac\u00fastica"},"content":{"rendered":"<p>La guitarra ac\u00fastica Epiphone J-200 EC Studio Black ofereix un so ric i amb cos amb un atractiu visual distintiu. Amb una tapa d&#8217;avet mass\u00eds combinada amb fons i c\u00e8rcols d&#8217;aur\u00f3 selectes, aquesta guitarra garanteix una excel\u00b7lent projecci\u00f3 i claredat tonal. El seu pal de perfil a D SlimTaper i el seu diapas\u00f3 de Pau Ferro ofereixen una execuci\u00f3 suau, ideal tant per esquin\u00e7ar com per tocar amb els dits. El sistema electr\u00f2nic Fishman Sonitone incorporat proporciona una amplificaci\u00f3 fiable per a presentacions en viu, amb controls ubicats discretament per a un f\u00e0cil acc\u00e9s. Ja sigui que estigui gravant o tocant en viu, aquesta guitarra s&#8217;adapta a la perfecci\u00f3. Considereu el lloguer d&#8217;instruments per tenir acc\u00e9s a curt termini a instruments premium o llogueu una guitarra ac\u00fastica per a projectes espec\u00edfics. El cos jumbo i el disseny amb tall de la J-200 EC Studio combinen estil, comoditat i so potent en un sol paquet.<\/p>\n","protected":false},"excerpt":{"rendered":"<p>La guitarra ac\u00fastica Epiphone J-200 EC Studio Black ofereix un so ric i amb cos amb un atractiu visual distintiu. Amb una tapa d&#8217;avet mass\u00eds combinada amb fons i c\u00e8rcols d&#8217;aur\u00f3 selectes, aquesta guitarra garanteix una excel\u00b7lent projecci\u00f3 i claredat tonal.<\/p>\n","protected":false},"featured_media":18783,"comment_status":"open","ping_status":"closed","template":"","meta":{"_acf_changed":false,"content-type":""},"product_brand":[],"product_cat":[176,180],"product_tag":[607,568,570,572,564,460,566,562,561,462,590,464,490,592,558],"class_list":{"0":"post-18780","1":"product","2":"type-product","3":"status-publish","4":"has-post-thumbnail","6":"product_cat-guitarres-i-baixos","7":"product_cat-guitarres-acustiques","8":"product_tag-electroacustica","9":"product_tag-guitarra-ca","10":"product_tag-guitarra-barcelona-ca","11":"product_tag-guitarra-de-lloguer","12":"product_tag-guitarra-espanya","13":"product_tag-guitarres","14":"product_tag-guitarres-espanya","15":"product_tag-instruments-de-contractacio","16":"product_tag-lloguer-dinstruments-ca","17":"product_tag-lloguer-dinstruments","18":"product_tag-lloguer-dinstruments-ca-2","19":"product_tag-lloguer-dinstruments-barcelona","20":"product_tag-lloguer-dinstruments-barcelona-ca","21":"product_tag-lloguer-dinstruments-espanya-ca","22":"product_tag-lloguer-dinstruments-espanya","24":"first","25":"instock","26":"featured","27":"sold-individually","28":"shipping-taxable","29":"purchasable","30":"product-type-booking"},"booking_location":"","booking_location_type":"","booking_duration":1,"booking_duration_unit":"day","booking_buffer":0,"booking_cost":0,"booking_resources":[],"exclude_global_add_ons":false,"addons":[{"name":"Deposit","type":"checkbox","position":0,"required":true,"title_format":"hide","default":"","description_enable":false,"description":"","placeholder_enable":false,"placeholder":"","display":"select","restrictions_type":"any_text","adjust_price":false,"price":"","price_type":"flat_fee","restrictions":false,"min":"0","max":"0","options":[{"label":"Deposit","price":"450","price_type":"flat_fee","image":0,"visibility":true}]},{"name":"Guitarres Ac\u00fastiques","type":"checkbox","position":0,"required":false,"title_format":"label","default":"","description_enable":false,"description":"","placeholder_enable":false,"placeholder":"","display":"select","restrictions_type":"any_text","adjust_price":false,"price":"","price_type":"flat_fee","restrictions":false,"min":"0","max":"0","options":[{"label":"Cable d'Instrument Jack 1\/4","price":"5.00","price_type":"quantity_based","image":0,"visibility":true},{"label":"Pua de Qualitat","price":"2.00","price_type":"quantity_based","image":0,"visibility":true},{"label":"Pua Est\u00e0ndard","price":"1.00","price_type":"quantity_based","image":0,"visibility":true},{"label":"Corretja","price":"5.00","price_type":"quantity_based","image":0,"visibility":true},{"label":"Capo","price":"5.00","price_type":"quantity_based","image":0,"visibility":true},{"label":"Afinador","price":"5.00","price_type":"quantity_based","image":0,"visibility":true},{"label":"Faristol de Qualitat","price":"9.00","price_type":"quantity_based","image":0,"visibility":true},{"label":"Faristol","price":"5.00","price_type":"quantity_based","image":0,"visibility":true}]}],"acf":{"set_to_be_sold":false,"sale_description":"","sale_price":""},"_links":{"self":[{"href":"https:\/\/shinemusicrental.com\/ca\/wp-json\/wp\/v2\/product\/18780","targetHints":{"allow":["GET"]}}],"collection":[{"href":"https:\/\/shinemusicrental.com\/ca\/wp-json\/wp\/v2\/product"}],"about":[{"href":"https:\/\/shinemusicrental.com\/ca\/wp-json\/wp\/v2\/types\/product"}],"replies":[{"embeddable":true,"href":"https:\/\/shinemusicrental.com\/ca\/wp-json\/wp\/v2\/comments?post=18780"}],"wp:featuredmedia":[{"embeddable":true,"href":"https:\/\/shinemusicrental.com\/ca\/wp-json\/wp\/v2\/media\/18783"}],"wp:attachment":[{"href":"https:\/\/shinemusicrental.com\/ca\/wp-json\/wp\/v2\/media?parent=18780"}],"wp:term":[{"taxonomy":"product_brand","embeddable":true,"href":"https:\/\/shinemusicrental.com\/ca\/wp-json\/wp\/v2\/product_brand?post=18780"},{"taxonomy":"product_cat","embeddable":true,"href":"https:\/\/shinemusicrental.com\/ca\/wp-json\/wp\/v2\/product_cat?post=18780"},{"taxonomy":"product_tag","embeddable":true,"href":"https:\/\/shinemusicrental.com\/ca\/wp-json\/wp\/v2\/product_tag?post=18780"}],"curies":[{"name":"wp","href":"https:\/\/api.w.org\/{rel}","templated":true}]}}