{"id":18774,"date":"2024-11-29T17:34:17","date_gmt":"2024-11-29T16:34:18","guid":{"rendered":"https:\/\/shinemusicrental.com\/?post_type=product&#038;p=18774"},"modified":"2024-12-03T14:07:48","modified_gmt":"2024-12-03T13:07:48","slug":"tascam-model-12-mesa-de-mescles","status":"publish","type":"product","link":"https:\/\/shinemusicrental.com\/ca\/product\/tascam-model-12-mesa-de-mescles\/","title":{"rendered":"Tascam Model-12 Mesa de Mescles"},"content":{"rendered":"<p>La interf\u00edcie d&#8217;\u00e0udio\/barreja Tascam Model 12 \u00e9s una soluci\u00f3 compacta per\u00f2 potent per a entorns en viu i d&#8217;estudi. Amb 10 canals d&#8217;entrada, inclosos preamplificadors de micr\u00f2fon XLR i entrades de l\u00ednia de 1\/4&#8243;, proporciona una connectivitat vers\u00e0til per a diversos instruments i micr\u00f2fons. Les capacitats d&#8217;\u00e0udio USB integrades admeten enregistrament de 12 entrades i 10 sortides, cosa que ho fa ideal per a sessions multipista. Els seus faders de 60 mm ofereixen un control prec\u00eds, mentre que el equalitzador de 3 bandes amb mitjans barribles permet una modelaci\u00f3 detallada del to. Perfecte per als que necessiten opcions d&#8217;enregistrament flexibles, inclou efectes integrats i una gravadora de targeta SD incorporada per a \u00fas independent. mesclador per a projectes m\u00e9s grans Amb el disseny tot en un, el Model 12 simplifica configuracions complexes per a qualsevol entorn d&#8217;\u00e0udio.<\/p>\n","protected":false},"excerpt":{"rendered":"<p>La interf\u00edcie d&#8217;\u00e0udio\/barreja Tascam Model 12 \u00e9s una soluci\u00f3 compacta per\u00f2 potent per a entorns en viu i d&#8217;estudi. Amb 10 canals d&#8217;entrada, inclosos preamplificadors de micr\u00f2fon XLR i entrades de l\u00ednia de 1\/4&#8243;, proporciona una connectivitat vers\u00e0til per a diversos instruments i micr\u00f2fons.<\/p>\n<div id=\"gtx-trans\" style=\"position: absolute; left: -102px; top: -10.5156px;\">\n<div class=\"gtx-trans-icon\"><\/div>\n<\/div>\n","protected":false},"featured_media":18777,"comment_status":"open","ping_status":"closed","template":"","meta":{"_acf_changed":false,"content-type":""},"product_brand":[],"product_cat":[330,342,332],"product_tag":[506,508,512,510,514,504,562,462,590,561,464,490,592,558,787,789,790],"class_list":{"0":"post-18774","1":"product","2":"type-product","3":"status-publish","4":"has-post-thumbnail","6":"product_cat-estudi","7":"product_cat-mescladors-i-equips-dj","8":"product_cat-interficies-daudio-i-controladors","9":"product_tag-equip-destudi","10":"product_tag-equip-destudi-barcelona","11":"product_tag-equip-destudi-de-lloguer","12":"product_tag-equip-destudi-es","13":"product_tag-equip-destudi-espanya","14":"product_tag-estudi","15":"product_tag-instruments-de-contractacio","16":"product_tag-lloguer-dinstruments","17":"product_tag-lloguer-dinstruments-ca-2","18":"product_tag-lloguer-dinstruments-ca","19":"product_tag-lloguer-dinstruments-barcelona","20":"product_tag-lloguer-dinstruments-barcelona-ca","21":"product_tag-lloguer-dinstruments-espanya-ca","22":"product_tag-lloguer-dinstruments-espanya","23":"product_tag-mixer-ca","24":"product_tag-taula-de-mescles","25":"product_tag-taula-de-mescles-de-lloguer","27":"first","28":"instock","29":"featured","30":"sold-individually","31":"shipping-taxable","32":"purchasable","33":"product-type-booking"},"booking_location":"","booking_location_type":"","booking_duration":1,"booking_duration_unit":"day","booking_buffer":0,"booking_cost":0,"booking_resources":[],"exclude_global_add_ons":false,"addons":[{"name":"Deposit","type":"checkbox","position":0,"required":true,"title_format":"hide","default":"","description_enable":false,"description":"","placeholder_enable":false,"placeholder":"","display":"select","restrictions_type":"any_text","adjust_price":false,"price":"","price_type":"flat_fee","restrictions":false,"min":"0","max":"0","options":[{"label":"Deposit","price":"450","price_type":"flat_fee","image":0,"visibility":true}]},{"name":"ALTAVEUS PA","type":"checkbox","position":0,"required":false,"title_format":"label","default":"","description_enable":false,"description":"","placeholder_enable":false,"placeholder":"","display":"select","restrictions_type":"any_text","adjust_price":false,"price":"","price_type":"flat_fee","restrictions":false,"min":"0","max":"0","options":[{"label":"Cable d'Instrument Jack 1\/4","price":"5.00","price_type":"quantity_based","image":0,"visibility":true},{"label":"Cable XLR","price":"5.00","price_type":"quantity_based","image":0,"visibility":true},{"label":"Taula de Mescles (est\u00e0ndard)","price":"55.00","price_type":"quantity_based","image":0,"visibility":true},{"label":"Suport","price":"19.00","price_type":"quantity_based","image":0,"visibility":true},{"label":"DI Box","price":"5","price_type":"quantity_based","image":0,"visibility":true}]}],"acf":{"set_to_be_sold":false,"sale_description":"","sale_price":""},"_links":{"self":[{"href":"https:\/\/shinemusicrental.com\/ca\/wp-json\/wp\/v2\/product\/18774","targetHints":{"allow":["GET"]}}],"collection":[{"href":"https:\/\/shinemusicrental.com\/ca\/wp-json\/wp\/v2\/product"}],"about":[{"href":"https:\/\/shinemusicrental.com\/ca\/wp-json\/wp\/v2\/types\/product"}],"replies":[{"embeddable":true,"href":"https:\/\/shinemusicrental.com\/ca\/wp-json\/wp\/v2\/comments?post=18774"}],"wp:featuredmedia":[{"embeddable":true,"href":"https:\/\/shinemusicrental.com\/ca\/wp-json\/wp\/v2\/media\/18777"}],"wp:attachment":[{"href":"https:\/\/shinemusicrental.com\/ca\/wp-json\/wp\/v2\/media?parent=18774"}],"wp:term":[{"taxonomy":"product_brand","embeddable":true,"href":"https:\/\/shinemusicrental.com\/ca\/wp-json\/wp\/v2\/product_brand?post=18774"},{"taxonomy":"product_cat","embeddable":true,"href":"https:\/\/shinemusicrental.com\/ca\/wp-json\/wp\/v2\/product_cat?post=18774"},{"taxonomy":"product_tag","embeddable":true,"href":"https:\/\/shinemusicrental.com\/ca\/wp-json\/wp\/v2\/product_tag?post=18774"}],"curies":[{"name":"wp","href":"https:\/\/api.w.org\/{rel}","templated":true}]}}