{"id":1784,"date":"2022-10-27T15:45:57","date_gmt":"2022-10-27T13:45:58","guid":{"rendered":"http:\/\/www.shinemusicrental.com\/?post_type=product&#038;p=1784"},"modified":"2023-03-17T12:56:51","modified_gmt":"2023-03-17T11:56:51","slug":"thomann-fl-1000-re-flauta","status":"publish","type":"product","link":"https:\/\/shinemusicrental.com\/ca\/product\/thomann-fl-1000-re-flauta\/","title":{"rendered":"Thomann FL-1000 RE Flauta"},"content":{"rendered":"<p>La flauta Thomann FL-1000 RE \u00e9s un instrument ben elaborat i fiable, especialment adequat per a m\u00fasics intermedis. El cos de n\u00edquel argentat de l&#8217;instrument \u00e9s capa\u00e7 de produir un so c\u00e0lid i sonor que ressona magn\u00edficament en qualsevol entorn. A m\u00e9s a m\u00e9s, el mecanisme de E dividit de la flauta t\u00e9 l&#8217;avantatge addicional de millorar l&#8217;entonaci\u00f3 en el registre superior, mentre que la tecla G despla\u00e7ada proporciona una sensaci\u00f3 de comoditat i facilitat en tocar.<\/p>\n<p>Addicionalment, la flauta Thomann FL-1000 RE \u00e9s una excel\u00b7lent opci\u00f3 per a qualsevol que busqui llogar un instrument. Es lliura amb una funda resistent, barra de neteja i drap, assegurant que la flauta estigui adequadament protegida i mantinguda. Llogar una flauta \u00e9s una manera pr\u00e0ctica i rendible de familiaritzar-se amb l&#8217;instrument abans de realitzar una compra.<\/p>\n<p>En resum, la flauta Thomann FL-1000 RE \u00e9s una s\u00f2lida selecci\u00f3 per a qualsevol que busqui un instrument d&#8217;alta qualitat i fiable per a les seves activitats musicals. \u00c9s com un company fidel que l&#8217;acompanyar\u00e0 en un viatge pels paisatges mel\u00f2dics de la seva imaginaci\u00f3.<\/p>\n","protected":false},"excerpt":{"rendered":"<p><strong>Dip\u00f2sit: \u20ac100<\/strong><\/p>\n<p>&nbsp;<\/p>\n<div id=\"gtx-trans\" style=\"position: absolute; left: -25px; top: 38.3333px;\">\n<div class=\"gtx-trans-icon\"><\/div>\n<\/div>\n","protected":false},"featured_media":1787,"comment_status":"open","ping_status":"closed","template":"","meta":{"_acf_changed":false,"content-type":""},"product_brand":[],"product_cat":[352,363],"product_tag":[894,516,562,518,520,524,522,526,462,590,561,464,490,592,558],"class_list":{"0":"post-1784","1":"product","2":"type-product","3":"status-publish","4":"has-post-thumbnail","6":"product_cat-instruments-de-vent","7":"product_cat-flautes-ca","8":"product_tag-flauta-ca","9":"product_tag-instrument-de-vent","10":"product_tag-instruments-de-contractacio","11":"product_tag-instruments-de-vent","12":"product_tag-instruments-de-vent-barcelona","13":"product_tag-instruments-de-vent-de-lloguer","14":"product_tag-instruments-de-vent-es","15":"product_tag-instruments-de-vent-espanya","16":"product_tag-lloguer-dinstruments","17":"product_tag-lloguer-dinstruments-ca-2","18":"product_tag-lloguer-dinstruments-ca","19":"product_tag-lloguer-dinstruments-barcelona","20":"product_tag-lloguer-dinstruments-barcelona-ca","21":"product_tag-lloguer-dinstruments-espanya-ca","22":"product_tag-lloguer-dinstruments-espanya","24":"first","25":"instock","26":"sold-individually","27":"shipping-taxable","28":"purchasable","29":"product-type-booking"},"booking_location":"","booking_location_type":"","booking_duration":1,"booking_duration_unit":"day","booking_buffer":0,"booking_cost":0,"booking_resources":[],"exclude_global_add_ons":false,"addons":[{"name":"Dip\u00f2sit","type":"checkbox","position":0,"required":false,"title_format":"hide","default":"","description_enable":false,"description":"","placeholder_enable":false,"placeholder":"","display":"select","restrictions_type":"any_text","adjust_price":false,"price":"","price_type":"flat_fee","restrictions":false,"min":"0","max":"0","options":[{"label":"Dip\u00f2sit","price":"180","price_type":"flat_fee","image":0,"visibility":true}]},{"name":"INSTRUMENTS DE VENT (tots)","type":"checkbox","position":0,"required":false,"title_format":"label","default":"","description_enable":false,"description":"","placeholder_enable":false,"placeholder":"","display":"select","restrictions_type":"any_text","adjust_price":false,"price":"","price_type":"flat_fee","restrictions":false,"min":"0","max":"0","options":[{"label":"Lleng\u00fceta","price":"5.00","price_type":"quantity_based","image":0,"visibility":true},{"label":"Faristol","price":"5.00","price_type":"flat_fee","image":0,"visibility":true},{"label":"Faristol de Qualitat","price":"9.00","price_type":"flat_fee","image":0,"visibility":true}]}],"acf":{"set_to_be_sold":false,"sale_description":"","sale_price":""},"_links":{"self":[{"href":"https:\/\/shinemusicrental.com\/ca\/wp-json\/wp\/v2\/product\/1784","targetHints":{"allow":["GET"]}}],"collection":[{"href":"https:\/\/shinemusicrental.com\/ca\/wp-json\/wp\/v2\/product"}],"about":[{"href":"https:\/\/shinemusicrental.com\/ca\/wp-json\/wp\/v2\/types\/product"}],"replies":[{"embeddable":true,"href":"https:\/\/shinemusicrental.com\/ca\/wp-json\/wp\/v2\/comments?post=1784"}],"wp:featuredmedia":[{"embeddable":true,"href":"https:\/\/shinemusicrental.com\/ca\/wp-json\/wp\/v2\/media\/1787"}],"wp:attachment":[{"href":"https:\/\/shinemusicrental.com\/ca\/wp-json\/wp\/v2\/media?parent=1784"}],"wp:term":[{"taxonomy":"product_brand","embeddable":true,"href":"https:\/\/shinemusicrental.com\/ca\/wp-json\/wp\/v2\/product_brand?post=1784"},{"taxonomy":"product_cat","embeddable":true,"href":"https:\/\/shinemusicrental.com\/ca\/wp-json\/wp\/v2\/product_cat?post=1784"},{"taxonomy":"product_tag","embeddable":true,"href":"https:\/\/shinemusicrental.com\/ca\/wp-json\/wp\/v2\/product_tag?post=1784"}],"curies":[{"name":"wp","href":"https:\/\/api.w.org\/{rel}","templated":true}]}}