{"id":1773,"date":"2022-10-27T15:34:20","date_gmt":"2022-10-27T13:34:20","guid":{"rendered":"http:\/\/www.shinemusicrental.com\/product\/thomann-classic-tb500-gl-trombo\/"},"modified":"2023-03-17T16:33:35","modified_gmt":"2023-03-17T15:33:35","slug":"thomann-classic-tb500-gl-trombo","status":"publish","type":"product","link":"https:\/\/shinemusicrental.com\/ca\/product\/thomann-classic-tb500-gl-trombo\/","title":{"rendered":"Thomann Classic TB500 GL Tromb\u00f3"},"content":{"rendered":"<p>El Thomann Classic TB500 GL Trombone \u00e9s un instrument musical suprem que \u00e9s adequat tant per a principiants com per a int\u00e8rprets experts. L&#8217;instrument est\u00e0 equipat amb una campana i un tub de plom de llaut\u00f3 daurat, que li atorguen un to melodi\u00f3s i opulent, i un tobogan de n\u00edquel platejat, que \u00e9s f\u00e0cil i sense esfor\u00e7 per tocar. El TB500 GL t\u00e9 una mida de perforaci\u00f3 moderada, cosa que li atorga una aplicaci\u00f3 vers\u00e0til en una varietat de g\u00e8neres musicals.<\/p>\n<p>El proc\u00e9s d&#8217;arrendar un tromb\u00f3, com el Thomann Classic TB500 GL, pot servir com a via excepcional per explorar el domini dels instruments de vent metall. Tocar el tromb\u00f3 \u00e9s similar a crear un llenguatge musical \u00fanic i expressiu amb les cordes vocals, amb la capacitat de transmetre una gran quantitat d&#8217;emocions i sentiments. El TB500 GL \u00e9s un dispositiu fiable i ben constru\u00eft que pot infondre alegria i creativitat a qualsevol int\u00e8rpret.<\/p>\n<div id=\"gtx-trans\" style=\"position: absolute; left: 1232px; top: -0.53125px;\">\n<div class=\"gtx-trans-icon\"><\/div>\n<\/div>\n","protected":false},"excerpt":{"rendered":"<p><strong>Dip\u00f2sit: \u20ac120<\/strong><\/p>\n<p class=\"prod\">Tromb\u00f3 Tenor en Bb<\/p>\n<div id=\"gtx-trans\" style=\"position: absolute; left: 58px; top: -10.6667px;\">\n<div class=\"gtx-trans-icon\"><\/div>\n<\/div>\n","protected":false},"featured_media":1770,"comment_status":"open","ping_status":"closed","template":"","meta":{"_acf_changed":false,"content-type":""},"product_brand":[],"product_cat":[352,369],"product_tag":[516,562,518,520,524,522,526,462,590,561,464,490,592,558,891],"class_list":{"0":"post-1773","1":"product","2":"type-product","3":"status-publish","4":"has-post-thumbnail","6":"product_cat-instruments-de-vent","7":"product_cat-trombons-ca-2","8":"product_tag-instrument-de-vent","9":"product_tag-instruments-de-contractacio","10":"product_tag-instruments-de-vent","11":"product_tag-instruments-de-vent-barcelona","12":"product_tag-instruments-de-vent-de-lloguer","13":"product_tag-instruments-de-vent-es","14":"product_tag-instruments-de-vent-espanya","15":"product_tag-lloguer-dinstruments","16":"product_tag-lloguer-dinstruments-ca-2","17":"product_tag-lloguer-dinstruments-ca","18":"product_tag-lloguer-dinstruments-barcelona","19":"product_tag-lloguer-dinstruments-barcelona-ca","20":"product_tag-lloguer-dinstruments-espanya-ca","21":"product_tag-lloguer-dinstruments-espanya","22":"product_tag-trombo","24":"first","25":"instock","26":"sold-individually","27":"shipping-taxable","28":"purchasable","29":"product-type-booking"},"booking_location":"","booking_location_type":"","booking_duration":1,"booking_duration_unit":"day","booking_buffer":0,"booking_cost":0,"booking_resources":[],"exclude_global_add_ons":false,"addons":[{"name":"Dip\u00f2sit","type":"checkbox","position":0,"required":false,"title_format":"hide","default":"","description_enable":false,"description":"","placeholder_enable":false,"placeholder":"","display":"select","restrictions_type":"any_text","adjust_price":false,"price":"","price_type":"flat_fee","restrictions":false,"min":"0","max":"0","options":[{"label":"Dip\u00f2sit","price":"120","price_type":"flat_fee","image":0,"visibility":true}]},{"name":"INSTRUMENTS DE VENT (tots)","type":"checkbox","position":0,"required":false,"title_format":"label","default":"","description_enable":false,"description":"","placeholder_enable":false,"placeholder":"","display":"select","restrictions_type":"any_text","adjust_price":false,"price":"","price_type":"flat_fee","restrictions":false,"min":"0","max":"0","options":[{"label":"Lleng\u00fceta","price":"5.00","price_type":"quantity_based","image":0,"visibility":true},{"label":"Faristol","price":"5.00","price_type":"flat_fee","image":0,"visibility":true},{"label":"Faristol de Qualitat","price":"9.00","price_type":"flat_fee","image":0,"visibility":true}]}],"acf":{"set_to_be_sold":false,"sale_description":"","sale_price":""},"_links":{"self":[{"href":"https:\/\/shinemusicrental.com\/ca\/wp-json\/wp\/v2\/product\/1773","targetHints":{"allow":["GET"]}}],"collection":[{"href":"https:\/\/shinemusicrental.com\/ca\/wp-json\/wp\/v2\/product"}],"about":[{"href":"https:\/\/shinemusicrental.com\/ca\/wp-json\/wp\/v2\/types\/product"}],"replies":[{"embeddable":true,"href":"https:\/\/shinemusicrental.com\/ca\/wp-json\/wp\/v2\/comments?post=1773"}],"wp:featuredmedia":[{"embeddable":true,"href":"https:\/\/shinemusicrental.com\/ca\/wp-json\/wp\/v2\/media\/1770"}],"wp:attachment":[{"href":"https:\/\/shinemusicrental.com\/ca\/wp-json\/wp\/v2\/media?parent=1773"}],"wp:term":[{"taxonomy":"product_brand","embeddable":true,"href":"https:\/\/shinemusicrental.com\/ca\/wp-json\/wp\/v2\/product_brand?post=1773"},{"taxonomy":"product_cat","embeddable":true,"href":"https:\/\/shinemusicrental.com\/ca\/wp-json\/wp\/v2\/product_cat?post=1773"},{"taxonomy":"product_tag","embeddable":true,"href":"https:\/\/shinemusicrental.com\/ca\/wp-json\/wp\/v2\/product_tag?post=1773"}],"curies":[{"name":"wp","href":"https:\/\/api.w.org\/{rel}","templated":true}]}}