{"id":1722,"date":"2022-10-27T14:49:18","date_gmt":"2022-10-27T12:49:18","guid":{"rendered":"http:\/\/www.shinemusicrental.com\/product\/casio-px160-bk-privia-piano-digital\/"},"modified":"2023-03-17T15:27:47","modified_gmt":"2023-03-17T14:27:47","slug":"casio-px160-bk-privia-piano-digital","status":"publish","type":"product","link":"https:\/\/shinemusicrental.com\/ca\/product\/casio-px160-bk-privia-piano-digital\/","title":{"rendered":"Casio PX160 BK Privia Piano Digital"},"content":{"rendered":"<p>El piano digital Casio PX160 BK Privia \u00e9s un instrument de gran qualitat amb una sensaci\u00f3 i so realistes. Amb les seves 88 tecles pesades i l&#8217;acci\u00f3 de martell escalat de tres sensors, proporciona una experi\u00e8ncia de toc aut\u00e8ntica similar a la d&#8217;un piano ac\u00fastic. Tamb\u00e9 disposa de 18 tons d&#8217;instruments diferents, com ara piano de cua, cordes i orgues, que es poden seleccionar f\u00e0cilment pressionant un bot\u00f3.<\/p>\n<p>Aquest piano digital tamb\u00e9 t\u00e9 un port USB per a una connexi\u00f3 f\u00e0cil a un ordinador o dispositiu m\u00f2bil, aix\u00ed com dues preses d&#8217;auriculars per a una pr\u00e0ctica silenciosa o per a interpretacions de duets. El piano digital Casio PX160 BK Privia \u00e9s una gran opci\u00f3 per a aquells que vulguin provar un nou instrument, especialment si estan interessats en llogar instruments.<\/p>\n<p>Tocar aquest piano \u00e9s com mantenir una conversa amb un amic \u00edntim, ja que respon a cada toq amb precisi\u00f3 i sensibilitat. En general, el piano digital Casio PX160 BK Privia \u00e9s un instrument fiable i vers\u00e0til que pot ajudar a qualsevol a desenvolupar les seves habilitats i expressar la seva creativitat.<\/p>\n","protected":false},"excerpt":{"rendered":"<p><strong>Dip\u00f2sit: \u20ac190<\/strong><\/p>\n<div id=\"gtx-trans\" style=\"position: absolute; left: 62px; top: 38.3333px;\">\n<div class=\"gtx-trans-icon\"><\/div>\n<\/div>\n","protected":false},"featured_media":1719,"comment_status":"open","ping_status":"closed","template":"","meta":{"_acf_changed":false,"content-type":""},"product_brand":[],"product_cat":[132,133],"product_tag":[562,663,462,590,561,464,490,592,558,478,660,479,488,482,484,486],"class_list":{"0":"post-1722","1":"product","2":"type-product","3":"status-publish","4":"has-post-thumbnail","6":"product_cat-instruments-de-teclat","7":"product_cat-pianos-digitals","8":"product_tag-instruments-de-contractacio","9":"product_tag-llogar-piano-digital","10":"product_tag-lloguer-dinstruments","11":"product_tag-lloguer-dinstruments-ca-2","12":"product_tag-lloguer-dinstruments-ca","13":"product_tag-lloguer-dinstruments-barcelona","14":"product_tag-lloguer-dinstruments-barcelona-ca","15":"product_tag-lloguer-dinstruments-espanya-ca","16":"product_tag-lloguer-dinstruments-espanya","17":"product_tag-piano-ca","18":"product_tag-piano-digital-ca","19":"product_tag-piano-es-ca","20":"product_tag-piano-espanya","21":"product_tag-pianos-ca","22":"product_tag-pianos-barcelona-ca","23":"product_tag-pianos-de-lloguer","25":"first","26":"instock","27":"sold-individually","28":"shipping-taxable","29":"purchasable","30":"product-type-booking"},"booking_location":"","booking_location_type":"","booking_duration":1,"booking_duration_unit":"day","booking_buffer":0,"booking_cost":0,"booking_resources":[],"exclude_global_add_ons":false,"addons":[{"name":"Dip\u00f2sit","type":"checkbox","position":0,"required":false,"title_format":"hide","default":"","description_enable":false,"description":"","placeholder_enable":false,"placeholder":"","display":"select","restrictions_type":"any_text","adjust_price":false,"price":"","price_type":"flat_fee","restrictions":false,"min":"0","max":"0","options":[{"label":"Dip\u00f2sit","price":"190","price_type":"flat_fee","image":0,"visibility":true}]},{"name":"PIANO EL\u00c8CTRIC","type":"checkbox","position":0,"required":true,"title_format":"label","default":"","description_enable":false,"description":"","placeholder_enable":false,"placeholder":"","display":"select","restrictions_type":"any_text","adjust_price":false,"price":"","price_type":"flat_fee","restrictions":false,"min":"0","max":"0","options":[{"label":"Pedal de Sustain de Qualitat","price":"10.00","price_type":"quantity_based","image":0,"visibility":true},{"label":"Suport","price":"10.00","price_type":"quantity_based","image":0,"visibility":true},{"label":"Tamboret de Piano de Qualitat","price":"25.00","price_type":"quantity_based","image":0,"visibility":true},{"label":"Tamboret de Piano","price":"10.00","price_type":"quantity_based","image":0,"visibility":true}]}],"acf":{"set_to_be_sold":false,"sale_description":"","sale_price":""},"_links":{"self":[{"href":"https:\/\/shinemusicrental.com\/ca\/wp-json\/wp\/v2\/product\/1722","targetHints":{"allow":["GET"]}}],"collection":[{"href":"https:\/\/shinemusicrental.com\/ca\/wp-json\/wp\/v2\/product"}],"about":[{"href":"https:\/\/shinemusicrental.com\/ca\/wp-json\/wp\/v2\/types\/product"}],"replies":[{"embeddable":true,"href":"https:\/\/shinemusicrental.com\/ca\/wp-json\/wp\/v2\/comments?post=1722"}],"wp:featuredmedia":[{"embeddable":true,"href":"https:\/\/shinemusicrental.com\/ca\/wp-json\/wp\/v2\/media\/1719"}],"wp:attachment":[{"href":"https:\/\/shinemusicrental.com\/ca\/wp-json\/wp\/v2\/media?parent=1722"}],"wp:term":[{"taxonomy":"product_brand","embeddable":true,"href":"https:\/\/shinemusicrental.com\/ca\/wp-json\/wp\/v2\/product_brand?post=1722"},{"taxonomy":"product_cat","embeddable":true,"href":"https:\/\/shinemusicrental.com\/ca\/wp-json\/wp\/v2\/product_cat?post=1722"},{"taxonomy":"product_tag","embeddable":true,"href":"https:\/\/shinemusicrental.com\/ca\/wp-json\/wp\/v2\/product_tag?post=1722"}],"curies":[{"name":"wp","href":"https:\/\/api.w.org\/{rel}","templated":true}]}}