{"id":1707,"date":"2022-10-27T14:38:05","date_gmt":"2022-10-27T12:38:05","guid":{"rendered":"http:\/\/www.shinemusicrental.com\/product\/piano-yamaha-u1\/"},"modified":"2023-03-17T16:06:56","modified_gmt":"2023-03-17T15:06:56","slug":"piano-yamaha-u1","status":"publish","type":"product","link":"https:\/\/shinemusicrental.com\/ca\/product\/piano-yamaha-u1\/","title":{"rendered":"Piano Yamaha U1"},"content":{"rendered":"<p>El Yamaha U1 \u00e9s un piano vertical exemplar impregnat d&#8217;un timbre opulent i expressiu, ideal tant per a pianistes principiants com professionals. Compta amb un teclat complet amb 88 tecles ponderades que proporcionen una experi\u00e8ncia de joc realista i receptiva. La seva taula de resson\u00e0ncia i costelles estan fabricades amb fusta d&#8217;avet seleccionada minuciosament, mentre que els martells i cordes estan fets amb materials d&#8217;alta qualitat, la qual cosa garanteix un to clar i ressonant.<\/p>\n<p>Llogar un piano com el Yamaha U1 pot ser una excel\u00b7lent manera d&#8217;explorar la joia de tocar aquest magn\u00edfic instrument. Tocar el piano \u00e9s com pintar un quadre amb so, creant una expressi\u00f3 musical \u00fanica i personal que pot tocar els cors dels oients. El Yamaha U1 \u00e9s un instrument fiable i molt respectat que pot proporcionar anys de gaudi i d&#8217;inspiraci\u00f3 musical a qualsevol m\u00fasic.<\/p>\n","protected":false},"excerpt":{"rendered":"<p><strong>Dip\u00f2<\/strong><strong>sit: \u20ac450<\/strong><\/p>\n<div id=\"gtx-trans\" style=\"position: absolute; left: -100px; top: -10.6667px;\">\n<div class=\"gtx-trans-icon\"><\/div>\n<\/div>\n","protected":false},"featured_media":1704,"comment_status":"open","ping_status":"closed","template":"","meta":{"_acf_changed":false,"content-type":""},"product_brand":[],"product_cat":[132,216],"product_tag":[562,462,590,561,464,490,592,558,478,479,488,482,484,486],"class_list":{"0":"post-1707","1":"product","2":"type-product","3":"status-publish","4":"has-post-thumbnail","6":"product_cat-instruments-de-teclat","7":"product_cat-pianos-acustics","8":"product_tag-instruments-de-contractacio","9":"product_tag-lloguer-dinstruments","10":"product_tag-lloguer-dinstruments-ca-2","11":"product_tag-lloguer-dinstruments-ca","12":"product_tag-lloguer-dinstruments-barcelona","13":"product_tag-lloguer-dinstruments-barcelona-ca","14":"product_tag-lloguer-dinstruments-espanya-ca","15":"product_tag-lloguer-dinstruments-espanya","16":"product_tag-piano-ca","17":"product_tag-piano-es-ca","18":"product_tag-piano-espanya","19":"product_tag-pianos-ca","20":"product_tag-pianos-barcelona-ca","21":"product_tag-pianos-de-lloguer","23":"first","24":"instock","25":"sold-individually","26":"shipping-taxable","27":"purchasable","28":"product-type-booking"},"booking_location":"","booking_location_type":"","booking_duration":1,"booking_duration_unit":"day","booking_buffer":0,"booking_cost":0,"booking_resources":[],"exclude_global_add_ons":false,"addons":[{"name":"Dip\u00f2sit","type":"checkbox","position":0,"required":false,"title_format":"hide","default":"","description_enable":false,"description":"","placeholder_enable":false,"placeholder":"","display":"select","restrictions_type":"any_text","adjust_price":false,"price":"","price_type":"flat_fee","restrictions":false,"min":"0","max":"0","options":[{"label":"Dip\u00f2sit","price":"450","price_type":"flat_fee","image":0,"visibility":true}]},{"name":"PIANO","type":"checkbox","position":0,"required":true,"title_format":"label","default":"","description_enable":false,"description":"","placeholder_enable":false,"placeholder":"","display":"select","restrictions_type":"any_text","adjust_price":false,"price":"","price_type":"flat_fee","restrictions":false,"min":"0","max":"0","options":[{"label":"Tamboret de Piano de Qualitat","price":"25.00","price_type":"quantity_based","image":0,"visibility":true},{"label":"Tamboret de Piano Est\u00e0ndard","price":"10.00","price_type":"quantity_based","image":0,"visibility":true}]}],"acf":{"set_to_be_sold":false,"sale_description":"","sale_price":""},"_links":{"self":[{"href":"https:\/\/shinemusicrental.com\/ca\/wp-json\/wp\/v2\/product\/1707","targetHints":{"allow":["GET"]}}],"collection":[{"href":"https:\/\/shinemusicrental.com\/ca\/wp-json\/wp\/v2\/product"}],"about":[{"href":"https:\/\/shinemusicrental.com\/ca\/wp-json\/wp\/v2\/types\/product"}],"replies":[{"embeddable":true,"href":"https:\/\/shinemusicrental.com\/ca\/wp-json\/wp\/v2\/comments?post=1707"}],"wp:featuredmedia":[{"embeddable":true,"href":"https:\/\/shinemusicrental.com\/ca\/wp-json\/wp\/v2\/media\/1704"}],"wp:attachment":[{"href":"https:\/\/shinemusicrental.com\/ca\/wp-json\/wp\/v2\/media?parent=1707"}],"wp:term":[{"taxonomy":"product_brand","embeddable":true,"href":"https:\/\/shinemusicrental.com\/ca\/wp-json\/wp\/v2\/product_brand?post=1707"},{"taxonomy":"product_cat","embeddable":true,"href":"https:\/\/shinemusicrental.com\/ca\/wp-json\/wp\/v2\/product_cat?post=1707"},{"taxonomy":"product_tag","embeddable":true,"href":"https:\/\/shinemusicrental.com\/ca\/wp-json\/wp\/v2\/product_tag?post=1707"}],"curies":[{"name":"wp","href":"https:\/\/api.w.org\/{rel}","templated":true}]}}