{"id":1689,"date":"2022-10-27T13:57:54","date_gmt":"2022-10-27T11:57:54","guid":{"rendered":"http:\/\/www.shinemusicrental.com\/product\/epiphone-les-paul-standard-guitarra-electrica-de-banus\/"},"modified":"2023-03-21T13:01:21","modified_gmt":"2023-03-21T12:01:21","slug":"epiphone-les-paul-standard-guitarra-electrica-de-banus","status":"publish","type":"product","link":"https:\/\/shinemusicrental.com\/ca\/product\/epiphone-les-paul-standard-guitarra-electrica-de-banus\/","title":{"rendered":"Epiphone Les Paul Standard Guitarra El\u00e8ctrica de Ban\u00fas"},"content":{"rendered":"<p>La guitarra el\u00e8ctrica Epiphone Les Paul Standard Ebony \u00e9s un model popular entre els m\u00fasics que busquen un instrument fiable i d&#8217;alta qualitat. Amb un acabat negre elegant i una forma cl\u00e0ssica Les Paul, aquesta guitarra t\u00e9 un aspecte atemporal que mai passar\u00e0 de moda. El cos i el m\u00e0nec de caoba proporcionen un to c\u00e0lid i ple, mentre que el diapas\u00f3 de palissandre permet un tocat suau i f\u00e0cil. La guitarra compta amb dues pastilles humbucker, la qual cosa permet als m\u00fasics aconseguir una \u00e0mplia gamma de tons, des de nets i n\u00edtids fins a distorsionats i pesats.<\/p>\n<p>Per a aquells que necessiten un instrument temporal per a concerts o sessions de pr\u00e0ctica, la guitarra el\u00e8ctrica Epiphone Les Paul Standard Ebony \u00e9s una excel\u00b7lent opci\u00f3 per al lloguer d&#8217;instruments. \u00c9s una excel\u00b7lent opci\u00f3 per a aquells que volen llogar una guitarra el\u00e8ctrica sense comprometre la qualitat del so o la jugabilitat. Siguis un principiant o un m\u00fasic experimentat, aquesta guitarra segurament impressionar\u00e0 amb el seu so excepcional i versatilitat. En resum, \u00e9s un veritable cavall de batalla d&#8217;un instrument que no et defraudar\u00e0.<\/p>\n<div id=\"gtx-trans\" style=\"position: absolute; left: 21px; top: 49.4688px;\">\n<div class=\"gtx-trans-icon\"><\/div>\n<\/div>\n","protected":false},"excerpt":{"rendered":"<p><strong>Dip\u00f2sit: \u20ac160<\/strong><\/p>\n<div id=\"gtx-trans\" style=\"position: absolute; left: -65px; top: 38.3333px;\">\n<div class=\"gtx-trans-icon\"><\/div>\n<\/div>\n","protected":false},"featured_media":1686,"comment_status":"open","ping_status":"closed","template":"","meta":{"_acf_changed":false,"content-type":""},"product_brand":[],"product_cat":[176,194],"product_tag":[568,570,572,536,564,460,566,561,590,462,464,592,558,806],"class_list":{"0":"post-1689","1":"product","2":"type-product","3":"status-publish","4":"has-post-thumbnail","6":"product_cat-guitarres-i-baixos","7":"product_cat-guitarres-electriques","8":"product_tag-guitarra-ca","9":"product_tag-guitarra-barcelona-ca","10":"product_tag-guitarra-de-lloguer","11":"product_tag-guitarra-electrica-ca","12":"product_tag-guitarra-espanya","13":"product_tag-guitarres","14":"product_tag-guitarres-espanya","15":"product_tag-lloguer-dinstruments-ca","16":"product_tag-lloguer-dinstruments-ca-2","17":"product_tag-lloguer-dinstruments","18":"product_tag-lloguer-dinstruments-barcelona","19":"product_tag-lloguer-dinstruments-espanya-ca","20":"product_tag-lloguer-dinstruments-espanya","21":"product_tag-set-de-guitarra-ca","23":"first","24":"instock","25":"sold-individually","26":"shipping-taxable","27":"purchasable","28":"product-type-booking"},"booking_location":"","booking_location_type":"","booking_duration":1,"booking_duration_unit":"day","booking_buffer":0,"booking_cost":0,"booking_resources":[],"exclude_global_add_ons":false,"addons":[{"name":"Dip\u00f2sit","type":"checkbox","position":0,"required":false,"title_format":"hide","default":"","description_enable":false,"description":"","placeholder_enable":false,"placeholder":"","display":"select","restrictions_type":"any_text","adjust_price":false,"price":"","price_type":"flat_fee","restrictions":false,"min":"0","max":"0","options":[{"label":"Dip\u00f2sit","price":"160","price_type":"flat_fee","image":0,"visibility":true}]},{"name":"Guitarres El\u00e8ctriques","type":"checkbox","position":0,"required":false,"title_format":"label","default":"","description_enable":false,"description":"","placeholder_enable":false,"placeholder":"","display":"select","restrictions_type":"any_text","adjust_price":false,"price":"","price_type":"flat_fee","restrictions":false,"min":"0","max":"0","options":[{"label":"Cable d'Instrument Jack 1\/4","price":"5.00","price_type":"quantity_based","image":0,"visibility":true},{"label":"Pua de Qualitat","price":"2.00","price_type":"quantity_based","image":0,"visibility":true},{"label":"Pua Est\u00e0ndard","price":"1.00","price_type":"quantity_based","image":0,"visibility":true},{"label":"Corretja","price":"5.00","price_type":"quantity_based","image":0,"visibility":true},{"label":"Capo - Guitarra El\u00e8ctrica","price":"5.00","price_type":"quantity_based","image":0,"visibility":true},{"label":"Afinador","price":"5.00","price_type":"flat_fee","image":0,"visibility":true},{"label":"Faristol de Qualitat","price":"9.00","price_type":"quantity_based","image":0,"visibility":true},{"label":"Faristol","price":"5.00","price_type":"quantity_based","image":0,"visibility":true}]}],"acf":{"set_to_be_sold":false,"sale_description":"","sale_price":""},"_links":{"self":[{"href":"https:\/\/shinemusicrental.com\/ca\/wp-json\/wp\/v2\/product\/1689","targetHints":{"allow":["GET"]}}],"collection":[{"href":"https:\/\/shinemusicrental.com\/ca\/wp-json\/wp\/v2\/product"}],"about":[{"href":"https:\/\/shinemusicrental.com\/ca\/wp-json\/wp\/v2\/types\/product"}],"replies":[{"embeddable":true,"href":"https:\/\/shinemusicrental.com\/ca\/wp-json\/wp\/v2\/comments?post=1689"}],"wp:featuredmedia":[{"embeddable":true,"href":"https:\/\/shinemusicrental.com\/ca\/wp-json\/wp\/v2\/media\/1686"}],"wp:attachment":[{"href":"https:\/\/shinemusicrental.com\/ca\/wp-json\/wp\/v2\/media?parent=1689"}],"wp:term":[{"taxonomy":"product_brand","embeddable":true,"href":"https:\/\/shinemusicrental.com\/ca\/wp-json\/wp\/v2\/product_brand?post=1689"},{"taxonomy":"product_cat","embeddable":true,"href":"https:\/\/shinemusicrental.com\/ca\/wp-json\/wp\/v2\/product_cat?post=1689"},{"taxonomy":"product_tag","embeddable":true,"href":"https:\/\/shinemusicrental.com\/ca\/wp-json\/wp\/v2\/product_tag?post=1689"}],"curies":[{"name":"wp","href":"https:\/\/api.w.org\/{rel}","templated":true}]}}