{"id":1665,"date":"2022-10-27T13:31:01","date_gmt":"2022-10-27T11:31:01","guid":{"rendered":"http:\/\/www.shinemusicrental.com\/product\/ld-system-eco-16-bph-b5-sistema-inalambric-amb-microfon-de-diadema\/"},"modified":"2022-10-27T13:31:01","modified_gmt":"2022-10-27T11:31:01","slug":"ld-system-eco-16-bph-b5-sistema-inalambric-amb-microfon-de-diadema","status":"publish","type":"product","link":"https:\/\/shinemusicrental.com\/ca\/product\/ld-system-eco-16-bph-b5-sistema-inalambric-amb-microfon-de-diadema\/","title":{"rendered":"LD System ECO 16 BPH B5 Sistema Inal\u00e0mbric amb Micr\u00f2fon de Diadema"},"content":{"rendered":"","protected":false},"excerpt":{"rendered":"<p><strong>Dip\u00f2sit: \u20ac60<\/strong><\/p>\n<div id=\"gtx-trans\" style=\"position: absolute; left: -153px; top: -10.6667px;\">\n<div class=\"gtx-trans-icon\"><\/div>\n<\/div>\n","protected":false},"featured_media":1662,"comment_status":"open","ping_status":"closed","template":"","meta":{"_acf_changed":false,"content-type":""},"product_brand":[],"product_cat":[330,340],"product_tag":[506,508,512,510,514,504,562,462,590,561,464,490,592,558,777,779,778,598],"class_list":{"0":"post-1665","1":"product","2":"type-product","3":"status-publish","4":"has-post-thumbnail","6":"product_cat-estudi","7":"product_cat-microfons","8":"product_tag-equip-destudi","9":"product_tag-equip-destudi-barcelona","10":"product_tag-equip-destudi-de-lloguer","11":"product_tag-equip-destudi-es","12":"product_tag-equip-destudi-espanya","13":"product_tag-estudi","14":"product_tag-instruments-de-contractacio","15":"product_tag-lloguer-dinstruments","16":"product_tag-lloguer-dinstruments-ca-2","17":"product_tag-lloguer-dinstruments-ca","18":"product_tag-lloguer-dinstruments-barcelona","19":"product_tag-lloguer-dinstruments-barcelona-ca","20":"product_tag-lloguer-dinstruments-espanya-ca","21":"product_tag-lloguer-dinstruments-espanya","22":"product_tag-micro-ca","23":"product_tag-microfon","24":"product_tag-microfon-de-lloguer","25":"product_tag-microfon-inalambric","27":"first","28":"instock","29":"sold-individually","30":"shipping-taxable","31":"purchasable","32":"product-type-booking"},"booking_location":"","booking_location_type":"","booking_duration":1,"booking_duration_unit":"day","booking_buffer":0,"booking_cost":0,"booking_resources":[],"exclude_global_add_ons":false,"addons":[{"name":"Dip\u00f2sit","type":"checkbox","position":0,"required":false,"title_format":"hide","default":"","description_enable":false,"description":"","placeholder_enable":false,"placeholder":"","display":"select","restrictions_type":"any_text","adjust_price":false,"price":"","price_type":"flat_fee","restrictions":false,"min":"0","max":"0","options":[{"label":"Dip\u00f2sit","price":"60","price_type":"flat_fee","image":0,"visibility":true}]}],"acf":{"set_to_be_sold":false,"sale_description":"","sale_price":""},"_links":{"self":[{"href":"https:\/\/shinemusicrental.com\/ca\/wp-json\/wp\/v2\/product\/1665","targetHints":{"allow":["GET"]}}],"collection":[{"href":"https:\/\/shinemusicrental.com\/ca\/wp-json\/wp\/v2\/product"}],"about":[{"href":"https:\/\/shinemusicrental.com\/ca\/wp-json\/wp\/v2\/types\/product"}],"replies":[{"embeddable":true,"href":"https:\/\/shinemusicrental.com\/ca\/wp-json\/wp\/v2\/comments?post=1665"}],"wp:featuredmedia":[{"embeddable":true,"href":"https:\/\/shinemusicrental.com\/ca\/wp-json\/wp\/v2\/media\/1662"}],"wp:attachment":[{"href":"https:\/\/shinemusicrental.com\/ca\/wp-json\/wp\/v2\/media?parent=1665"}],"wp:term":[{"taxonomy":"product_brand","embeddable":true,"href":"https:\/\/shinemusicrental.com\/ca\/wp-json\/wp\/v2\/product_brand?post=1665"},{"taxonomy":"product_cat","embeddable":true,"href":"https:\/\/shinemusicrental.com\/ca\/wp-json\/wp\/v2\/product_cat?post=1665"},{"taxonomy":"product_tag","embeddable":true,"href":"https:\/\/shinemusicrental.com\/ca\/wp-json\/wp\/v2\/product_tag?post=1665"}],"curies":[{"name":"wp","href":"https:\/\/api.w.org\/{rel}","templated":true}]}}