{"id":1610,"date":"2022-10-27T12:54:00","date_gmt":"2022-10-27T10:54:00","guid":{"rendered":"http:\/\/www.shinemusicrental.com\/product\/bongos-lp-201ax-2dw-generation-ii\/"},"modified":"2023-03-17T15:36:35","modified_gmt":"2023-03-17T14:36:35","slug":"bongos-lp-201ax-2dw-generation-ii","status":"publish","type":"product","link":"https:\/\/shinemusicrental.com\/ca\/product\/bongos-lp-201ax-2dw-generation-ii\/","title":{"rendered":"BONGOS LP 201AX-2DW Generation II"},"content":{"rendered":"<p>Els bongos LP 201AX-2DW Generation II s\u00f3n instruments de percussi\u00f3 molt vers\u00e0tils i d&#8217;alta qualitat que produeixen tons rics i c\u00e0lids. La seva construcci\u00f3 \u00e9s de la m\u00e0xima qualitat, amb cascos de roure Siam i caps de cuir cru natural que s\u00f3n altament duradors i aut\u00e8ntics, la qual cosa els fa adequats tant per a principiants com per a m\u00fasics experimentats.<\/p>\n<p>Aquests bongos estan equipats amb aros tradicionals i anells inferiors de estil cub\u00e0 que ofereixen una adher\u00e8ncia ergon\u00f2mica i c\u00f2moda, el que facilita tocar durant per\u00edodes prolongats sense fatiga. Gr\u00e0cies al seu tamany compacte i disseny lleuger, s\u00f3n altament port\u00e0tils, perfectes per a actuacions en moviment.<\/p>\n<p>Per a aquells interessats a explorar un nou instrument musical, llogar un parell de bongos, com els LP 201AX-2DW Generation II, pot ser una opci\u00f3 fant\u00e0stica. Tocar els bongos es pot assemblar a ballar al ritme dels batecs del cor, produint un so atractiu i animat que pot fer-te sentir veritablement viu. En general, aquests bongos s\u00f3n un instrument excepcional i divertit que pot afegir un so \u00fanic i emocionant a qualsevol actuaci\u00f3 musical.<\/p>\n<div id=\"gtx-trans\" style=\"position: absolute; left: 1140px; top: 49.4688px;\">\n<div class=\"gtx-trans-icon\"><\/div>\n<\/div>\n","protected":false},"excerpt":{"rendered":"<p><strong>Dip\u00f2sit: \u20ac130<\/strong><\/p>\n<div id=\"gtx-trans\" style=\"position: absolute; left: -129px; top: 38.3333px;\">\n<div class=\"gtx-trans-icon\"><\/div>\n<\/div>\n","protected":false},"featured_media":1604,"comment_status":"open","ping_status":"closed","template":"","meta":{"_acf_changed":false,"content-type":""},"product_brand":[],"product_cat":[161,172],"product_tag":[551,458,544,540,542,538,546,562,561,462,590,464,490,558,592,466,467,470,474,471,476],"class_list":{"0":"post-1610","1":"product","2":"type-product","3":"status-publish","4":"has-post-thumbnail","6":"product_cat-bateries-i-percussions","7":"product_cat-percussions","8":"product_tag-bateria","9":"product_tag-bateries","10":"product_tag-bateries-barcelona","11":"product_tag-bateries-de-lloguer","12":"product_tag-bateries-es","13":"product_tag-bateries-espanya","14":"product_tag-bongos-ca","15":"product_tag-instruments-de-contractacio","16":"product_tag-lloguer-dinstruments-ca","17":"product_tag-lloguer-dinstruments","18":"product_tag-lloguer-dinstruments-ca-2","19":"product_tag-lloguer-dinstruments-barcelona","20":"product_tag-lloguer-dinstruments-barcelona-ca","21":"product_tag-lloguer-dinstruments-espanya","22":"product_tag-lloguer-dinstruments-espanya-ca","23":"product_tag-percussio","24":"product_tag-percussions-ca","25":"product_tag-percussions-barcelona-ca","26":"product_tag-percussions-de-lloguer","27":"product_tag-percussions-es-ca","28":"product_tag-percussions-espanya","30":"first","31":"instock","32":"sold-individually","33":"shipping-taxable","34":"purchasable","35":"product-type-booking"},"booking_location":"","booking_location_type":"","booking_duration":1,"booking_duration_unit":"day","booking_buffer":0,"booking_cost":0,"booking_resources":[],"exclude_global_add_ons":false,"addons":[{"name":"Dip\u00f2sit","type":"checkbox","position":0,"required":false,"title_format":"hide","default":"","description_enable":false,"description":"","placeholder_enable":false,"placeholder":"","display":"select","restrictions_type":"any_text","adjust_price":false,"price":"","price_type":"flat_fee","restrictions":false,"min":"0","max":"0","options":[{"label":"Dip\u00f2sit","price":"130","price_type":"flat_fee","image":0,"visibility":true}]},{"name":"Totes les Bateries ","type":"checkbox","position":0,"required":false,"title_format":"label","default":"","description_enable":false,"description":"","placeholder_enable":false,"placeholder":"","display":"select","restrictions_type":"any_text","adjust_price":false,"price":"","price_type":"flat_fee","restrictions":false,"min":"0","max":"0","options":[{"label":"Baquetes","price":"6.00","price_type":"quantity_based","image":0,"visibility":true},{"label":"Set de Plats","price":"48.00","price_type":"quantity_based","image":0,"visibility":true}]},{"name":"All Percussion","type":"checkbox","position":0,"required":false,"title_format":"label","default":"","description_enable":false,"description":"","placeholder_enable":false,"placeholder":"","display":"select","restrictions_type":"any_text","adjust_price":false,"price":"","price_type":"flat_fee","restrictions":false,"min":"0","max":"0","options":[{"label":"Stand","price":"10","price_type":"quantity_based","image":0,"visibility":true}]}],"acf":{"set_to_be_sold":false,"sale_description":"","sale_price":""},"_links":{"self":[{"href":"https:\/\/shinemusicrental.com\/ca\/wp-json\/wp\/v2\/product\/1610","targetHints":{"allow":["GET"]}}],"collection":[{"href":"https:\/\/shinemusicrental.com\/ca\/wp-json\/wp\/v2\/product"}],"about":[{"href":"https:\/\/shinemusicrental.com\/ca\/wp-json\/wp\/v2\/types\/product"}],"replies":[{"embeddable":true,"href":"https:\/\/shinemusicrental.com\/ca\/wp-json\/wp\/v2\/comments?post=1610"}],"wp:featuredmedia":[{"embeddable":true,"href":"https:\/\/shinemusicrental.com\/ca\/wp-json\/wp\/v2\/media\/1604"}],"wp:attachment":[{"href":"https:\/\/shinemusicrental.com\/ca\/wp-json\/wp\/v2\/media?parent=1610"}],"wp:term":[{"taxonomy":"product_brand","embeddable":true,"href":"https:\/\/shinemusicrental.com\/ca\/wp-json\/wp\/v2\/product_brand?post=1610"},{"taxonomy":"product_cat","embeddable":true,"href":"https:\/\/shinemusicrental.com\/ca\/wp-json\/wp\/v2\/product_cat?post=1610"},{"taxonomy":"product_tag","embeddable":true,"href":"https:\/\/shinemusicrental.com\/ca\/wp-json\/wp\/v2\/product_tag?post=1610"}],"curies":[{"name":"wp","href":"https:\/\/api.w.org\/{rel}","templated":true}]}}