{"id":1585,"date":"2022-10-27T12:34:36","date_gmt":"2022-10-27T10:34:39","guid":{"rendered":"http:\/\/www.shinemusicrental.com\/?post_type=product&#038;p=1585"},"modified":"2023-03-21T12:51:18","modified_gmt":"2023-03-21T11:51:18","slug":"fender-squire-stratocaster-guitarra-electrica","status":"publish","type":"product","link":"https:\/\/shinemusicrental.com\/ca\/product\/fender-squire-stratocaster-guitarra-electrica\/","title":{"rendered":"Fender Squire Stratocaster Guitarra El\u00e8ctrica"},"content":{"rendered":"<p>La guitarra el\u00e8ctrica Fender Squier Stratocaster es presenta com una opci\u00f3 fiable per a persones de tots els nivells de compet\u00e8ncia al camp de la m\u00fasica. Presenta un disseny atemporal, destacant un marc de tall dual juntament amb tres pastilles de bobina simple, cosa que permet un ampli espectre de possibilitats tonals. El pal d&#8217;aur\u00f3 i el diapas\u00f3 de palissandre funcionen a l&#8217;un\u00edson per produir una experi\u00e8ncia d&#8217;interpretaci\u00f3 harmoniosa, mentre que el tr\u00e8mol sincronitzat d&#8217;estil vintage de sis butlletes proporciona efectes de vibrat perfectes.<\/p>\n<p>La seva rendibilitat ha convertit la Squier Stratocaster en una opci\u00f3 atractiva per a les empreses de lloguer d&#8217;instruments, fet que la converteix en una opci\u00f3 favorable per als m\u00fasics que busquen una guitarra el\u00e8ctrica de qualitat sense inc\u00f3rrer en una despesa exorbitant. La composici\u00f3 lleugera de la guitarra permet transportar-la sense esfor\u00e7 a concerts o sessions de pr\u00e0ctica.<\/p>\n<p>En ess\u00e8ncia, la guitarra Fender Squier Stratocaster representa una opci\u00f3 robusta per a aquells que busquen una guitarra per llogar. El disseny cl\u00e0ssic i les especificacions t\u00e8cniques el converteixen en un instrument vers\u00e0til capa\u00e7 d&#8217;atendre una \u00e0mplia gamma de g\u00e8neres musicals. El seu \u00fas generalitzat entre les empreses de lloguer d&#8217;instruments en destaca la fiabilitat i la facilitat d&#8217;\u00fas, ja que segueix sent un company fidel que no defraudar\u00e0.<\/p>\n","protected":false},"excerpt":{"rendered":"<p><strong>Dip\u00f2sit: \u20ac80<\/strong><\/p>\n<p>&nbsp;<\/p>\n<div id=\"gtx-trans\" style=\"position: absolute; left: -85px; top: -10.6667px;\">\n<div class=\"gtx-trans-icon\"><\/div>\n<\/div>\n","protected":false},"featured_media":1588,"comment_status":"open","ping_status":"closed","template":"","meta":{"_acf_changed":false,"content-type":""},"product_brand":[],"product_cat":[176,194],"product_tag":[568,570,572,536,564,460,566,561,590,462,464,592,558,806],"class_list":{"0":"post-1585","1":"product","2":"type-product","3":"status-publish","4":"has-post-thumbnail","6":"product_cat-guitarres-i-baixos","7":"product_cat-guitarres-electriques","8":"product_tag-guitarra-ca","9":"product_tag-guitarra-barcelona-ca","10":"product_tag-guitarra-de-lloguer","11":"product_tag-guitarra-electrica-ca","12":"product_tag-guitarra-espanya","13":"product_tag-guitarres","14":"product_tag-guitarres-espanya","15":"product_tag-lloguer-dinstruments-ca","16":"product_tag-lloguer-dinstruments-ca-2","17":"product_tag-lloguer-dinstruments","18":"product_tag-lloguer-dinstruments-barcelona","19":"product_tag-lloguer-dinstruments-espanya-ca","20":"product_tag-lloguer-dinstruments-espanya","21":"product_tag-set-de-guitarra-ca","23":"first","24":"instock","25":"sold-individually","26":"shipping-taxable","27":"purchasable","28":"product-type-booking"},"booking_location":"","booking_location_type":"","booking_duration":1,"booking_duration_unit":"day","booking_buffer":0,"booking_cost":0,"booking_resources":[],"exclude_global_add_ons":false,"addons":[{"name":"Dip\u00f2sit","type":"checkbox","position":0,"required":false,"title_format":"hide","default":"","description_enable":false,"description":"","placeholder_enable":false,"placeholder":"","display":"select","restrictions_type":"any_text","adjust_price":false,"price":"","price_type":"flat_fee","restrictions":false,"min":"0","max":"0","options":[{"label":"Dip\u00f2sit","price":"80","price_type":"flat_fee","image":0,"visibility":true}]},{"name":"Guitarres El\u00e8ctriques","type":"checkbox","position":0,"required":false,"title_format":"label","default":"","description_enable":false,"description":"","placeholder_enable":false,"placeholder":"","display":"select","restrictions_type":"any_text","adjust_price":false,"price":"","price_type":"flat_fee","restrictions":false,"min":"0","max":"0","options":[{"label":"Cable d'Instrument Jack 1\/4","price":"5.00","price_type":"quantity_based","image":0,"visibility":true},{"label":"Pua de Qualitat","price":"2.00","price_type":"quantity_based","image":0,"visibility":true},{"label":"Pua Est\u00e0ndard","price":"1.00","price_type":"quantity_based","image":0,"visibility":true},{"label":"Corretja","price":"5.00","price_type":"quantity_based","image":0,"visibility":true},{"label":"Capo - Guitarra El\u00e8ctrica","price":"5.00","price_type":"quantity_based","image":0,"visibility":true},{"label":"Afinador","price":"5.00","price_type":"flat_fee","image":0,"visibility":true},{"label":"Faristol de Qualitat","price":"9.00","price_type":"quantity_based","image":0,"visibility":true},{"label":"Faristol","price":"5.00","price_type":"quantity_based","image":0,"visibility":true}]}],"acf":{"set_to_be_sold":false,"sale_description":"","sale_price":""},"_links":{"self":[{"href":"https:\/\/shinemusicrental.com\/ca\/wp-json\/wp\/v2\/product\/1585","targetHints":{"allow":["GET"]}}],"collection":[{"href":"https:\/\/shinemusicrental.com\/ca\/wp-json\/wp\/v2\/product"}],"about":[{"href":"https:\/\/shinemusicrental.com\/ca\/wp-json\/wp\/v2\/types\/product"}],"replies":[{"embeddable":true,"href":"https:\/\/shinemusicrental.com\/ca\/wp-json\/wp\/v2\/comments?post=1585"}],"wp:featuredmedia":[{"embeddable":true,"href":"https:\/\/shinemusicrental.com\/ca\/wp-json\/wp\/v2\/media\/1588"}],"wp:attachment":[{"href":"https:\/\/shinemusicrental.com\/ca\/wp-json\/wp\/v2\/media?parent=1585"}],"wp:term":[{"taxonomy":"product_brand","embeddable":true,"href":"https:\/\/shinemusicrental.com\/ca\/wp-json\/wp\/v2\/product_brand?post=1585"},{"taxonomy":"product_cat","embeddable":true,"href":"https:\/\/shinemusicrental.com\/ca\/wp-json\/wp\/v2\/product_cat?post=1585"},{"taxonomy":"product_tag","embeddable":true,"href":"https:\/\/shinemusicrental.com\/ca\/wp-json\/wp\/v2\/product_tag?post=1585"}],"curies":[{"name":"wp","href":"https:\/\/api.w.org\/{rel}","templated":true}]}}