{"id":15789,"date":"2024-04-02T16:39:08","date_gmt":"2024-04-02T14:39:08","guid":{"rendered":"https:\/\/shinemusicrental.com\/product\/jackson-pro-series-dk2qm-dinky-electric-guitar\/"},"modified":"2024-12-17T12:45:01","modified_gmt":"2024-12-17T11:45:01","slug":"jackson-pro-series-dk2qm-dinky-guitarra-electrica","status":"publish","type":"product","link":"https:\/\/shinemusicrental.com\/ca\/product\/jackson-pro-series-dk2qm-dinky-guitarra-electrica\/","title":{"rendered":"Jackson Pro Series DK2QM Dinky Guitarra El\u00e8ctrica"},"content":{"rendered":"<p>La Jackson Pro Series DK2QM Dinky Electric Guitar \u00e9s un instrument d&#8217;alt rendiment dissenyat per a precisi\u00f3 i velocitat. Amb r\u00e0di compost de 12\u201d-16\u201d i 24 trasts jumbo ofereix una execuci\u00f3 suau, ideal per a sols r\u00e0pids i riffs complexos. Tr\u00e8mol Floyd Rose 1000 Series de doble bloqueig garanteix estabilitat d&#8217;afinaci\u00f3 a execucions agressives. Per als qui busquen lloguer d&#8217;instruments o volen llogar una guitarra el\u00e8ctrica, la Jackson DK2QM \u00e9s una opci\u00f3 fiable i enfocada al rendiment per a m\u00fasics exigents.<\/p>\n<div id=\"gtx-trans\" style=\"position: absolute; left: -27px; top: -0.53125px;\">\n<div class=\"gtx-trans-icon\"><\/div>\n<\/div>\n","protected":false},"excerpt":{"rendered":"<p>La Jackson Pro Series DK2QM Dinky Electric Guitar \u00e9s un instrument d&#8217;alt rendiment dissenyat per a precisi\u00f3 i velocitat. Amb r\u00e0di compost de 12\u201d-16\u201d i 24 trasts jumbo ofereix una execuci\u00f3 suau, ideal per a sols r\u00e0pids i riffs complexos.<\/p>\n","protected":false},"featured_media":15781,"comment_status":"open","ping_status":"closed","template":"","meta":{"_acf_changed":false,"content-type":""},"product_brand":[],"product_cat":[176,194],"product_tag":[568,570,572,536,564,460,566,561,590,462,464,592,558,806],"class_list":{"0":"post-15789","1":"product","2":"type-product","3":"status-publish","4":"has-post-thumbnail","6":"product_cat-guitarres-i-baixos","7":"product_cat-guitarres-electriques","8":"product_tag-guitarra-ca","9":"product_tag-guitarra-barcelona-ca","10":"product_tag-guitarra-de-lloguer","11":"product_tag-guitarra-electrica-ca","12":"product_tag-guitarra-espanya","13":"product_tag-guitarres","14":"product_tag-guitarres-espanya","15":"product_tag-lloguer-dinstruments-ca","16":"product_tag-lloguer-dinstruments-ca-2","17":"product_tag-lloguer-dinstruments","18":"product_tag-lloguer-dinstruments-barcelona","19":"product_tag-lloguer-dinstruments-espanya-ca","20":"product_tag-lloguer-dinstruments-espanya","21":"product_tag-set-de-guitarra-ca","23":"first","24":"instock","25":"featured","26":"sold-individually","27":"shipping-taxable","28":"purchasable","29":"product-type-booking"},"booking_location":"","booking_location_type":"","booking_duration":1,"booking_duration_unit":"day","booking_buffer":0,"booking_cost":0,"booking_resources":[],"exclude_global_add_ons":false,"addons":[{"name":"Deposit","type":"checkbox","position":0,"required":true,"title_format":"hide","default":"","description_enable":true,"description":"","placeholder_enable":false,"placeholder":"","display":"select","restrictions_type":"any_text","adjust_price":false,"price":"","price_type":"flat_fee","restrictions":false,"min":"0","max":"0","options":[{"label":"Deposit","price":"300","price_type":"flat_fee","image":0,"visibility":true}]},{"name":"Guitarres El\u00e8ctriques","type":"checkbox","position":0,"required":false,"title_format":"label","default":"","description_enable":false,"description":"","placeholder_enable":false,"placeholder":"","display":"select","restrictions_type":"any_text","adjust_price":false,"price":"","price_type":"flat_fee","restrictions":false,"min":"0","max":"0","options":[{"label":"Cable d'Instrument Jack 1\/4","price":"5.00","price_type":"quantity_based","image":0,"visibility":true},{"label":"Pua de Qualitat","price":"2.00","price_type":"quantity_based","image":0,"visibility":true},{"label":"Pua Est\u00e0ndard","price":"1.00","price_type":"quantity_based","image":0,"visibility":true},{"label":"Corretja","price":"5.00","price_type":"quantity_based","image":0,"visibility":true},{"label":"Capo - Guitarra El\u00e8ctrica","price":"5.00","price_type":"quantity_based","image":0,"visibility":true},{"label":"Afinador","price":"5.00","price_type":"flat_fee","image":0,"visibility":true},{"label":"Faristol de Qualitat","price":"9.00","price_type":"quantity_based","image":0,"visibility":true},{"label":"Faristol","price":"5.00","price_type":"quantity_based","image":0,"visibility":true}]}],"acf":{"set_to_be_sold":false,"sale_description":"","sale_price":""},"_links":{"self":[{"href":"https:\/\/shinemusicrental.com\/ca\/wp-json\/wp\/v2\/product\/15789","targetHints":{"allow":["GET"]}}],"collection":[{"href":"https:\/\/shinemusicrental.com\/ca\/wp-json\/wp\/v2\/product"}],"about":[{"href":"https:\/\/shinemusicrental.com\/ca\/wp-json\/wp\/v2\/types\/product"}],"replies":[{"embeddable":true,"href":"https:\/\/shinemusicrental.com\/ca\/wp-json\/wp\/v2\/comments?post=15789"}],"wp:featuredmedia":[{"embeddable":true,"href":"https:\/\/shinemusicrental.com\/ca\/wp-json\/wp\/v2\/media\/15781"}],"wp:attachment":[{"href":"https:\/\/shinemusicrental.com\/ca\/wp-json\/wp\/v2\/media?parent=15789"}],"wp:term":[{"taxonomy":"product_brand","embeddable":true,"href":"https:\/\/shinemusicrental.com\/ca\/wp-json\/wp\/v2\/product_brand?post=15789"},{"taxonomy":"product_cat","embeddable":true,"href":"https:\/\/shinemusicrental.com\/ca\/wp-json\/wp\/v2\/product_cat?post=15789"},{"taxonomy":"product_tag","embeddable":true,"href":"https:\/\/shinemusicrental.com\/ca\/wp-json\/wp\/v2\/product_tag?post=15789"}],"curies":[{"name":"wp","href":"https:\/\/api.w.org\/{rel}","templated":true}]}}