{"id":1577,"date":"2022-10-26T16:12:54","date_gmt":"2022-10-26T14:12:54","guid":{"rendered":"http:\/\/www.shinemusicrental.com\/product\/camps-preludio-guitarra-espanyola\/"},"modified":"2023-03-17T15:45:11","modified_gmt":"2023-03-17T14:45:11","slug":"camps-preludio-guitarra-espanyola","status":"publish","type":"product","link":"https:\/\/shinemusicrental.com\/ca\/product\/camps-preludio-guitarra-espanyola\/","title":{"rendered":"Camps Preludio Guitarra Espanyola"},"content":{"rendered":"<p>La Guitarra Espanyola Camps Preludio, un magn\u00edfic instrument que emana un so genu\u00ed i delici\u00f3s, \u00e9s de qualitat excepcional. Aquesta guitarra est\u00e0 fabricada a Espanya utilitzant fustes tonals seleccionades i procediments de construcci\u00f3 convencionals, generant un to c\u00e0lid i sim\u00e8tric que s&#8217;adapta a una \u00e0mplia gamma d&#8217;estils musicals. El seu pal \u00e9s c\u00f2mode i la seva acci\u00f3 \u00e9s baixa, cosa que ho fa f\u00e0cil de tocar, i aix\u00f2 el fa ideal tant per a principiants com per a professionals.<\/p>\n<p>Aquesta guitarra espanyola compta amb una tapa de cedre mass\u00eds, c\u00e8rcols i fons de palissandre i un diapas\u00f3 de palissandre, cosa que li dona un aspecte elegant i tradicional. La seva projecci\u00f3 notable i capacitat per mantenir el so el converteixen en una opci\u00f3 fiable tant per a presentacions en viu com per a sessions d&#8217;enregistrament.<\/p>\n<p>Llogar una guitarra espanyola, com la Camps Preludio, pot ser una alternativa excel\u00b7lent per als que vulguin experimentar amb un nou instrument. Tocar aquesta guitarra \u00e9s com conversar en un bell idioma amb els dits, transmetre les emocions i la inventiva a trav\u00e9s de la m\u00fasica. En general aquest \u00e9s un instrument magn\u00edfic i adaptable que pot aportar un toc espanyol a qualsevol composici\u00f3 mel\u00f2dica.<\/p>\n","protected":false},"excerpt":{"rendered":"<p><strong>Dip\u00f2sit: \u20ac140<\/strong><\/p>\n<div id=\"gtx-trans\" style=\"position: absolute; left: -96px; top: -10.6667px;\">\n<div class=\"gtx-trans-icon\"><\/div>\n<\/div>\n","protected":false},"featured_media":1574,"comment_status":"open","ping_status":"closed","template":"","meta":{"_acf_changed":false,"content-type":""},"product_brand":[],"product_cat":[176,192,206],"product_tag":[568,570,572,564,460,566,562,561,462,590,464,490,592,558],"class_list":{"0":"post-1577","1":"product","2":"type-product","3":"status-publish","4":"has-post-thumbnail","6":"product_cat-guitarres-i-baixos","7":"product_cat-guitarres-classiques","8":"product_cat-guitarres-espanyoles","9":"product_tag-guitarra-ca","10":"product_tag-guitarra-barcelona-ca","11":"product_tag-guitarra-de-lloguer","12":"product_tag-guitarra-espanya","13":"product_tag-guitarres","14":"product_tag-guitarres-espanya","15":"product_tag-instruments-de-contractacio","16":"product_tag-lloguer-dinstruments-ca","17":"product_tag-lloguer-dinstruments","18":"product_tag-lloguer-dinstruments-ca-2","19":"product_tag-lloguer-dinstruments-barcelona","20":"product_tag-lloguer-dinstruments-barcelona-ca","21":"product_tag-lloguer-dinstruments-espanya-ca","22":"product_tag-lloguer-dinstruments-espanya","24":"first","25":"instock","26":"sold-individually","27":"shipping-taxable","28":"purchasable","29":"product-type-booking"},"booking_location":"","booking_location_type":"","booking_duration":1,"booking_duration_unit":"day","booking_buffer":0,"booking_cost":0,"booking_resources":[],"exclude_global_add_ons":false,"addons":[{"name":"Dip\u00f2sit","type":"checkbox","position":0,"required":false,"title_format":"hide","default":"","description_enable":false,"description":"","placeholder_enable":false,"placeholder":"","display":"select","restrictions_type":"any_text","adjust_price":false,"price":"","price_type":"flat_fee","restrictions":false,"min":"0","max":"0","options":[{"label":"Dip\u00f2sit","price":"140","price_type":"flat_fee","image":0,"visibility":true}]},{"name":"Guitarres Cl\u00e0ssiques","type":"checkbox","position":0,"required":false,"title_format":"label","default":"","description_enable":false,"description":"","placeholder_enable":false,"placeholder":"","display":"select","restrictions_type":"any_text","adjust_price":false,"price":"","price_type":"flat_fee","restrictions":false,"min":"0","max":"0","options":[{"label":"Afinador","price":"5.00","price_type":"quantity_based","image":0,"visibility":true},{"label":"Recolzapeus per a Guitarra de Qualitat","price":"9.00","price_type":"quantity_based","image":0,"visibility":true},{"label":"Recolzapeus per a Guitarra Est\u00e0ndard","price":"5.00","price_type":"quantity_based","image":0,"visibility":true},{"label":"Faristol de Qualitat","price":"9.00","price_type":"quantity_based","image":0,"visibility":true},{"label":"Faristol","price":"5.00","price_type":"quantity_based","image":0,"visibility":true},{"label":"Capo - Guitarra Cl\u00e0ssica","price":"5.00","price_type":"quantity_based","image":0,"visibility":true},{"label":"Pua de Qualitat","price":"2.00","price_type":"quantity_based","image":0,"visibility":true},{"label":"Pua Est\u00e0ndard","price":"1.00","price_type":"quantity_based","image":0,"visibility":true}]}],"acf":{"set_to_be_sold":false,"sale_description":"","sale_price":""},"_links":{"self":[{"href":"https:\/\/shinemusicrental.com\/ca\/wp-json\/wp\/v2\/product\/1577","targetHints":{"allow":["GET"]}}],"collection":[{"href":"https:\/\/shinemusicrental.com\/ca\/wp-json\/wp\/v2\/product"}],"about":[{"href":"https:\/\/shinemusicrental.com\/ca\/wp-json\/wp\/v2\/types\/product"}],"replies":[{"embeddable":true,"href":"https:\/\/shinemusicrental.com\/ca\/wp-json\/wp\/v2\/comments?post=1577"}],"wp:featuredmedia":[{"embeddable":true,"href":"https:\/\/shinemusicrental.com\/ca\/wp-json\/wp\/v2\/media\/1574"}],"wp:attachment":[{"href":"https:\/\/shinemusicrental.com\/ca\/wp-json\/wp\/v2\/media?parent=1577"}],"wp:term":[{"taxonomy":"product_brand","embeddable":true,"href":"https:\/\/shinemusicrental.com\/ca\/wp-json\/wp\/v2\/product_brand?post=1577"},{"taxonomy":"product_cat","embeddable":true,"href":"https:\/\/shinemusicrental.com\/ca\/wp-json\/wp\/v2\/product_cat?post=1577"},{"taxonomy":"product_tag","embeddable":true,"href":"https:\/\/shinemusicrental.com\/ca\/wp-json\/wp\/v2\/product_tag?post=1577"}],"curies":[{"name":"wp","href":"https:\/\/api.w.org\/{rel}","templated":true}]}}