{"id":1549,"date":"2022-10-26T15:42:45","date_gmt":"2022-10-26T13:42:45","guid":{"rendered":"http:\/\/www.shinemusicrental.com\/product\/stentor-student-violi-4-4\/"},"modified":"2023-03-20T14:34:42","modified_gmt":"2023-03-20T13:34:42","slug":"stentor-student-violi-4-4","status":"publish","type":"product","link":"https:\/\/shinemusicrental.com\/ca\/product\/stentor-student-violi-4-4\/","title":{"rendered":"Stentor Student Viol\u00ed 4\/4"},"content":{"rendered":"<p>El viol\u00ed Stentor Student 4\/4 \u00e9s una excel\u00b7lent opci\u00f3 per als principiants que estan aprenent a tocar el viol\u00ed. La qualitat del seu so i la seva construcci\u00f3 s\u00f3n ideals per als joves m\u00fasics, assegurant una experi\u00e8ncia de joc c\u00f2moda i agradable. L&#8217;instrument est\u00e0 fet de fustes s\u00f2lides, incloent-hi avet per a la tapa i aur\u00f3 per al fons, els costats i el m\u00e0nec, la qual cosa contribueix al seu so c\u00e0lid i ressonant. El viol\u00ed compta amb un diapas\u00f3 i clavilles de fusta dura, i ve amb un arc de fusta i una caixa lleugera per a un transport f\u00e0cil. El seu disseny cl\u00e0ssic i el seu preu assequible el converteixen en una excel\u00b7lent opci\u00f3 per a aquells que desitgen llogar un viol\u00ed. Amb el manteniment i el cura adequats, aquest viol\u00ed pot durar molts anys, acompanyant al m\u00fasic en el seu cam\u00ed cap a esdevenir un int\u00e8rpret expert.<\/p>\n<div id=\"gtx-trans\" style=\"position: absolute; left: 912px; top: -0.53125px;\">\n<div class=\"gtx-trans-icon\"><\/div>\n<\/div>\n","protected":false},"excerpt":{"rendered":"<div class=\"woocommerce-product-details__short-description\">\n<p><strong>Dip\u00f2sit: \u20ac70<\/strong><\/p>\n<\/div>\n<div id=\"gtx-trans\" style=\"position: absolute; left: -145px; top: -10.6667px;\">\n<div class=\"gtx-trans-icon\"><\/div>\n<\/div>\n","protected":false},"featured_media":1546,"comment_status":"open","ping_status":"closed","template":"","meta":{"_acf_changed":false,"content-type":""},"product_brand":[],"product_cat":[318,328],"product_tag":[562,492,494,496,500,498,502,462,590,561,464,490,592,558,722],"class_list":{"0":"post-1549","1":"product","2":"type-product","3":"status-publish","4":"has-post-thumbnail","6":"product_cat-instruments-de-corda","7":"product_cat-violins-ca-2","8":"product_tag-instruments-de-contractacio","9":"product_tag-instruments-de-corda","10":"product_tag-instruments-de-corda-ca","11":"product_tag-instruments-de-corda-barcelona","12":"product_tag-instruments-de-corda-de-lloguer","13":"product_tag-instruments-de-corda-es","14":"product_tag-instruments-de-corda-espanya","15":"product_tag-lloguer-dinstruments","16":"product_tag-lloguer-dinstruments-ca-2","17":"product_tag-lloguer-dinstruments-ca","18":"product_tag-lloguer-dinstruments-barcelona","19":"product_tag-lloguer-dinstruments-barcelona-ca","20":"product_tag-lloguer-dinstruments-espanya-ca","21":"product_tag-lloguer-dinstruments-espanya","22":"product_tag-violi","24":"first","25":"instock","26":"sold-individually","27":"shipping-taxable","28":"purchasable","29":"product-type-booking"},"booking_location":"","booking_location_type":"","booking_duration":1,"booking_duration_unit":"day","booking_buffer":0,"booking_cost":0,"booking_resources":[],"exclude_global_add_ons":false,"addons":[{"name":"Dip\u00f2sit","type":"checkbox","position":0,"required":false,"title_format":"hide","default":"","description_enable":false,"description":"","placeholder_enable":false,"placeholder":"","display":"select","restrictions_type":"any_text","adjust_price":false,"price":"","price_type":"flat_fee","restrictions":false,"min":"0","max":"0","options":[{"label":"Dip\u00f2sit","price":"70","price_type":"flat_fee","image":0,"visibility":true}]},{"name":"Violins","type":"checkbox","position":0,"required":false,"title_format":"label","default":"","description_enable":true,"description":"","placeholder_enable":false,"placeholder":"","display":"select","restrictions_type":"any_text","adjust_price":false,"price":"","price_type":"flat_fee","restrictions":false,"min":"0","max":"0","options":[{"label":"Costella","price":"9.00","price_type":"quantity_based","image":0,"visibility":true},{"label":"Suport per a Viol\u00ed","price":"5.00","price_type":"quantity_based","image":0,"visibility":true},{"label":"Faristol","price":"5.00","price_type":"quantity_based","image":0,"visibility":true},{"label":"Faristol de Qualitat","price":"9.00","price_type":"quantity_based","image":0,"visibility":true},{"label":"Afinador","price":"5.00","price_type":"quantity_based","image":0,"visibility":true},{"label":"Sordina","price":"2.00","price_type":"quantity_based","image":0,"visibility":true}]}],"acf":{"set_to_be_sold":false,"sale_description":"","sale_price":""},"_links":{"self":[{"href":"https:\/\/shinemusicrental.com\/ca\/wp-json\/wp\/v2\/product\/1549","targetHints":{"allow":["GET"]}}],"collection":[{"href":"https:\/\/shinemusicrental.com\/ca\/wp-json\/wp\/v2\/product"}],"about":[{"href":"https:\/\/shinemusicrental.com\/ca\/wp-json\/wp\/v2\/types\/product"}],"replies":[{"embeddable":true,"href":"https:\/\/shinemusicrental.com\/ca\/wp-json\/wp\/v2\/comments?post=1549"}],"wp:featuredmedia":[{"embeddable":true,"href":"https:\/\/shinemusicrental.com\/ca\/wp-json\/wp\/v2\/media\/1546"}],"wp:attachment":[{"href":"https:\/\/shinemusicrental.com\/ca\/wp-json\/wp\/v2\/media?parent=1549"}],"wp:term":[{"taxonomy":"product_brand","embeddable":true,"href":"https:\/\/shinemusicrental.com\/ca\/wp-json\/wp\/v2\/product_brand?post=1549"},{"taxonomy":"product_cat","embeddable":true,"href":"https:\/\/shinemusicrental.com\/ca\/wp-json\/wp\/v2\/product_cat?post=1549"},{"taxonomy":"product_tag","embeddable":true,"href":"https:\/\/shinemusicrental.com\/ca\/wp-json\/wp\/v2\/product_tag?post=1549"}],"curies":[{"name":"wp","href":"https:\/\/api.w.org\/{rel}","templated":true}]}}