{"id":14568,"date":"2023-11-23T11:17:37","date_gmt":"2023-11-23T10:17:37","guid":{"rendered":"https:\/\/shinemusicrental.com\/product\/roland-gokeys\/"},"modified":"2024-04-12T15:00:44","modified_gmt":"2024-04-12T13:00:44","slug":"roland-gokeys","status":"publish","type":"product","link":"https:\/\/shinemusicrental.com\/ca\/product\/roland-gokeys\/","title":{"rendered":"Roland Go:Keys"},"content":{"rendered":"<p>El Roland Go:Keys \u00e9s un teclat port\u00e0til dissenyat per a m\u00fasics en moviment. Amb 61 tecles de mida completa, proporciona una experi\u00e8ncia de tocabilitat c\u00f2moda i receptiva. Alimentat per bateries o un adaptador de corrent altern ofereix flexibilitat per a diversos entorns d&#8217;interpretaci\u00f3. El teclat compta amb una varietat de sons, inclosos els aclamats tons de piano de Roland, garantint versatilitat a l&#8217;expressi\u00f3 musical. Amb connectivitat Bluetooth, el Go:Keys s&#8217;integra f\u00e0cilment amb dispositius m\u00f2bils per a una funcionalitat millorada. Tamb\u00e9 inclou la funci\u00f3 Loop Mix per a la producci\u00f3 de m\u00fasica improvisada. Amb un pes de poc m\u00e9s de 3 quilograms, aquest instrument lleuger \u00e9s f\u00e0cil de transportar. Els m\u00fasics que busquen una soluci\u00f3 de teclat temporal poden explorar els serveis de lloguer d&#8217;instruments per experimentar el Roland Go:Keys a diferents entorns musicals.<\/p>\n<div id=\"gtx-trans\" style=\"position: absolute; left: -67px; top: -0.666666px;\">\n<div class=\"gtx-trans-icon\"><\/div>\n<\/div>\n","protected":false},"excerpt":{"rendered":"<p>El Roland Go:Keys \u00e9s un teclat port\u00e0til dissenyat per a m\u00fasics en moviment. Amb 61 tecles de mida completa, proporciona [&hellip;]<\/p>\n","protected":false},"featured_media":14561,"comment_status":"open","ping_status":"closed","template":"","meta":{"_acf_changed":false,"content-type":""},"product_brand":[],"product_cat":[132,133],"product_tag":[562,462,590,561,464,490,592,558,478,479,488,482,484,486,764],"class_list":{"0":"post-14568","1":"product","2":"type-product","3":"status-publish","4":"has-post-thumbnail","6":"product_cat-instruments-de-teclat","7":"product_cat-pianos-digitals","8":"product_tag-instruments-de-contractacio","9":"product_tag-lloguer-dinstruments","10":"product_tag-lloguer-dinstruments-ca-2","11":"product_tag-lloguer-dinstruments-ca","12":"product_tag-lloguer-dinstruments-barcelona","13":"product_tag-lloguer-dinstruments-barcelona-ca","14":"product_tag-lloguer-dinstruments-espanya-ca","15":"product_tag-lloguer-dinstruments-espanya","16":"product_tag-piano-ca","17":"product_tag-piano-es-ca","18":"product_tag-piano-espanya","19":"product_tag-pianos-ca","20":"product_tag-pianos-barcelona-ca","21":"product_tag-pianos-de-lloguer","22":"product_tag-roland-ca","24":"first","25":"instock","26":"featured","27":"sold-individually","28":"shipping-taxable","29":"purchasable","30":"product-type-booking"},"booking_location":"","booking_location_type":"","booking_duration":1,"booking_duration_unit":"day","booking_buffer":0,"booking_cost":0,"booking_resources":[],"exclude_global_add_ons":false,"addons":[{"name":"Deposit","type":"checkbox","position":0,"required":true,"title_format":"hide","default":"","description_enable":false,"description":"","placeholder_enable":false,"placeholder":"","display":"select","restrictions_type":"any_text","adjust_price":false,"price":"","price_type":"flat_fee","restrictions":false,"min":"0","max":"0","options":[{"label":"Deposit","price":"130","price_type":"flat_fee","image":0,"visibility":true}]},{"name":"PIANO EL\u00c8CTRIC","type":"checkbox","position":0,"required":true,"title_format":"label","default":"","description_enable":false,"description":"","placeholder_enable":false,"placeholder":"","display":"select","restrictions_type":"any_text","adjust_price":false,"price":"","price_type":"flat_fee","restrictions":false,"min":"0","max":"0","options":[{"label":"Pedal de Sustain de Qualitat","price":"10.00","price_type":"quantity_based","image":0,"visibility":true},{"label":"Suport","price":"10.00","price_type":"quantity_based","image":0,"visibility":true},{"label":"Tamboret de Piano de Qualitat","price":"25.00","price_type":"quantity_based","image":0,"visibility":true},{"label":"Tamboret de Piano","price":"10.00","price_type":"quantity_based","image":0,"visibility":true}]}],"acf":{"set_to_be_sold":false,"sale_description":"","sale_price":""},"_links":{"self":[{"href":"https:\/\/shinemusicrental.com\/ca\/wp-json\/wp\/v2\/product\/14568","targetHints":{"allow":["GET"]}}],"collection":[{"href":"https:\/\/shinemusicrental.com\/ca\/wp-json\/wp\/v2\/product"}],"about":[{"href":"https:\/\/shinemusicrental.com\/ca\/wp-json\/wp\/v2\/types\/product"}],"replies":[{"embeddable":true,"href":"https:\/\/shinemusicrental.com\/ca\/wp-json\/wp\/v2\/comments?post=14568"}],"wp:featuredmedia":[{"embeddable":true,"href":"https:\/\/shinemusicrental.com\/ca\/wp-json\/wp\/v2\/media\/14561"}],"wp:attachment":[{"href":"https:\/\/shinemusicrental.com\/ca\/wp-json\/wp\/v2\/media?parent=14568"}],"wp:term":[{"taxonomy":"product_brand","embeddable":true,"href":"https:\/\/shinemusicrental.com\/ca\/wp-json\/wp\/v2\/product_brand?post=14568"},{"taxonomy":"product_cat","embeddable":true,"href":"https:\/\/shinemusicrental.com\/ca\/wp-json\/wp\/v2\/product_cat?post=14568"},{"taxonomy":"product_tag","embeddable":true,"href":"https:\/\/shinemusicrental.com\/ca\/wp-json\/wp\/v2\/product_tag?post=14568"}],"curies":[{"name":"wp","href":"https:\/\/api.w.org\/{rel}","templated":true}]}}