{"id":1425,"date":"2022-10-26T12:32:14","date_gmt":"2022-10-26T10:32:14","guid":{"rendered":"http:\/\/www.shinemusicrental.com\/product\/roland-cube-street-bk-amplificador\/"},"modified":"2024-04-09T16:08:32","modified_gmt":"2024-04-09T14:08:32","slug":"roland-cube-street-amplificador","status":"publish","type":"product","link":"https:\/\/shinemusicrental.com\/ca\/product\/roland-cube-street-amplificador\/","title":{"rendered":"Roland Cube Street BK Amplificador"},"content":{"rendered":"<p>Si ets un m\u00fasic que est\u00e0 en moviment, el nou CUBE Street \u00e9s per a tu. Ja sigui que vagi a un assaig, a una classe, a un concert al carrer oa qualsevol situaci\u00f3 que requereixi portabilitat i versatilitat, CUBE Street \u00e9s una meravella alimentada per bateries que est\u00e0 a punt per viatjar r\u00e0pid. El CUBE Street sona incre\u00efble i \u00e9s capa\u00e7 de produir un volum alt gr\u00e0cies als amplificadors de pot\u00e8ncia digitals duals i un parell d&#8217;altaveus d&#8217;alt rendiment. I espereu fins que escolteu els efectes incorporats i els models d&#8217;amplificador! Llogui aquest amplificador o similar a la nostra molt competitiva tarifa.<\/p>\n<div id=\"gtx-trans\" style=\"position: absolute; left: -36px; top: -10.6667px;\">\n<div class=\"gtx-trans-icon\"><\/div>\n<\/div>\n","protected":false},"excerpt":{"rendered":"<p><strong>Dip\u00f2sit: \u20ac120<\/strong><\/p>\n<p>Si ets un m\u00fasic que est\u00e0 en moviment, el nou CUBE Street \u00e9s per a tu. Ja sigui que vagi a un assaig, a una classe, a un concert al carrer oa qualsevol situaci\u00f3 que requereixi portabilitat i versatilitat.<\/p>\n<div id=\"gtx-trans\" style=\"position: absolute; left: -120px; top: -10.6667px;\">\n<div class=\"gtx-trans-icon\"><\/div>\n<\/div>\n","protected":false},"featured_media":1421,"comment_status":"open","ping_status":"closed","template":"","meta":{"_acf_changed":false,"content-type":""},"product_brand":[],"product_cat":[176,200,330,346],"product_tag":[681,683,568,570,572,564,460,566,562,561,462,590,464,490,592,558],"class_list":{"0":"post-1425","1":"product","2":"type-product","3":"status-publish","4":"has-post-thumbnail","6":"product_cat-guitarres-i-baixos","7":"product_cat-amplificadors-de-guitarra","8":"product_cat-estudi","9":"product_cat-altaveus","10":"product_tag-amplificador-ca","11":"product_tag-amplificador-de-guitarra-ca","12":"product_tag-guitarra-ca","13":"product_tag-guitarra-barcelona-ca","14":"product_tag-guitarra-de-lloguer","15":"product_tag-guitarra-espanya","16":"product_tag-guitarres","17":"product_tag-guitarres-espanya","18":"product_tag-instruments-de-contractacio","19":"product_tag-lloguer-dinstruments-ca","20":"product_tag-lloguer-dinstruments","21":"product_tag-lloguer-dinstruments-ca-2","22":"product_tag-lloguer-dinstruments-barcelona","23":"product_tag-lloguer-dinstruments-barcelona-ca","24":"product_tag-lloguer-dinstruments-espanya-ca","25":"product_tag-lloguer-dinstruments-espanya","27":"first","28":"instock","29":"sold-individually","30":"shipping-taxable","31":"purchasable","32":"product-type-booking"},"booking_location":"","booking_location_type":"","booking_duration":1,"booking_duration_unit":"day","booking_buffer":0,"booking_cost":0,"booking_resources":[],"exclude_global_add_ons":false,"addons":[{"name":"Dip\u00f2sit","type":"checkbox","position":0,"required":false,"title_format":"hide","default":"","description_enable":false,"description":"","placeholder_enable":false,"placeholder":"","display":"select","restrictions_type":"any_text","adjust_price":false,"price":"","price_type":"flat_fee","restrictions":false,"min":"0","max":"0","options":[{"label":"Dip\u00f2sit","price":"120","price_type":"flat_fee","image":0,"visibility":true}]},{"name":"Amplificadors (tots)","type":"checkbox","position":0,"required":false,"title_format":"label","default":"","description_enable":false,"description":"","placeholder_enable":false,"placeholder":"","display":"select","restrictions_type":"any_text","adjust_price":false,"price":"","price_type":"flat_fee","restrictions":false,"min":"0","max":"0","options":[{"label":"Cable d'Instrument Jack 1\/4","price":"5.00","price_type":"quantity_based","image":0,"visibility":true},{"label":"DI Box","price":"5.00","price_type":"quantity_based","image":0,"visibility":true}]},{"name":"ALTAVEUS PA","type":"checkbox","position":0,"required":false,"title_format":"label","default":"","description_enable":false,"description":"","placeholder_enable":false,"placeholder":"","display":"select","restrictions_type":"any_text","adjust_price":false,"price":"","price_type":"flat_fee","restrictions":false,"min":"0","max":"0","options":[{"label":"Cable d'Instrument Jack 1\/4","price":"5.00","price_type":"quantity_based","image":0,"visibility":true},{"label":"Cable XLR","price":"5.00","price_type":"quantity_based","image":0,"visibility":true},{"label":"Taula de Mescles (est\u00e0ndard)","price":"55.00","price_type":"quantity_based","image":0,"visibility":true},{"label":"Suport","price":"19.00","price_type":"quantity_based","image":0,"visibility":true},{"label":"DI Box","price":"5","price_type":"quantity_based","image":0,"visibility":true}]}],"acf":{"set_to_be_sold":false,"sale_description":"","sale_price":""},"_links":{"self":[{"href":"https:\/\/shinemusicrental.com\/ca\/wp-json\/wp\/v2\/product\/1425","targetHints":{"allow":["GET"]}}],"collection":[{"href":"https:\/\/shinemusicrental.com\/ca\/wp-json\/wp\/v2\/product"}],"about":[{"href":"https:\/\/shinemusicrental.com\/ca\/wp-json\/wp\/v2\/types\/product"}],"replies":[{"embeddable":true,"href":"https:\/\/shinemusicrental.com\/ca\/wp-json\/wp\/v2\/comments?post=1425"}],"wp:featuredmedia":[{"embeddable":true,"href":"https:\/\/shinemusicrental.com\/ca\/wp-json\/wp\/v2\/media\/1421"}],"wp:attachment":[{"href":"https:\/\/shinemusicrental.com\/ca\/wp-json\/wp\/v2\/media?parent=1425"}],"wp:term":[{"taxonomy":"product_brand","embeddable":true,"href":"https:\/\/shinemusicrental.com\/ca\/wp-json\/wp\/v2\/product_brand?post=1425"},{"taxonomy":"product_cat","embeddable":true,"href":"https:\/\/shinemusicrental.com\/ca\/wp-json\/wp\/v2\/product_cat?post=1425"},{"taxonomy":"product_tag","embeddable":true,"href":"https:\/\/shinemusicrental.com\/ca\/wp-json\/wp\/v2\/product_tag?post=1425"}],"curies":[{"name":"wp","href":"https:\/\/api.w.org\/{rel}","templated":true}]}}