{"id":1418,"date":"2022-10-26T11:26:57","date_gmt":"2022-10-26T09:26:57","guid":{"rendered":"http:\/\/www.shinemusicrental.com\/product\/shure-beta-58-a-microfon\/"},"modified":"2023-03-16T11:43:28","modified_gmt":"2023-03-16T10:43:28","slug":"shure-beta-58-a-microfon","status":"publish","type":"product","link":"https:\/\/shinemusicrental.com\/ca\/product\/shure-beta-58-a-microfon\/","title":{"rendered":"Shure Beta 58 A Micr\u00f2fon"},"content":{"rendered":"<p>El micr\u00f2fon Shure Beta 58A \u00e9s un dispositiu d&#8217;\u00e0udio de primera l\u00ednia que presenta una oportunitat per a qualsevol persona que busqui un micr\u00f2fon superior per capturar la seva actuaci\u00f3 vocal. \u00c9s ben conegut per la seva excepcional capacitat per produir so cristal\u00b7l\u00ed de alta fidelitat amb una tonalitat rica i c\u00e0lida. El que el diferencia dels seus competidors \u00e9s el patr\u00f3 polar supercardioide del micr\u00f2fon, que minimitza en gran mesura el feedback no desitjat i millora la claredat durant les actuacions en viu. A m\u00e9s a m\u00e9s, el seu rang de resposta de freq\u00fc\u00e8ncia de 50 Hz-16 kHz \u00e9s perfecte per capturar rangs vocals i \u00e9s una especificaci\u00f3 t\u00e8cnica clau que el distingeix d&#8217;altres micr\u00f2fons. El Shure Beta 58A \u00e9s una opci\u00f3 preferida entre els professionals, gr\u00e0cies a la seva construcci\u00f3 robusta i el seu rendiment fiable, el que el converteix en una excel\u00b7lent opci\u00f3 per als que busquen serveis de lloguer d&#8217;instruments. Utilitzar aquest micr\u00f2fon \u00e9s com tenir un company lleial que captura la seva veu amb precisi\u00f3 i fidelitat.<\/p>\n","protected":false},"excerpt":{"rendered":"<p><strong>Dip\u00f2sit: \u20ac70<\/strong><\/p>\n<div id=\"gtx-trans\" style=\"position: absolute; left: 60px; top: 38.3333px;\">\n<div class=\"gtx-trans-icon\"><\/div>\n<\/div>\n","protected":false},"featured_media":1415,"comment_status":"open","ping_status":"closed","template":"","meta":{"_acf_changed":false,"content-type":""},"product_brand":[],"product_cat":[330,340],"product_tag":[506,508,512,510,514,504,562,462,590,561,464,490,592,558,777,779,778,775],"class_list":{"0":"post-1418","1":"product","2":"type-product","3":"status-publish","4":"has-post-thumbnail","6":"product_cat-estudi","7":"product_cat-microfons","8":"product_tag-equip-destudi","9":"product_tag-equip-destudi-barcelona","10":"product_tag-equip-destudi-de-lloguer","11":"product_tag-equip-destudi-es","12":"product_tag-equip-destudi-espanya","13":"product_tag-estudi","14":"product_tag-instruments-de-contractacio","15":"product_tag-lloguer-dinstruments","16":"product_tag-lloguer-dinstruments-ca-2","17":"product_tag-lloguer-dinstruments-ca","18":"product_tag-lloguer-dinstruments-barcelona","19":"product_tag-lloguer-dinstruments-barcelona-ca","20":"product_tag-lloguer-dinstruments-espanya-ca","21":"product_tag-lloguer-dinstruments-espanya","22":"product_tag-micro-ca","23":"product_tag-microfon","24":"product_tag-microfon-de-lloguer","25":"product_tag-shure-sm58-ca","27":"first","28":"instock","29":"sold-individually","30":"shipping-taxable","31":"purchasable","32":"product-type-booking"},"booking_location":"","booking_location_type":"","booking_duration":1,"booking_duration_unit":"day","booking_buffer":0,"booking_cost":0,"booking_resources":[],"exclude_global_add_ons":false,"addons":[{"name":"Dip\u00f2sit","type":"checkbox","position":0,"required":false,"title_format":"hide","default":"","description_enable":false,"description":"","placeholder_enable":false,"placeholder":"","display":"select","restrictions_type":"any_text","adjust_price":false,"price":"","price_type":"flat_fee","restrictions":false,"min":"0","max":"0","options":[{"label":"Dip\u00f2sit","price":"70","price_type":"flat_fee","image":0,"visibility":true}]}],"acf":{"set_to_be_sold":false,"sale_description":"","sale_price":""},"_links":{"self":[{"href":"https:\/\/shinemusicrental.com\/ca\/wp-json\/wp\/v2\/product\/1418","targetHints":{"allow":["GET"]}}],"collection":[{"href":"https:\/\/shinemusicrental.com\/ca\/wp-json\/wp\/v2\/product"}],"about":[{"href":"https:\/\/shinemusicrental.com\/ca\/wp-json\/wp\/v2\/types\/product"}],"replies":[{"embeddable":true,"href":"https:\/\/shinemusicrental.com\/ca\/wp-json\/wp\/v2\/comments?post=1418"}],"wp:featuredmedia":[{"embeddable":true,"href":"https:\/\/shinemusicrental.com\/ca\/wp-json\/wp\/v2\/media\/1415"}],"wp:attachment":[{"href":"https:\/\/shinemusicrental.com\/ca\/wp-json\/wp\/v2\/media?parent=1418"}],"wp:term":[{"taxonomy":"product_brand","embeddable":true,"href":"https:\/\/shinemusicrental.com\/ca\/wp-json\/wp\/v2\/product_brand?post=1418"},{"taxonomy":"product_cat","embeddable":true,"href":"https:\/\/shinemusicrental.com\/ca\/wp-json\/wp\/v2\/product_cat?post=1418"},{"taxonomy":"product_tag","embeddable":true,"href":"https:\/\/shinemusicrental.com\/ca\/wp-json\/wp\/v2\/product_tag?post=1418"}],"curies":[{"name":"wp","href":"https:\/\/api.w.org\/{rel}","templated":true}]}}