{"id":14167,"date":"2023-10-23T15:46:37","date_gmt":"2023-10-23T13:46:37","guid":{"rendered":"https:\/\/shinemusicrental.com\/product\/meinl-hcaj1nt-cajon\/"},"modified":"2024-04-11T15:02:11","modified_gmt":"2024-04-11T13:02:11","slug":"meinl-hcaj1nt-caixo","status":"publish","type":"product","link":"https:\/\/shinemusicrental.com\/ca\/product\/meinl-hcaj1nt-caixo\/","title":{"rendered":"Meinl HCAJ1NT Caix\u00f3"},"content":{"rendered":"<p>El Caix\u00f3 Meinl HCAJ1NT ofereix una soluci\u00f3 directa en percussi\u00f3, dissenyat per a la practicitat i la confian\u00e7a. Constru\u00eft amb una placa frontal de fusta de cautx\u00fa i un cos de MDF, aquest caix\u00f3 ofereix durabilitat i una c\u00e0lida resson\u00e0ncia tonal. Els filferros interns de sordina s\u00f3n ajustables, permetent als m\u00fasics personalitzar la resposta de sordina. Els cantons superiors s\u00f3n ajustables per alterar el so de palmada. Amb dimensions de 11.75&#8243; x 19.75&#8243; x 12&#8243;, el Caix\u00f3 HCAJ1NT \u00e9s compacte i f\u00e0cilment portable, equilibrades i vers\u00e0tils en diversos entorns musicals.<\/p>\n<div id=\"gtx-trans\" style=\"position: absolute; left: -69px; top: 48.3333px;\">\n<div class=\"gtx-trans-icon\"><\/div>\n<\/div>\n","protected":false},"excerpt":{"rendered":"<p>El Caix\u00f3 Meinl HCAJ1NT ofereix una soluci\u00f3 directa en percussi\u00f3, dissenyat per a la practicitat i la confian\u00e7a. Constru\u00eft amb [&hellip;]<\/p>\n","protected":false},"featured_media":14159,"comment_status":"open","ping_status":"closed","template":"","meta":{"_acf_changed":false,"content-type":""},"product_brand":[],"product_cat":[161,172],"product_tag":[551,458,544,540,542,538,767,562,561,462,590,464,490,592,558,466,467,470,474,471,476],"class_list":{"0":"post-14167","1":"product","2":"type-product","3":"status-publish","4":"has-post-thumbnail","6":"product_cat-bateries-i-percussions","7":"product_cat-percussions","8":"product_tag-bateria","9":"product_tag-bateries","10":"product_tag-bateries-barcelona","11":"product_tag-bateries-de-lloguer","12":"product_tag-bateries-es","13":"product_tag-bateries-espanya","14":"product_tag-caixo","15":"product_tag-instruments-de-contractacio","16":"product_tag-lloguer-dinstruments-ca","17":"product_tag-lloguer-dinstruments","18":"product_tag-lloguer-dinstruments-ca-2","19":"product_tag-lloguer-dinstruments-barcelona","20":"product_tag-lloguer-dinstruments-barcelona-ca","21":"product_tag-lloguer-dinstruments-espanya-ca","22":"product_tag-lloguer-dinstruments-espanya","23":"product_tag-percussio","24":"product_tag-percussions-ca","25":"product_tag-percussions-barcelona-ca","26":"product_tag-percussions-de-lloguer","27":"product_tag-percussions-es-ca","28":"product_tag-percussions-espanya","30":"first","31":"instock","32":"sold-individually","33":"shipping-taxable","34":"purchasable","35":"product-type-booking"},"booking_location":"","booking_location_type":"","booking_duration":1,"booking_duration_unit":"day","booking_buffer":0,"booking_cost":0,"booking_resources":[],"exclude_global_add_ons":false,"addons":[{"name":"Deposit","type":"checkbox","position":0,"required":true,"title_format":"hide","default":"","description_enable":false,"description":"","placeholder_enable":false,"placeholder":"","display":"select","restrictions_type":"any_text","adjust_price":false,"price":"","price_type":"flat_fee","restrictions":false,"min":"0","max":"0","options":[{"label":"Deposit","price":"50","price_type":"flat_fee","image":0,"visibility":true}]},{"name":"Totes les Bateries ","type":"checkbox","position":0,"required":false,"title_format":"label","default":"","description_enable":false,"description":"","placeholder_enable":false,"placeholder":"","display":"select","restrictions_type":"any_text","adjust_price":false,"price":"","price_type":"flat_fee","restrictions":false,"min":"0","max":"0","options":[{"label":"Baquetes","price":"6.00","price_type":"quantity_based","image":0,"visibility":true},{"label":"Set de Plats","price":"48.00","price_type":"quantity_based","image":0,"visibility":true}]},{"name":"All Percussion","type":"checkbox","position":0,"required":false,"title_format":"label","default":"","description_enable":false,"description":"","placeholder_enable":false,"placeholder":"","display":"select","restrictions_type":"any_text","adjust_price":false,"price":"","price_type":"flat_fee","restrictions":false,"min":"0","max":"0","options":[{"label":"Stand","price":"10","price_type":"quantity_based","image":0,"visibility":true}]}],"acf":{"set_to_be_sold":false,"sale_description":"","sale_price":""},"_links":{"self":[{"href":"https:\/\/shinemusicrental.com\/ca\/wp-json\/wp\/v2\/product\/14167","targetHints":{"allow":["GET"]}}],"collection":[{"href":"https:\/\/shinemusicrental.com\/ca\/wp-json\/wp\/v2\/product"}],"about":[{"href":"https:\/\/shinemusicrental.com\/ca\/wp-json\/wp\/v2\/types\/product"}],"replies":[{"embeddable":true,"href":"https:\/\/shinemusicrental.com\/ca\/wp-json\/wp\/v2\/comments?post=14167"}],"wp:featuredmedia":[{"embeddable":true,"href":"https:\/\/shinemusicrental.com\/ca\/wp-json\/wp\/v2\/media\/14159"}],"wp:attachment":[{"href":"https:\/\/shinemusicrental.com\/ca\/wp-json\/wp\/v2\/media?parent=14167"}],"wp:term":[{"taxonomy":"product_brand","embeddable":true,"href":"https:\/\/shinemusicrental.com\/ca\/wp-json\/wp\/v2\/product_brand?post=14167"},{"taxonomy":"product_cat","embeddable":true,"href":"https:\/\/shinemusicrental.com\/ca\/wp-json\/wp\/v2\/product_cat?post=14167"},{"taxonomy":"product_tag","embeddable":true,"href":"https:\/\/shinemusicrental.com\/ca\/wp-json\/wp\/v2\/product_tag?post=14167"}],"curies":[{"name":"wp","href":"https:\/\/api.w.org\/{rel}","templated":true}]}}