{"id":13838,"date":"2023-09-19T11:55:00","date_gmt":"2023-09-19T09:55:00","guid":{"rendered":"https:\/\/shinemusicrental.com\/product\/ld-systems-road-jack-10-wireless-speaker\/"},"modified":"2025-05-06T15:29:38","modified_gmt":"2025-05-06T13:29:38","slug":"ld-systems-road-jack-10-altaveu","status":"publish","type":"product","link":"https:\/\/shinemusicrental.com\/ca\/product\/ld-systems-road-jack-10-altaveu\/","title":{"rendered":"LD Systems Road Jack 10 Altaveu"},"content":{"rendered":"<p>L&#8217;altaveu inal\u00e0mbric Road Jack 10 de LD Systems \u00e9s una soluci\u00f3 d&#8217;\u00e0udio port\u00e0til per a diversos usos. Amb una bateria recarregable incorporada, ofereix fins a 20 hores de funcionament, semblant al temps de funcionament est\u00e8s. El woofer de 10&#8243; i el controlador d&#8217;alta freq\u00fc\u00e8ncia ofereixen un so clar amb una resposta de freq\u00fc\u00e8ncia de 65 Hz &#8211; 18 kHz, similar a un llen\u00e7 sonor equilibrat. El mesclador de 3 canals permet una connectivitat vers\u00e0til, assemblant-se a un centre d&#8217;\u00e0udio vers\u00e0til.\u00a0 Amb la seva construcci\u00f3 robusta i nansa de transport, \u00e9s adequat per a \u00fas mentre viatja, similar a un company musical per a esdeveniments. Considereu el lloguer d&#8217;instruments per explorar el seu potencial per al seu pr\u00f2xim concert o esdeveniment.<\/p>\n","protected":false},"excerpt":{"rendered":"<p>L&#8217;altaveu inal\u00e0mbric Road Jack 10 de LD Systems \u00e9s una soluci\u00f3 d&#8217;\u00e0udio port\u00e0til per a diversos usos. Amb una bateria [&hellip;]<\/p>\n","protected":false},"featured_media":13835,"comment_status":"open","ping_status":"closed","template":"","meta":{"_acf_changed":false,"content-type":""},"product_brand":[],"product_cat":[330,346],"product_tag":[930,797,506,508,512,510,514,504,562,462,590,561,464,490,592,558],"class_list":{"0":"post-13838","1":"product","2":"type-product","3":"status-publish","4":"has-post-thumbnail","6":"product_cat-estudi","7":"product_cat-altaveus","8":"product_tag-altaveus","9":"product_tag-altaveus-de-lloguer","10":"product_tag-equip-destudi","11":"product_tag-equip-destudi-barcelona","12":"product_tag-equip-destudi-de-lloguer","13":"product_tag-equip-destudi-es","14":"product_tag-equip-destudi-espanya","15":"product_tag-estudi","16":"product_tag-instruments-de-contractacio","17":"product_tag-lloguer-dinstruments","18":"product_tag-lloguer-dinstruments-ca-2","19":"product_tag-lloguer-dinstruments-ca","20":"product_tag-lloguer-dinstruments-barcelona","21":"product_tag-lloguer-dinstruments-barcelona-ca","22":"product_tag-lloguer-dinstruments-espanya-ca","23":"product_tag-lloguer-dinstruments-espanya","25":"first","26":"instock","27":"featured","28":"sold-individually","29":"shipping-taxable","30":"purchasable","31":"product-type-booking"},"booking_location":"","booking_location_type":"","booking_duration":1,"booking_duration_unit":"day","booking_buffer":0,"booking_cost":0,"booking_resources":[],"exclude_global_add_ons":false,"addons":[{"name":"Deposit","type":"checkbox","position":0,"required":true,"title_format":"hide","default":"","description_enable":false,"description":"","placeholder_enable":false,"placeholder":"","display":"select","restrictions_type":"any_text","adjust_price":false,"price":"","price_type":"flat_fee","restrictions":false,"min":"0","max":"0","options":[{"label":"Deposit","price":"110","price_type":"flat_fee","image":0,"visibility":true}]},{"name":"ALTAVEUS PA","type":"checkbox","position":0,"required":false,"title_format":"label","default":"","description_enable":false,"description":"","placeholder_enable":false,"placeholder":"","display":"select","restrictions_type":"any_text","adjust_price":false,"price":"","price_type":"flat_fee","restrictions":false,"min":"0","max":"0","options":[{"label":"Cable d'Instrument Jack 1\/4","price":"5.00","price_type":"quantity_based","image":0,"visibility":true},{"label":"Cable XLR","price":"5.00","price_type":"quantity_based","image":0,"visibility":true},{"label":"Taula de Mescles (est\u00e0ndard)","price":"55.00","price_type":"quantity_based","image":0,"visibility":true},{"label":"Suport","price":"19.00","price_type":"quantity_based","image":0,"visibility":true},{"label":"DI Box","price":"5","price_type":"quantity_based","image":0,"visibility":true}]}],"acf":{"set_to_be_sold":false,"sale_description":"","sale_price":""},"_links":{"self":[{"href":"https:\/\/shinemusicrental.com\/ca\/wp-json\/wp\/v2\/product\/13838","targetHints":{"allow":["GET"]}}],"collection":[{"href":"https:\/\/shinemusicrental.com\/ca\/wp-json\/wp\/v2\/product"}],"about":[{"href":"https:\/\/shinemusicrental.com\/ca\/wp-json\/wp\/v2\/types\/product"}],"replies":[{"embeddable":true,"href":"https:\/\/shinemusicrental.com\/ca\/wp-json\/wp\/v2\/comments?post=13838"}],"wp:featuredmedia":[{"embeddable":true,"href":"https:\/\/shinemusicrental.com\/ca\/wp-json\/wp\/v2\/media\/13835"}],"wp:attachment":[{"href":"https:\/\/shinemusicrental.com\/ca\/wp-json\/wp\/v2\/media?parent=13838"}],"wp:term":[{"taxonomy":"product_brand","embeddable":true,"href":"https:\/\/shinemusicrental.com\/ca\/wp-json\/wp\/v2\/product_brand?post=13838"},{"taxonomy":"product_cat","embeddable":true,"href":"https:\/\/shinemusicrental.com\/ca\/wp-json\/wp\/v2\/product_cat?post=13838"},{"taxonomy":"product_tag","embeddable":true,"href":"https:\/\/shinemusicrental.com\/ca\/wp-json\/wp\/v2\/product_tag?post=13838"}],"curies":[{"name":"wp","href":"https:\/\/api.w.org\/{rel}","templated":true}]}}