{"id":13721,"date":"2023-09-01T14:10:58","date_gmt":"2023-09-01T12:10:59","guid":{"rendered":"https:\/\/shinemusicrental.com\/?post_type=product&#038;p=13721"},"modified":"2023-09-04T12:08:31","modified_gmt":"2023-09-04T10:08:31","slug":"paiste-3-201-joc-de-plats","status":"publish","type":"product","link":"https:\/\/shinemusicrental.com\/ca\/product\/paiste-3-201-joc-de-plats\/","title":{"rendered":"Paiste 3 201 Joc de Plats"},"content":{"rendered":"<p>El joc de platerets Paiste 3 201 \u00e9s una opci\u00f3 s\u00f2lida per als m\u00fasics que necessiten platets de primera categoria per llogar instruments. Aquest joc generalment inclou un parell de hi-hats de 14&#8243;, un crash de 16&#8243; i un platet ride de 20&#8243;, tots meticulosament elaborats amb un aliatge de llaut\u00f3 durador.<\/p>\n<p>Amb el seu pes mitj\u00e0, aquests platerets ofereixen versatilitat en diversos estils musicals. Els hi-hat produeixen un so n\u00edtid i definit, mentre que el crash de 16&#8243; ofereix una resposta brillant i explosiva. El platet ride de 20&#8243; presenta una definici\u00f3 de baqueta neta i clara i un to de campana musical que travessa les barreges de manera efectiva.<\/p>\n<p>Els platerets Paiste 3 201 s\u00f3n coneguts per la seva fiabilitat i rendiment constant. Ja sigui que estigui llogant un joc de platerets per a un concert en viu o un enregistrament d&#8217;estudi, aquests platerets garanteixen una qualitat de so i capacitat de resposta professionals, cosa que els converteix en l&#8217;opci\u00f3 ideal per als bateristes m\u00e9s exigents.<\/p>\n<div id=\"gtx-trans\" style=\"position: absolute; left: 859px; top: 87.3333px;\">\n<div class=\"gtx-trans-icon\"><\/div>\n<\/div>\n","protected":false},"excerpt":{"rendered":"<p>El joc de platerets Paiste 3 201 \u00e9s una opci\u00f3 s\u00f2lida per als m\u00fasics que necessiten platets de primera categoria [&hellip;]<\/p>\n","protected":false},"featured_media":13724,"comment_status":"open","ping_status":"closed","template":"","meta":{"_acf_changed":false,"content-type":""},"product_brand":[],"product_cat":[161,164],"product_tag":[551,458,544,540,542,538,562,561,462,590,464,490,592,558,466,467,470,474,471,476,844],"class_list":{"0":"post-13721","1":"product","2":"type-product","3":"status-publish","4":"has-post-thumbnail","6":"product_cat-bateries-i-percussions","7":"product_cat-plats","8":"product_tag-bateria","9":"product_tag-bateries","10":"product_tag-bateries-barcelona","11":"product_tag-bateries-de-lloguer","12":"product_tag-bateries-es","13":"product_tag-bateries-espanya","14":"product_tag-instruments-de-contractacio","15":"product_tag-lloguer-dinstruments-ca","16":"product_tag-lloguer-dinstruments","17":"product_tag-lloguer-dinstruments-ca-2","18":"product_tag-lloguer-dinstruments-barcelona","19":"product_tag-lloguer-dinstruments-barcelona-ca","20":"product_tag-lloguer-dinstruments-espanya-ca","21":"product_tag-lloguer-dinstruments-espanya","22":"product_tag-percussio","23":"product_tag-percussions-ca","24":"product_tag-percussions-barcelona-ca","25":"product_tag-percussions-de-lloguer","26":"product_tag-percussions-es-ca","27":"product_tag-percussions-espanya","28":"product_tag-plat","30":"first","31":"instock","32":"sold-individually","33":"shipping-taxable","34":"purchasable","35":"product-type-booking"},"booking_location":"","booking_location_type":"","booking_duration":1,"booking_duration_unit":"day","booking_buffer":0,"booking_cost":0,"booking_resources":[],"exclude_global_add_ons":false,"addons":[{"name":"Deposit","type":"checkbox","position":0,"required":true,"title_format":"hide","default":"","description_enable":false,"description":"","placeholder_enable":false,"placeholder":"","display":"select","restrictions_type":"any_text","adjust_price":false,"price":"","price_type":"flat_fee","restrictions":false,"min":"0","max":"0","options":[{"label":"Deposit","price":"230","price_type":"flat_fee","image":0,"visibility":true}]},{"name":"Totes les Bateries ","type":"checkbox","position":0,"required":false,"title_format":"label","default":"","description_enable":false,"description":"","placeholder_enable":false,"placeholder":"","display":"select","restrictions_type":"any_text","adjust_price":false,"price":"","price_type":"flat_fee","restrictions":false,"min":"0","max":"0","options":[{"label":"Baquetes","price":"6.00","price_type":"quantity_based","image":0,"visibility":true},{"label":"Set de Plats","price":"48.00","price_type":"quantity_based","image":0,"visibility":true}]}],"acf":{"set_to_be_sold":false,"sale_description":"","sale_price":""},"_links":{"self":[{"href":"https:\/\/shinemusicrental.com\/ca\/wp-json\/wp\/v2\/product\/13721","targetHints":{"allow":["GET"]}}],"collection":[{"href":"https:\/\/shinemusicrental.com\/ca\/wp-json\/wp\/v2\/product"}],"about":[{"href":"https:\/\/shinemusicrental.com\/ca\/wp-json\/wp\/v2\/types\/product"}],"replies":[{"embeddable":true,"href":"https:\/\/shinemusicrental.com\/ca\/wp-json\/wp\/v2\/comments?post=13721"}],"wp:featuredmedia":[{"embeddable":true,"href":"https:\/\/shinemusicrental.com\/ca\/wp-json\/wp\/v2\/media\/13724"}],"wp:attachment":[{"href":"https:\/\/shinemusicrental.com\/ca\/wp-json\/wp\/v2\/media?parent=13721"}],"wp:term":[{"taxonomy":"product_brand","embeddable":true,"href":"https:\/\/shinemusicrental.com\/ca\/wp-json\/wp\/v2\/product_brand?post=13721"},{"taxonomy":"product_cat","embeddable":true,"href":"https:\/\/shinemusicrental.com\/ca\/wp-json\/wp\/v2\/product_cat?post=13721"},{"taxonomy":"product_tag","embeddable":true,"href":"https:\/\/shinemusicrental.com\/ca\/wp-json\/wp\/v2\/product_tag?post=13721"}],"curies":[{"name":"wp","href":"https:\/\/api.w.org\/{rel}","templated":true}]}}