{"id":13704,"date":"2023-08-31T15:12:25","date_gmt":"2023-08-31T13:12:25","guid":{"rendered":"https:\/\/shinemusicrental.com\/product\/sabian-aax-cymbals-set\/"},"modified":"2024-04-12T14:28:53","modified_gmt":"2024-04-12T12:28:53","slug":"sabian-aax-joc-de-plats","status":"publish","type":"product","link":"https:\/\/shinemusicrental.com\/ca\/product\/sabian-aax-joc-de-plats\/","title":{"rendered":"Sabian AAX Joc de Plats"},"content":{"rendered":"<p>El joc de platerets Sabian AAX compr\u00e8n una col\u00b7lecci\u00f3 de platerets d&#8217;alta qualitat adequats per a una varietat d&#8217;aplicacions musicals, cosa que el converteix en una opci\u00f3 molt sol\u00b7licitada per al lloguer d&#8217;instruments. Aquests platerets estan fabricats amb un aliatge de bronze B20 i compten amb elements de disseny innovadors per millorar el so.<\/p>\n<p>El conjunt generalment inclou un parell de xerrades de 14&#8243;, un crash de 16&#8243; i un platet ride de 20&#8243;. La s\u00e8rie AAX \u00e9s coneguda pels seus tons brillants i tallants amb un ampli rang din\u00e0mic. Aquests platerets ofereixen una barreja equilibrada de platerets tradicionals i caracter\u00edstiques de so modernes.<\/p>\n<p>Utilitzant la innovadora tecnologia Auto-Focus Response de Sabian, aquests platerets responen amb precisi\u00f3 en tots els nivells din\u00e0mics. Amb un pes mitj\u00e0 a pesat, ofereixen un rendiment consistent i un so clar i articulat. Ja sigui que estigui llogant un joc de platerets per a una sessi\u00f3 d&#8217;estudi o un concert en viu, el joc de platerets Sabian AAX garanteix confian\u00e7a i so de nivell professional.<\/p>\n<div id=\"gtx-trans\" style=\"position: absolute; left: -132px; top: -0.666666px;\">\n<div class=\"gtx-trans-icon\"><\/div>\n<\/div>\n","protected":false},"excerpt":{"rendered":"<p>El joc de platerets Sabian AAX compr\u00e8n una col\u00b7lecci\u00f3 de platerets d&#8217;alta qualitat adequats per a una varietat d&#8217;aplicacions musicals, [&hellip;]<\/p>\n","protected":false},"featured_media":13702,"comment_status":"open","ping_status":"closed","template":"","meta":{"_acf_changed":false,"content-type":""},"product_brand":[],"product_cat":[161,164],"product_tag":[551,458,544,540,542,538,562,561,462,590,464,490,592,558,466,467,470,474,471,476,844],"class_list":{"0":"post-13704","1":"product","2":"type-product","3":"status-publish","4":"has-post-thumbnail","6":"product_cat-bateries-i-percussions","7":"product_cat-plats","8":"product_tag-bateria","9":"product_tag-bateries","10":"product_tag-bateries-barcelona","11":"product_tag-bateries-de-lloguer","12":"product_tag-bateries-es","13":"product_tag-bateries-espanya","14":"product_tag-instruments-de-contractacio","15":"product_tag-lloguer-dinstruments-ca","16":"product_tag-lloguer-dinstruments","17":"product_tag-lloguer-dinstruments-ca-2","18":"product_tag-lloguer-dinstruments-barcelona","19":"product_tag-lloguer-dinstruments-barcelona-ca","20":"product_tag-lloguer-dinstruments-espanya-ca","21":"product_tag-lloguer-dinstruments-espanya","22":"product_tag-percussio","23":"product_tag-percussions-ca","24":"product_tag-percussions-barcelona-ca","25":"product_tag-percussions-de-lloguer","26":"product_tag-percussions-es-ca","27":"product_tag-percussions-espanya","28":"product_tag-plat","30":"first","31":"instock","32":"sold-individually","33":"shipping-taxable","34":"purchasable","35":"product-type-booking"},"booking_location":"","booking_location_type":"","booking_duration":1,"booking_duration_unit":"day","booking_buffer":0,"booking_cost":0,"booking_resources":[],"exclude_global_add_ons":false,"addons":[{"name":"Deposit","type":"checkbox","position":0,"required":true,"title_format":"hide","default":"","description_enable":false,"description":"","placeholder_enable":false,"placeholder":"","display":"select","restrictions_type":"any_text","adjust_price":false,"price":"","price_type":"flat_fee","restrictions":false,"min":"0","max":"0","options":[{"label":"Deposit","price":"380","price_type":"flat_fee","image":0,"visibility":true}]},{"name":"Totes les Bateries ","type":"checkbox","position":0,"required":false,"title_format":"label","default":"","description_enable":false,"description":"","placeholder_enable":false,"placeholder":"","display":"select","restrictions_type":"any_text","adjust_price":false,"price":"","price_type":"flat_fee","restrictions":false,"min":"0","max":"0","options":[{"label":"Baquetes","price":"6.00","price_type":"quantity_based","image":0,"visibility":true},{"label":"Set de Plats","price":"48.00","price_type":"quantity_based","image":0,"visibility":true}]}],"acf":{"set_to_be_sold":false,"sale_description":"","sale_price":""},"_links":{"self":[{"href":"https:\/\/shinemusicrental.com\/ca\/wp-json\/wp\/v2\/product\/13704","targetHints":{"allow":["GET"]}}],"collection":[{"href":"https:\/\/shinemusicrental.com\/ca\/wp-json\/wp\/v2\/product"}],"about":[{"href":"https:\/\/shinemusicrental.com\/ca\/wp-json\/wp\/v2\/types\/product"}],"replies":[{"embeddable":true,"href":"https:\/\/shinemusicrental.com\/ca\/wp-json\/wp\/v2\/comments?post=13704"}],"wp:featuredmedia":[{"embeddable":true,"href":"https:\/\/shinemusicrental.com\/ca\/wp-json\/wp\/v2\/media\/13702"}],"wp:attachment":[{"href":"https:\/\/shinemusicrental.com\/ca\/wp-json\/wp\/v2\/media?parent=13704"}],"wp:term":[{"taxonomy":"product_brand","embeddable":true,"href":"https:\/\/shinemusicrental.com\/ca\/wp-json\/wp\/v2\/product_brand?post=13704"},{"taxonomy":"product_cat","embeddable":true,"href":"https:\/\/shinemusicrental.com\/ca\/wp-json\/wp\/v2\/product_cat?post=13704"},{"taxonomy":"product_tag","embeddable":true,"href":"https:\/\/shinemusicrental.com\/ca\/wp-json\/wp\/v2\/product_tag?post=13704"}],"curies":[{"name":"wp","href":"https:\/\/api.w.org\/{rel}","templated":true}]}}