{"id":13698,"date":"2023-08-31T14:15:54","date_gmt":"2023-08-31T12:15:54","guid":{"rendered":"https:\/\/shinemusicrental.com\/product\/zildjian-20-k-custom-ride\/"},"modified":"2024-04-12T14:28:14","modified_gmt":"2024-04-12T12:28:14","slug":"zildjian-20-k-custom-ride","status":"publish","type":"product","link":"https:\/\/shinemusicrental.com\/ca\/product\/zildjian-20-k-custom-ride\/","title":{"rendered":"Zildjian 20&#8243; K-Custom Ride"},"content":{"rendered":"<p>El Zildjian 20&#8243; K-Custom Ride \u00e9s un platet vers\u00e0til adequat per a una \u00e0mplia gamma de g\u00e8neres musicals. Elaborat amb precisi\u00f3, aquest plat ride ofereix una combinaci\u00f3 \u00fanica de caracter\u00edstiques tradicionals i modernes.<\/p>\n<p>Amb el car\u00e0cter tonal fosc i c\u00e0lid i una definici\u00f3 de baqueta clara i definida, el K-Custom Ride \u00e9s ideal tant per a enregistraments d&#8217;estudi com per a actuacions en directe. El seu pes mitj\u00e0-fi i la seva campana gran proporcionen una excel\u00b7lent capacitat de xoc i un sostingut equilibrat.<\/p>\n<p>Constru\u00eft amb un aliatge de bronze B20, aquest platet compta amb durabilitat i capacitat de resposta. La superf\u00edcie sense tornejar i martellada a m\u00e0 afegeix complexitat i car\u00e0cter al seu so. Ja sigui que estigui buscant llogar un plat Ride per a jazz, rock o qualsevol g\u00e8nere intermedi, el Zildjian K-Custom Ride de 20\u201d ofereix un instrument de qualitat professional que complementa el seu estil de bateria.<\/p>\n<div id=\"gtx-trans\" style=\"position: absolute; left: -56px; top: -0.666666px;\">\n<div class=\"gtx-trans-icon\"><\/div>\n<\/div>\n","protected":false},"excerpt":{"rendered":"<p>El Zildjian 20&#8243; K-Custom Ride \u00e9s un platet vers\u00e0til adequat per a una \u00e0mplia gamma de g\u00e8neres musicals. Elaborat amb [&hellip;]<\/p>\n","protected":false},"featured_media":13696,"comment_status":"open","ping_status":"closed","template":"","meta":{"_acf_changed":false,"content-type":""},"product_brand":[],"product_cat":[161,164],"product_tag":[551,458,544,540,542,538,562,561,462,590,464,490,592,558,466,467,470,474,471,476,844],"class_list":{"0":"post-13698","1":"product","2":"type-product","3":"status-publish","4":"has-post-thumbnail","6":"product_cat-bateries-i-percussions","7":"product_cat-plats","8":"product_tag-bateria","9":"product_tag-bateries","10":"product_tag-bateries-barcelona","11":"product_tag-bateries-de-lloguer","12":"product_tag-bateries-es","13":"product_tag-bateries-espanya","14":"product_tag-instruments-de-contractacio","15":"product_tag-lloguer-dinstruments-ca","16":"product_tag-lloguer-dinstruments","17":"product_tag-lloguer-dinstruments-ca-2","18":"product_tag-lloguer-dinstruments-barcelona","19":"product_tag-lloguer-dinstruments-barcelona-ca","20":"product_tag-lloguer-dinstruments-espanya-ca","21":"product_tag-lloguer-dinstruments-espanya","22":"product_tag-percussio","23":"product_tag-percussions-ca","24":"product_tag-percussions-barcelona-ca","25":"product_tag-percussions-de-lloguer","26":"product_tag-percussions-es-ca","27":"product_tag-percussions-espanya","28":"product_tag-plat","30":"first","31":"instock","32":"sold-individually","33":"shipping-taxable","34":"purchasable","35":"product-type-booking"},"booking_location":"","booking_location_type":"","booking_duration":1,"booking_duration_unit":"day","booking_buffer":0,"booking_cost":0,"booking_resources":[],"exclude_global_add_ons":false,"addons":[{"name":"Deposit","type":"checkbox","position":0,"required":true,"title_format":"hide","default":"","description_enable":false,"description":"","placeholder_enable":false,"placeholder":"","display":"select","restrictions_type":"any_text","adjust_price":false,"price":"","price_type":"flat_fee","restrictions":false,"min":"0","max":"0","options":[{"label":"Deposit","price":"400","price_type":"flat_fee","image":0,"visibility":true}]},{"name":"Totes les Bateries ","type":"checkbox","position":0,"required":false,"title_format":"label","default":"","description_enable":false,"description":"","placeholder_enable":false,"placeholder":"","display":"select","restrictions_type":"any_text","adjust_price":false,"price":"","price_type":"flat_fee","restrictions":false,"min":"0","max":"0","options":[{"label":"Baquetes","price":"6.00","price_type":"quantity_based","image":0,"visibility":true},{"label":"Set de Plats","price":"48.00","price_type":"quantity_based","image":0,"visibility":true}]}],"acf":{"set_to_be_sold":false,"sale_description":"","sale_price":""},"_links":{"self":[{"href":"https:\/\/shinemusicrental.com\/ca\/wp-json\/wp\/v2\/product\/13698","targetHints":{"allow":["GET"]}}],"collection":[{"href":"https:\/\/shinemusicrental.com\/ca\/wp-json\/wp\/v2\/product"}],"about":[{"href":"https:\/\/shinemusicrental.com\/ca\/wp-json\/wp\/v2\/types\/product"}],"replies":[{"embeddable":true,"href":"https:\/\/shinemusicrental.com\/ca\/wp-json\/wp\/v2\/comments?post=13698"}],"wp:featuredmedia":[{"embeddable":true,"href":"https:\/\/shinemusicrental.com\/ca\/wp-json\/wp\/v2\/media\/13696"}],"wp:attachment":[{"href":"https:\/\/shinemusicrental.com\/ca\/wp-json\/wp\/v2\/media?parent=13698"}],"wp:term":[{"taxonomy":"product_brand","embeddable":true,"href":"https:\/\/shinemusicrental.com\/ca\/wp-json\/wp\/v2\/product_brand?post=13698"},{"taxonomy":"product_cat","embeddable":true,"href":"https:\/\/shinemusicrental.com\/ca\/wp-json\/wp\/v2\/product_cat?post=13698"},{"taxonomy":"product_tag","embeddable":true,"href":"https:\/\/shinemusicrental.com\/ca\/wp-json\/wp\/v2\/product_tag?post=13698"}],"curies":[{"name":"wp","href":"https:\/\/api.w.org\/{rel}","templated":true}]}}