{"id":13616,"date":"2023-08-25T10:15:17","date_gmt":"2023-08-25T08:15:17","guid":{"rendered":"https:\/\/shinemusicrental.com\/product\/roland-juno-ds61-synthesizer\/"},"modified":"2024-04-12T14:11:04","modified_gmt":"2024-04-12T12:11:04","slug":"roland-juno-ds61-sintetitzador","status":"publish","type":"product","link":"https:\/\/shinemusicrental.com\/ca\/product\/roland-juno-ds61-sintetitzador\/","title":{"rendered":"Roland JUNO-DS61 Sintetitzador"},"content":{"rendered":"<p>Presentem el Sintetitzador Roland JUNO-DS61: un vers\u00e0til instrument de teclat. Amb m\u00e9s de 1000 sons d&#8217;alta qualitat, ofereix una \u00e0mplia paleta sonora, semblant a un arsenal creatiu. El teclat de 61 tecles sensibles a la velocitat brinda una interpretaci\u00f3 expressiva, semblant a un llen\u00e7 sensible. La interf\u00edcie intu\u00eftiva permet una manipulaci\u00f3 senzilla dels sons, com ara un quadern d&#8217;esbossos musicals. Els pads de frase incorporats afegeixen textures din\u00e0miques, semblant a un toc art\u00edstic. L&#8217;opci\u00f3 de funcionament amb bateria millora la portabilitat, semblant a un company musical en moviment. Explora el potencial musical a trav\u00e9s del Lloguer d&#8217;Instruments, o considera Llogar un Teclat per als teus projectes creatius. Embarca&#8217;t en un viatge d&#8217;exploraci\u00f3 sonora amb aquest notable sintetitzador.<\/p>\n<div id=\"gtx-trans\" style=\"position: absolute; left: 640px; top: 96.3333px;\">\n<div class=\"gtx-trans-icon\"><\/div>\n<\/div>\n","protected":false},"excerpt":{"rendered":"<p>Presentem el Sintetitzador Roland JUNO-DS61: un vers\u00e0til instrument de teclat. Amb m\u00e9s de 1000 sons d&#8217;alta qualitat, ofereix una \u00e0mplia [&hellip;]<\/p>\n","protected":false},"featured_media":13614,"comment_status":"open","ping_status":"closed","template":"","meta":{"_acf_changed":false,"content-type":""},"product_brand":[],"product_cat":[132,375,222],"product_tag":[562,462,590,561,464,490,592,558,478,479,488,482,484,486,946,576,948,924,594],"class_list":{"0":"post-13616","1":"product","2":"type-product","3":"status-publish","4":"has-post-thumbnail","6":"product_cat-instruments-de-teclat","7":"product_cat-teclats-ca","8":"product_cat-sintetitzadors","9":"product_tag-instruments-de-contractacio","10":"product_tag-lloguer-dinstruments","11":"product_tag-lloguer-dinstruments-ca-2","12":"product_tag-lloguer-dinstruments-ca","13":"product_tag-lloguer-dinstruments-barcelona","14":"product_tag-lloguer-dinstruments-barcelona-ca","15":"product_tag-lloguer-dinstruments-espanya-ca","16":"product_tag-lloguer-dinstruments-espanya","17":"product_tag-piano-ca","18":"product_tag-piano-es-ca","19":"product_tag-piano-espanya","20":"product_tag-pianos-ca","21":"product_tag-pianos-barcelona-ca","22":"product_tag-pianos-de-lloguer","23":"product_tag-sintetitzador-ca","24":"product_tag-sintetitzador","25":"product_tag-sintetitzador-de-lloguer","26":"product_tag-teclat-de-lloguer","27":"product_tag-yamaha-ca","29":"first","30":"instock","31":"sold-individually","32":"shipping-taxable","33":"purchasable","34":"product-type-booking"},"booking_location":"","booking_location_type":"","booking_duration":1,"booking_duration_unit":"day","booking_buffer":0,"booking_cost":0,"booking_resources":[],"exclude_global_add_ons":false,"addons":[{"name":"Deposit","type":"checkbox","position":0,"required":true,"title_format":"hide","default":"","description_enable":false,"description":"","placeholder_enable":false,"placeholder":"","display":"select","restrictions_type":"any_text","adjust_price":false,"price":"","price_type":"flat_fee","restrictions":false,"min":"0","max":"0","options":[{"label":"Deposit","price":"240","price_type":"flat_fee","image":0,"visibility":true}]},{"name":"PIANO EL\u00c8CTRIC","type":"checkbox","position":0,"required":true,"title_format":"label","default":"","description_enable":false,"description":"","placeholder_enable":false,"placeholder":"","display":"select","restrictions_type":"any_text","adjust_price":false,"price":"","price_type":"flat_fee","restrictions":false,"min":"0","max":"0","options":[{"label":"Pedal de Sustain de Qualitat","price":"10.00","price_type":"quantity_based","image":0,"visibility":true},{"label":"Suport","price":"10.00","price_type":"quantity_based","image":0,"visibility":true},{"label":"Tamboret de Piano de Qualitat","price":"25.00","price_type":"quantity_based","image":0,"visibility":true},{"label":"Tamboret de Piano","price":"10.00","price_type":"quantity_based","image":0,"visibility":true}]}],"acf":{"set_to_be_sold":false,"sale_description":"","sale_price":""},"_links":{"self":[{"href":"https:\/\/shinemusicrental.com\/ca\/wp-json\/wp\/v2\/product\/13616","targetHints":{"allow":["GET"]}}],"collection":[{"href":"https:\/\/shinemusicrental.com\/ca\/wp-json\/wp\/v2\/product"}],"about":[{"href":"https:\/\/shinemusicrental.com\/ca\/wp-json\/wp\/v2\/types\/product"}],"replies":[{"embeddable":true,"href":"https:\/\/shinemusicrental.com\/ca\/wp-json\/wp\/v2\/comments?post=13616"}],"wp:featuredmedia":[{"embeddable":true,"href":"https:\/\/shinemusicrental.com\/ca\/wp-json\/wp\/v2\/media\/13614"}],"wp:attachment":[{"href":"https:\/\/shinemusicrental.com\/ca\/wp-json\/wp\/v2\/media?parent=13616"}],"wp:term":[{"taxonomy":"product_brand","embeddable":true,"href":"https:\/\/shinemusicrental.com\/ca\/wp-json\/wp\/v2\/product_brand?post=13616"},{"taxonomy":"product_cat","embeddable":true,"href":"https:\/\/shinemusicrental.com\/ca\/wp-json\/wp\/v2\/product_cat?post=13616"},{"taxonomy":"product_tag","embeddable":true,"href":"https:\/\/shinemusicrental.com\/ca\/wp-json\/wp\/v2\/product_tag?post=13616"}],"curies":[{"name":"wp","href":"https:\/\/api.w.org\/{rel}","templated":true}]}}