{"id":13480,"date":"2023-08-16T13:31:05","date_gmt":"2023-08-16T11:31:05","guid":{"rendered":"https:\/\/shinemusicrental.com\/product\/ibanez-gsr205-5-string-bass-guitar\/"},"modified":"2024-04-11T14:56:39","modified_gmt":"2024-04-11T12:56:39","slug":"ibanez-gsr205-baix-electric-de-5-cordes","status":"publish","type":"product","link":"https:\/\/shinemusicrental.com\/ca\/product\/ibanez-gsr205-baix-electric-de-5-cordes\/","title":{"rendered":"Ibanez GSR205 Baix El\u00e8ctric de 5 Cordes"},"content":{"rendered":"<p>Presentem el Baix de 5 cordes Ibanez GSR205: un instrument vers\u00e0til per als entusiastes del baix. Amb un cos de caoba i m\u00e0nec d&#8217;aur\u00f3, ofereix un extrem greu ric, semblant a una base s\u00f2lida. L&#8217;EQ Phat II afageix flexibilitat sonora, parell a una paleta de colors d&#8217;un artista. Les pastilles de bobina dividida i de bobina simple ofereixen un rang din\u00e0mic, com el rang vocal d&#8217;un narrador. El diapass\u00f3 de palissandre proporciona una execuci\u00f3 suau, similar a un viatge c\u00f2mode. La configuraci\u00f3 de 5 cordes amplia les opcions tonals, semblant a un llen\u00e7 m\u00e9s ampli per a l&#8217;expressi\u00f3. Explora diversos tons de baix mitjan\u00e7ant l&#8217;Lloguer d&#8217;Instruments, o considera Llogar un Baix per als teus aven\u00e7os musicals. Eleva el teu so de freq\u00fc\u00e8ncies baixes amb aquest fiable baix.<\/p>\n<div id=\"gtx-trans\" style=\"position: absolute; left: 197px; top: 168.333px;\">\n<div class=\"gtx-trans-icon\"><\/div>\n<\/div>\n","protected":false},"excerpt":{"rendered":"<p>Presentem el Baix de 5 cordes Ibanez GSR205: un instrument vers\u00e0til per als entusiastes del baix. Amb un cos de [&hellip;]<\/p>\n","protected":false},"featured_media":13478,"comment_status":"open","ping_status":"closed","template":"","meta":{"_acf_changed":false,"content-type":""},"product_brand":[],"product_cat":[176,186],"product_tag":[528,532,454,456,530,562,462,561,590,464,592,558,633],"class_list":{"0":"post-13480","1":"product","2":"type-product","3":"status-publish","4":"has-post-thumbnail","6":"product_cat-guitarres-i-baixos","7":"product_cat-baixos-electrics","8":"product_tag-baixos-barcelona","9":"product_tag-baixos-de-lloguer","10":"product_tag-baixos-electrics","11":"product_tag-baixos-electrics-es","12":"product_tag-baixos-espanya","13":"product_tag-instruments-de-contractacio","14":"product_tag-lloguer-dinstruments","15":"product_tag-lloguer-dinstruments-ca","16":"product_tag-lloguer-dinstruments-ca-2","17":"product_tag-lloguer-dinstruments-barcelona","18":"product_tag-lloguer-dinstruments-espanya-ca","19":"product_tag-lloguer-dinstruments-espanya","20":"product_tag-renting-instruments-barcelona-share-ca","22":"first","23":"instock","24":"sold-individually","25":"shipping-taxable","26":"purchasable","27":"product-type-booking"},"booking_location":"","booking_location_type":"","booking_duration":1,"booking_duration_unit":"day","booking_buffer":0,"booking_cost":0,"booking_resources":[],"exclude_global_add_ons":false,"addons":[{"name":"Deposit","type":"checkbox","position":0,"required":true,"title_format":"hide","default":"","description_enable":false,"description":"","placeholder_enable":false,"placeholder":"","display":"select","restrictions_type":"any_text","adjust_price":false,"price":"","price_type":"flat_fee","restrictions":false,"min":"0","max":"0","options":[{"label":"Deposit","price":"130","price_type":"flat_fee","image":0,"visibility":true}]}],"acf":{"set_to_be_sold":false,"sale_description":"","sale_price":""},"_links":{"self":[{"href":"https:\/\/shinemusicrental.com\/ca\/wp-json\/wp\/v2\/product\/13480","targetHints":{"allow":["GET"]}}],"collection":[{"href":"https:\/\/shinemusicrental.com\/ca\/wp-json\/wp\/v2\/product"}],"about":[{"href":"https:\/\/shinemusicrental.com\/ca\/wp-json\/wp\/v2\/types\/product"}],"replies":[{"embeddable":true,"href":"https:\/\/shinemusicrental.com\/ca\/wp-json\/wp\/v2\/comments?post=13480"}],"wp:featuredmedia":[{"embeddable":true,"href":"https:\/\/shinemusicrental.com\/ca\/wp-json\/wp\/v2\/media\/13478"}],"wp:attachment":[{"href":"https:\/\/shinemusicrental.com\/ca\/wp-json\/wp\/v2\/media?parent=13480"}],"wp:term":[{"taxonomy":"product_brand","embeddable":true,"href":"https:\/\/shinemusicrental.com\/ca\/wp-json\/wp\/v2\/product_brand?post=13480"},{"taxonomy":"product_cat","embeddable":true,"href":"https:\/\/shinemusicrental.com\/ca\/wp-json\/wp\/v2\/product_cat?post=13480"},{"taxonomy":"product_tag","embeddable":true,"href":"https:\/\/shinemusicrental.com\/ca\/wp-json\/wp\/v2\/product_tag?post=13480"}],"curies":[{"name":"wp","href":"https:\/\/api.w.org\/{rel}","templated":true}]}}