{"id":13474,"date":"2023-08-16T11:56:27","date_gmt":"2023-08-16T09:56:27","guid":{"rendered":"https:\/\/shinemusicrental.com\/product\/pioneer-xdj-rx3-dj-set\/"},"modified":"2024-04-11T14:28:37","modified_gmt":"2024-04-11T12:28:37","slug":"pioneer-xdj-rx3-dj-set","status":"publish","type":"product","link":"https:\/\/shinemusicrental.com\/ca\/product\/pioneer-xdj-rx3-dj-set\/","title":{"rendered":"Pioneer XDJ-RX3 DJ Set"},"content":{"rendered":"<p>Presentem el Set de DJ Pioneer XDJ-RX3: un conjunt complet per a DJs. Amb una pantalla t\u00e0ctil de 7 polzades, ofereix un control intu\u00eftiu, semblant a una actuaci\u00f3 sense problemes. La mescladora de 4 canals permet transicions suaus, com a director mestre. Els 16 pads de rendiment multicolors proporcionen opcions creatives, semblants a una paleta de pintura. Les entrades USB duals permeten canvis de DJ, similars a una cursa de relleus. Els efectes incorporats i els Sound Color FX ofereixen versatilitat sonora, com un camale\u00f3 musical. La construcci\u00f3 robusta garanteix durabilitat, semblant a un company de confian\u00e7a. Explora possibilitats de barreja a trav\u00e9s del Lloguer d&#8217;Instruments, o considera Llogar un Set de DJ per a les teves aventures musicals. Eleva la teva experi\u00e8ncia de DJ amb aquesta configuraci\u00f3 fiable.<\/p>\n<div id=\"gtx-trans\" style=\"position: absolute; left: -129px; top: -0.666666px;\">\n<div class=\"gtx-trans-icon\"><\/div>\n<\/div>\n","protected":false},"excerpt":{"rendered":"<p>Presentem el Set de DJ Pioneer XDJ-RX3: un conjunt complet per a DJs. Amb una pantalla t\u00e0ctil de 7 polzades, [&hellip;]<\/p>\n","protected":false},"featured_media":13376,"comment_status":"open","ping_status":"closed","template":"","meta":{"_acf_changed":false,"content-type":""},"product_brand":[],"product_cat":[330,342],"product_tag":[982,506,508,512,510,504,562,462,590,561,464,490,592,558],"class_list":{"0":"post-13474","1":"product","2":"type-product","3":"status-publish","4":"has-post-thumbnail","6":"product_cat-estudi","7":"product_cat-mescladors-i-equips-dj","8":"product_tag-dj-set-ca","9":"product_tag-equip-destudi","10":"product_tag-equip-destudi-barcelona","11":"product_tag-equip-destudi-de-lloguer","12":"product_tag-equip-destudi-es","13":"product_tag-estudi","14":"product_tag-instruments-de-contractacio","15":"product_tag-lloguer-dinstruments","16":"product_tag-lloguer-dinstruments-ca-2","17":"product_tag-lloguer-dinstruments-ca","18":"product_tag-lloguer-dinstruments-barcelona","19":"product_tag-lloguer-dinstruments-barcelona-ca","20":"product_tag-lloguer-dinstruments-espanya-ca","21":"product_tag-lloguer-dinstruments-espanya","23":"first","24":"instock","25":"sold-individually","26":"shipping-taxable","27":"purchasable","28":"product-type-booking"},"booking_location":"","booking_location_type":"","booking_duration":1,"booking_duration_unit":"day","booking_buffer":0,"booking_cost":0,"booking_resources":[],"exclude_global_add_ons":false,"addons":[{"name":"Deposit","type":"checkbox","position":0,"required":true,"title_format":"hide","default":"","description_enable":false,"description":"","placeholder_enable":false,"placeholder":"","display":"select","restrictions_type":"any_text","adjust_price":false,"price":"","price_type":"flat_fee","restrictions":false,"min":"0","max":"0","options":[{"label":"Deposit","price":"450","price_type":"flat_fee","image":0,"visibility":true}]},{"name":"ALTAVEUS PA","type":"checkbox","position":0,"required":false,"title_format":"label","default":"","description_enable":false,"description":"","placeholder_enable":false,"placeholder":"","display":"select","restrictions_type":"any_text","adjust_price":false,"price":"","price_type":"flat_fee","restrictions":false,"min":"0","max":"0","options":[{"label":"Cable d'Instrument Jack 1\/4","price":"5.00","price_type":"quantity_based","image":0,"visibility":true},{"label":"Cable XLR","price":"5.00","price_type":"quantity_based","image":0,"visibility":true},{"label":"Taula de Mescles (est\u00e0ndard)","price":"55.00","price_type":"quantity_based","image":0,"visibility":true},{"label":"Suport","price":"19.00","price_type":"quantity_based","image":0,"visibility":true},{"label":"DI Box","price":"5","price_type":"quantity_based","image":0,"visibility":true}]}],"acf":{"set_to_be_sold":false,"sale_description":"","sale_price":""},"_links":{"self":[{"href":"https:\/\/shinemusicrental.com\/ca\/wp-json\/wp\/v2\/product\/13474","targetHints":{"allow":["GET"]}}],"collection":[{"href":"https:\/\/shinemusicrental.com\/ca\/wp-json\/wp\/v2\/product"}],"about":[{"href":"https:\/\/shinemusicrental.com\/ca\/wp-json\/wp\/v2\/types\/product"}],"replies":[{"embeddable":true,"href":"https:\/\/shinemusicrental.com\/ca\/wp-json\/wp\/v2\/comments?post=13474"}],"wp:featuredmedia":[{"embeddable":true,"href":"https:\/\/shinemusicrental.com\/ca\/wp-json\/wp\/v2\/media\/13376"}],"wp:attachment":[{"href":"https:\/\/shinemusicrental.com\/ca\/wp-json\/wp\/v2\/media?parent=13474"}],"wp:term":[{"taxonomy":"product_brand","embeddable":true,"href":"https:\/\/shinemusicrental.com\/ca\/wp-json\/wp\/v2\/product_brand?post=13474"},{"taxonomy":"product_cat","embeddable":true,"href":"https:\/\/shinemusicrental.com\/ca\/wp-json\/wp\/v2\/product_cat?post=13474"},{"taxonomy":"product_tag","embeddable":true,"href":"https:\/\/shinemusicrental.com\/ca\/wp-json\/wp\/v2\/product_tag?post=13474"}],"curies":[{"name":"wp","href":"https:\/\/api.w.org\/{rel}","templated":true}]}}