{"id":13402,"date":"2023-08-14T11:00:32","date_gmt":"2023-08-14T09:00:32","guid":{"rendered":"https:\/\/shinemusicrental.com\/product\/yamaha-dbr15-active-speakers-set\/"},"modified":"2024-04-11T14:51:35","modified_gmt":"2024-04-11T12:51:35","slug":"yamaha-dbr15-set-daltaveus-actius","status":"publish","type":"product","link":"https:\/\/shinemusicrental.com\/ca\/product\/yamaha-dbr15-set-daltaveus-actius\/","title":{"rendered":"Yamaha DBR15 Set d&#8217;Altaveus Actius"},"content":{"rendered":"<p>Presentem el Set de Altaveus Actius Yamaha DBR15: una soluci\u00f3 d&#8217;\u00e0udio professional. Amb un woofer de 15\u201d i un driver de compressi\u00f3 de 1.4\u201d, ofereix un so potent, similar a una actuaci\u00f3 captivadora. L&#8217;amplificador de Classe D ofereix un lliurament eficient de pot\u00e8ncia, semblant a un motor ben ajustat. L&#8217;SPL m\u00e0xim de 129dB assegura una projecci\u00f3 clara, semblant a un altaveu segur. La carcassa resistent est\u00e0 dissenyada per resistir un \u00fas rigor\u00f3s, com un fidel cavall de batalla. Els presets vers\u00e0tils de DSP optimitzen el so, semblant al toc d&#8217;un enginyer de so. El suport de pal de doble angle permet una posici\u00f3 flexible, semblant a un focus ajustable. Explora possibilitats d\u00b4\u00e0udio a trav\u00e9s del Lloguer d\u00b4Instruments, o considera Llogar un Set de Altaveus per a les teves necessitats sonores. Millora el teu so amb aquest fiable set d&#8217;altaveus actius.<\/p>\n<div id=\"gtx-trans\" style=\"position: absolute; left: -71px; top: -0.666666px;\">\n<div class=\"gtx-trans-icon\"><\/div>\n<\/div>\n","protected":false},"excerpt":{"rendered":"<p>Presentem el Set de Altaveus Actius Yamaha DBR15: una soluci\u00f3 d&#8217;\u00e0udio professional. Amb un woofer de 15\u201d i un driver [&hellip;]<\/p>\n","protected":false},"featured_media":13400,"comment_status":"open","ping_status":"closed","template":"","meta":{"_acf_changed":false,"content-type":""},"product_brand":[],"product_cat":[330,346,344],"product_tag":[930,797,506,508,512,510,514,504,562,462,590,561,464,490,592,558],"class_list":{"0":"post-13402","1":"product","2":"type-product","3":"status-publish","4":"has-post-thumbnail","6":"product_cat-estudi","7":"product_cat-altaveus","8":"product_cat-altaveus-i-sets-de-pa","9":"product_tag-altaveus","10":"product_tag-altaveus-de-lloguer","11":"product_tag-equip-destudi","12":"product_tag-equip-destudi-barcelona","13":"product_tag-equip-destudi-de-lloguer","14":"product_tag-equip-destudi-es","15":"product_tag-equip-destudi-espanya","16":"product_tag-estudi","17":"product_tag-instruments-de-contractacio","18":"product_tag-lloguer-dinstruments","19":"product_tag-lloguer-dinstruments-ca-2","20":"product_tag-lloguer-dinstruments-ca","21":"product_tag-lloguer-dinstruments-barcelona","22":"product_tag-lloguer-dinstruments-barcelona-ca","23":"product_tag-lloguer-dinstruments-espanya-ca","24":"product_tag-lloguer-dinstruments-espanya","26":"first","27":"instock","28":"sold-individually","29":"shipping-taxable","30":"purchasable","31":"product-type-booking"},"booking_location":"","booking_location_type":"","booking_duration":1,"booking_duration_unit":"day","booking_buffer":0,"booking_cost":0,"booking_resources":[],"exclude_global_add_ons":false,"addons":[{"name":"Deposit","type":"checkbox","position":0,"required":true,"title_format":"hide","default":"","description_enable":false,"description":"","placeholder_enable":false,"placeholder":"","display":"select","restrictions_type":"any_text","adjust_price":false,"price":"","price_type":"flat_fee","restrictions":false,"min":"0","max":"0","options":[{"label":"Deposit","price":"400","price_type":"flat_fee","image":0,"visibility":true}]},{"name":"ALTAVEUS PA","type":"checkbox","position":0,"required":false,"title_format":"label","default":"","description_enable":false,"description":"","placeholder_enable":false,"placeholder":"","display":"select","restrictions_type":"any_text","adjust_price":false,"price":"","price_type":"flat_fee","restrictions":false,"min":"0","max":"0","options":[{"label":"Cable d'Instrument Jack 1\/4","price":"5.00","price_type":"quantity_based","image":0,"visibility":true},{"label":"Cable XLR","price":"5.00","price_type":"quantity_based","image":0,"visibility":true},{"label":"Taula de Mescles (est\u00e0ndard)","price":"55.00","price_type":"quantity_based","image":0,"visibility":true},{"label":"Suport","price":"19.00","price_type":"quantity_based","image":0,"visibility":true},{"label":"DI Box","price":"5","price_type":"quantity_based","image":0,"visibility":true}]}],"acf":{"set_to_be_sold":false,"sale_description":"","sale_price":""},"_links":{"self":[{"href":"https:\/\/shinemusicrental.com\/ca\/wp-json\/wp\/v2\/product\/13402","targetHints":{"allow":["GET"]}}],"collection":[{"href":"https:\/\/shinemusicrental.com\/ca\/wp-json\/wp\/v2\/product"}],"about":[{"href":"https:\/\/shinemusicrental.com\/ca\/wp-json\/wp\/v2\/types\/product"}],"replies":[{"embeddable":true,"href":"https:\/\/shinemusicrental.com\/ca\/wp-json\/wp\/v2\/comments?post=13402"}],"wp:featuredmedia":[{"embeddable":true,"href":"https:\/\/shinemusicrental.com\/ca\/wp-json\/wp\/v2\/media\/13400"}],"wp:attachment":[{"href":"https:\/\/shinemusicrental.com\/ca\/wp-json\/wp\/v2\/media?parent=13402"}],"wp:term":[{"taxonomy":"product_brand","embeddable":true,"href":"https:\/\/shinemusicrental.com\/ca\/wp-json\/wp\/v2\/product_brand?post=13402"},{"taxonomy":"product_cat","embeddable":true,"href":"https:\/\/shinemusicrental.com\/ca\/wp-json\/wp\/v2\/product_cat?post=13402"},{"taxonomy":"product_tag","embeddable":true,"href":"https:\/\/shinemusicrental.com\/ca\/wp-json\/wp\/v2\/product_tag?post=13402"}],"curies":[{"name":"wp","href":"https:\/\/api.w.org\/{rel}","templated":true}]}}