{"id":13394,"date":"2023-08-14T10:35:24","date_gmt":"2023-08-14T08:35:24","guid":{"rendered":"https:\/\/shinemusicrental.com\/product\/tama-ip52h6w-brm-drum-kit\/"},"modified":"2023-08-21T13:57:12","modified_gmt":"2023-08-21T11:57:12","slug":"tama-ip52h6w-brm-set-de-bateria","status":"publish","type":"product","link":"https:\/\/shinemusicrental.com\/ca\/product\/tama-ip52h6w-brm-set-de-bateria\/","title":{"rendered":"Tama IP52H6W-BRM Set de Bateria"},"content":{"rendered":"<p>Presentem la Bateria Tama IP52H6W-BRM: un kit vers\u00e0til per a bateristes. Amb una barreja de cascos de bedoll i \u00e0lber, ofereix un rang tonal equilibrat, semblant a un conjunt harm\u00f2nic. El bombo de 22&#8243; proporciona una base s\u00f2lida, similar a un batec constant. Els platerets MEINL HCS ofereixen accents brillants, com llampades d&#8217;inspiraci\u00f3. El sistema de muntatge IST garanteix estabilitat, semblant a una estructura ben dissenyada. El pack de ferratges incl\u00f2s components essencials, semblants a eines per a un artes\u00e0.L&#8217;elegant acabat marr\u00f3 irradia un aspecte modern, semblant a una obra mestra polida.Explora possibilitats r\u00edtmiques a trav\u00e9s del Lloguer dInstruments, o considera Llogar una Bateria per a les teves aspiracions musicals.Eleva la teva experi\u00e8ncia percussiva amb aquest fiable kit de bateria.<\/p>\n<div id=\"gtx-trans\" style=\"position: absolute; left: -33px; top: -0.666666px;\">\n<div class=\"gtx-trans-icon\"><\/div>\n<\/div>\n","protected":false},"excerpt":{"rendered":"<p>Plats no inclosos.<\/p>\n","protected":false},"featured_media":13392,"comment_status":"open","ping_status":"closed","template":"","meta":{"_acf_changed":false,"content-type":""},"product_brand":[],"product_cat":[161,162],"product_tag":[551,458,544,540,542,538,562,561,462,590,464,490,592,558,918,466,467,470,474,471,476],"class_list":{"0":"post-13394","1":"product","2":"type-product","3":"status-publish","4":"has-post-thumbnail","6":"product_cat-bateries-i-percussions","7":"product_cat-bateries-acustiques","8":"product_tag-bateria","9":"product_tag-bateries","10":"product_tag-bateries-barcelona","11":"product_tag-bateries-de-lloguer","12":"product_tag-bateries-es","13":"product_tag-bateries-espanya","14":"product_tag-instruments-de-contractacio","15":"product_tag-lloguer-dinstruments-ca","16":"product_tag-lloguer-dinstruments","17":"product_tag-lloguer-dinstruments-ca-2","18":"product_tag-lloguer-dinstruments-barcelona","19":"product_tag-lloguer-dinstruments-barcelona-ca","20":"product_tag-lloguer-dinstruments-espanya-ca","21":"product_tag-lloguer-dinstruments-espanya","22":"product_tag-pearl-ca","23":"product_tag-percussio","24":"product_tag-percussions-ca","25":"product_tag-percussions-barcelona-ca","26":"product_tag-percussions-de-lloguer","27":"product_tag-percussions-es-ca","28":"product_tag-percussions-espanya","30":"first","31":"instock","32":"sold-individually","33":"shipping-taxable","34":"purchasable","35":"product-type-booking"},"booking_location":"","booking_location_type":"","booking_duration":1,"booking_duration_unit":"day","booking_buffer":0,"booking_cost":0,"booking_resources":[],"exclude_global_add_ons":false,"addons":[{"name":"Deposit","type":"checkbox","position":0,"required":true,"title_format":"hide","default":"","description_enable":false,"description":"","placeholder_enable":false,"placeholder":"","display":"select","restrictions_type":"any_text","adjust_price":false,"price":"","price_type":"flat_fee","restrictions":false,"min":"0","max":"0","options":[{"label":"Deposit","price":"360","price_type":"flat_fee","image":0,"visibility":true}]},{"name":"Totes les Bateries ","type":"checkbox","position":0,"required":false,"title_format":"label","default":"","description_enable":false,"description":"","placeholder_enable":false,"placeholder":"","display":"select","restrictions_type":"any_text","adjust_price":false,"price":"","price_type":"flat_fee","restrictions":false,"min":"0","max":"0","options":[{"label":"Baquetes","price":"6.00","price_type":"quantity_based","image":0,"visibility":true},{"label":"Set de Plats","price":"48.00","price_type":"quantity_based","image":0,"visibility":true}]}],"acf":{"set_to_be_sold":false,"sale_description":"","sale_price":""},"_links":{"self":[{"href":"https:\/\/shinemusicrental.com\/ca\/wp-json\/wp\/v2\/product\/13394","targetHints":{"allow":["GET"]}}],"collection":[{"href":"https:\/\/shinemusicrental.com\/ca\/wp-json\/wp\/v2\/product"}],"about":[{"href":"https:\/\/shinemusicrental.com\/ca\/wp-json\/wp\/v2\/types\/product"}],"replies":[{"embeddable":true,"href":"https:\/\/shinemusicrental.com\/ca\/wp-json\/wp\/v2\/comments?post=13394"}],"wp:featuredmedia":[{"embeddable":true,"href":"https:\/\/shinemusicrental.com\/ca\/wp-json\/wp\/v2\/media\/13392"}],"wp:attachment":[{"href":"https:\/\/shinemusicrental.com\/ca\/wp-json\/wp\/v2\/media?parent=13394"}],"wp:term":[{"taxonomy":"product_brand","embeddable":true,"href":"https:\/\/shinemusicrental.com\/ca\/wp-json\/wp\/v2\/product_brand?post=13394"},{"taxonomy":"product_cat","embeddable":true,"href":"https:\/\/shinemusicrental.com\/ca\/wp-json\/wp\/v2\/product_cat?post=13394"},{"taxonomy":"product_tag","embeddable":true,"href":"https:\/\/shinemusicrental.com\/ca\/wp-json\/wp\/v2\/product_tag?post=13394"}],"curies":[{"name":"wp","href":"https:\/\/api.w.org\/{rel}","templated":true}]}}