{"id":13378,"date":"2023-08-11T15:22:21","date_gmt":"2023-08-11T13:22:21","guid":{"rendered":"https:\/\/shinemusicrental.com\/product\/clavia-nord-stage-4-88-keyboard\/"},"modified":"2025-04-14T16:47:57","modified_gmt":"2025-04-14T14:47:57","slug":"clavia-nord-stage-4-88-teclat","status":"publish","type":"product","link":"https:\/\/shinemusicrental.com\/ca\/product\/clavia-nord-stage-4-88-teclat\/","title":{"rendered":"Clavia Nord Stage 4 88 Teclat"},"content":{"rendered":"<p>Us presentem el Teclat Clavia Nord Stage 4 de 88 tecles, una sinfonia d&#8217;innovaci\u00f3 dissenyada per als aficionats a la m\u00fasica. Amb 88 tecles sensibles al tacte, \u00e9s un llen\u00e7 per a l&#8217;expressi\u00f3 art\u00edstica. Navegueu sense problemes per les seves funcionalitats de Divisi\u00f3 i Capes, entrella\u00e7ant elements sonors de manera flu\u00efda. Les seccions de Sintetitzador, Orgue i Piano ressonen amb brillantor individual, com a virtuosos en conversa. La pantalla OLED desvetlla un m\u00f3n de precisi\u00f3, on l&#8217;escultura del so s&#8217;assembla a una fina feina artesanal. Transiteu sense esfor\u00e7 entre la \u00e0mplia varietat de sons d&#8217;instruments, oferint un espectre per a cada paleta auditiva. Des d&#8217;estudis fins a escenaris, complementa el vostre viatge musical. Desbloquegeu el seu potencial mitjan\u00e7ant l&#8217;Lloguer d&#8217;Instruments, o trieu Llogar un Teclat i embarqueu-vos en la vostra exploraci\u00f3 harm\u00f2nica.<\/p>\n<div id=\"gtx-trans\" style=\"position: absolute; left: -105px; top: -0.666666px;\">\n<div class=\"gtx-trans-icon\"><\/div>\n<\/div>\n","protected":false},"excerpt":{"rendered":"<p>Us presentem el Teclat Clavia Nord Stage 4 de 88 tecles, una sinfonia d&#8217;innovaci\u00f3 dissenyada per als aficionats a la [&hellip;]<\/p>\n","protected":false},"featured_media":13373,"comment_status":"open","ping_status":"closed","template":"","meta":{"_acf_changed":false,"content-type":""},"product_brand":[],"product_cat":[132,375,222],"product_tag":[562,462,590,561,464,490,592,558,1118,478,479,488,482,484,486,946,576,948,924],"class_list":{"0":"post-13378","1":"product","2":"type-product","3":"status-publish","4":"has-post-thumbnail","6":"product_cat-instruments-de-teclat","7":"product_cat-teclats-ca","8":"product_cat-sintetitzadors","9":"product_tag-instruments-de-contractacio","10":"product_tag-lloguer-dinstruments","11":"product_tag-lloguer-dinstruments-ca-2","12":"product_tag-lloguer-dinstruments-ca","13":"product_tag-lloguer-dinstruments-barcelona","14":"product_tag-lloguer-dinstruments-barcelona-ca","15":"product_tag-lloguer-dinstruments-espanya-ca","16":"product_tag-lloguer-dinstruments-espanya","17":"product_tag-nord-ca","18":"product_tag-piano-ca","19":"product_tag-piano-es-ca","20":"product_tag-piano-espanya","21":"product_tag-pianos-ca","22":"product_tag-pianos-barcelona-ca","23":"product_tag-pianos-de-lloguer","24":"product_tag-sintetitzador-ca","25":"product_tag-sintetitzador","26":"product_tag-sintetitzador-de-lloguer","27":"product_tag-teclat-de-lloguer","29":"first","30":"instock","31":"sold-individually","32":"shipping-taxable","33":"purchasable","34":"product-type-booking"},"booking_location":"","booking_location_type":"","booking_duration":1,"booking_duration_unit":"day","booking_buffer":0,"booking_cost":0,"booking_resources":[],"exclude_global_add_ons":false,"addons":[{"name":"Deposit","type":"checkbox","position":0,"required":true,"title_format":"hide","default":"","description_enable":false,"description":"","placeholder_enable":false,"placeholder":"","display":"select","restrictions_type":"any_text","adjust_price":false,"price":"","price_type":"flat_fee","restrictions":false,"min":"0","max":"0","options":[{"label":"Deposit","price":"450","price_type":"flat_fee","image":0,"visibility":true}]},{"name":"PIANO EL\u00c8CTRIC","type":"checkbox","position":0,"required":true,"title_format":"label","default":"","description_enable":false,"description":"","placeholder_enable":false,"placeholder":"","display":"select","restrictions_type":"any_text","adjust_price":false,"price":"","price_type":"flat_fee","restrictions":false,"min":"0","max":"0","options":[{"label":"Pedal de Sustain de Qualitat","price":"10.00","price_type":"quantity_based","image":0,"visibility":true},{"label":"Suport","price":"10.00","price_type":"quantity_based","image":0,"visibility":true},{"label":"Tamboret de Piano de Qualitat","price":"25.00","price_type":"quantity_based","image":0,"visibility":true},{"label":"Tamboret de Piano","price":"10.00","price_type":"quantity_based","image":0,"visibility":true}]}],"acf":{"set_to_be_sold":false,"sale_description":"","sale_price":""},"_links":{"self":[{"href":"https:\/\/shinemusicrental.com\/ca\/wp-json\/wp\/v2\/product\/13378","targetHints":{"allow":["GET"]}}],"collection":[{"href":"https:\/\/shinemusicrental.com\/ca\/wp-json\/wp\/v2\/product"}],"about":[{"href":"https:\/\/shinemusicrental.com\/ca\/wp-json\/wp\/v2\/types\/product"}],"replies":[{"embeddable":true,"href":"https:\/\/shinemusicrental.com\/ca\/wp-json\/wp\/v2\/comments?post=13378"}],"wp:featuredmedia":[{"embeddable":true,"href":"https:\/\/shinemusicrental.com\/ca\/wp-json\/wp\/v2\/media\/13373"}],"wp:attachment":[{"href":"https:\/\/shinemusicrental.com\/ca\/wp-json\/wp\/v2\/media?parent=13378"}],"wp:term":[{"taxonomy":"product_brand","embeddable":true,"href":"https:\/\/shinemusicrental.com\/ca\/wp-json\/wp\/v2\/product_brand?post=13378"},{"taxonomy":"product_cat","embeddable":true,"href":"https:\/\/shinemusicrental.com\/ca\/wp-json\/wp\/v2\/product_cat?post=13378"},{"taxonomy":"product_tag","embeddable":true,"href":"https:\/\/shinemusicrental.com\/ca\/wp-json\/wp\/v2\/product_tag?post=13378"}],"curies":[{"name":"wp","href":"https:\/\/api.w.org\/{rel}","templated":true}]}}