{"id":13364,"date":"2023-08-11T15:01:46","date_gmt":"2023-08-11T13:01:46","guid":{"rendered":"https:\/\/shinemusicrental.com\/product\/midas-m32r-live-digital-mixing-console\/"},"modified":"2024-04-11T14:31:32","modified_gmt":"2024-04-11T12:31:32","slug":"midas-m32r-live-digital-mixing-console","status":"publish","type":"product","link":"https:\/\/shinemusicrental.com\/ca\/product\/midas-m32r-live-digital-mixing-console\/","title":{"rendered":"Midas M32R Live Taula de Mescles Digital"},"content":{"rendered":"<p>Presentem la Consola de Mescles Digital Midas M32R Live: una eina d&#8217;\u00e0udio de grau professional per a aplicacions vers\u00e0tils. Amb 16 buses de mescles i 8 grups DCA, ofereix \u00e0mplies opcions d&#8217;enrutament, semblant a un navegant tra\u00e7ant diverses rutes. La pantalla a color de 7&#8243; proporciona una retroalimentaci\u00f3 visual clara, parella a una guia atenta. Els seus 40 canals d&#8217;entrada i 25 faders motoritzats garanteixen un control prec\u00eds, semblant a un director que guia una orquestra. La capacitat de xarxa AES50 permet una integraci\u00f3 perfecta, com ballarins sincronitzats. Els processadors d&#8217;efectes integrats milloren el teu so, parell a un artista afegint pinzellades a un llen\u00e7. Ideal per a actuacions en directe o gravacions en estudi, eleva la teva producci\u00f3 d&#8217;\u00e0udio. Explora el potencial del so amb l&#8217;Lloguer d&#8217;Instruments, o considera Llogar una Taula de Mescles per a experi\u00e8ncies de mescla din\u00e0miques.<\/p>\n<div id=\"gtx-trans\" style=\"position: absolute; left: -112px; top: -0.666666px;\">\n<div class=\"gtx-trans-icon\"><\/div>\n<\/div>\n","protected":false},"excerpt":{"rendered":"<p>Presentem la Consola de Mescles Digital Midas M32R Live: una eina d&#8217;\u00e0udio de grau professional per a aplicacions vers\u00e0tils. Amb [&hellip;]<\/p>\n","protected":false},"featured_media":13362,"comment_status":"open","ping_status":"closed","template":"","meta":{"_acf_changed":false,"content-type":""},"product_brand":[],"product_cat":[330,342],"product_tag":[506,508,512,510,514,504,562,462,590,561,464,490,592,558,787,789,790],"class_list":{"0":"post-13364","1":"product","2":"type-product","3":"status-publish","4":"has-post-thumbnail","6":"product_cat-estudi","7":"product_cat-mescladors-i-equips-dj","8":"product_tag-equip-destudi","9":"product_tag-equip-destudi-barcelona","10":"product_tag-equip-destudi-de-lloguer","11":"product_tag-equip-destudi-es","12":"product_tag-equip-destudi-espanya","13":"product_tag-estudi","14":"product_tag-instruments-de-contractacio","15":"product_tag-lloguer-dinstruments","16":"product_tag-lloguer-dinstruments-ca-2","17":"product_tag-lloguer-dinstruments-ca","18":"product_tag-lloguer-dinstruments-barcelona","19":"product_tag-lloguer-dinstruments-barcelona-ca","20":"product_tag-lloguer-dinstruments-espanya-ca","21":"product_tag-lloguer-dinstruments-espanya","22":"product_tag-mixer-ca","23":"product_tag-taula-de-mescles","24":"product_tag-taula-de-mescles-de-lloguer","26":"first","27":"instock","28":"sold-individually","29":"shipping-taxable","30":"purchasable","31":"product-type-booking"},"booking_location":"","booking_location_type":"","booking_duration":1,"booking_duration_unit":"day","booking_buffer":0,"booking_cost":0,"booking_resources":[],"exclude_global_add_ons":false,"addons":[{"name":"Deposit","type":"checkbox","position":0,"required":true,"title_format":"hide","default":"","description_enable":false,"description":"","placeholder_enable":false,"placeholder":"","display":"select","restrictions_type":"any_text","adjust_price":false,"price":"","price_type":"flat_fee","restrictions":false,"min":"0","max":"0","options":[{"label":"Deposit","price":"450","price_type":"flat_fee","image":0,"visibility":true}]},{"name":"ALTAVEUS PA","type":"checkbox","position":0,"required":false,"title_format":"label","default":"","description_enable":false,"description":"","placeholder_enable":false,"placeholder":"","display":"select","restrictions_type":"any_text","adjust_price":false,"price":"","price_type":"flat_fee","restrictions":false,"min":"0","max":"0","options":[{"label":"Cable d'Instrument Jack 1\/4","price":"5.00","price_type":"quantity_based","image":0,"visibility":true},{"label":"Cable XLR","price":"5.00","price_type":"quantity_based","image":0,"visibility":true},{"label":"Taula de Mescles (est\u00e0ndard)","price":"55.00","price_type":"quantity_based","image":0,"visibility":true},{"label":"Suport","price":"19.00","price_type":"quantity_based","image":0,"visibility":true},{"label":"DI Box","price":"5","price_type":"quantity_based","image":0,"visibility":true}]}],"acf":{"set_to_be_sold":false,"sale_description":"","sale_price":""},"_links":{"self":[{"href":"https:\/\/shinemusicrental.com\/ca\/wp-json\/wp\/v2\/product\/13364","targetHints":{"allow":["GET"]}}],"collection":[{"href":"https:\/\/shinemusicrental.com\/ca\/wp-json\/wp\/v2\/product"}],"about":[{"href":"https:\/\/shinemusicrental.com\/ca\/wp-json\/wp\/v2\/types\/product"}],"replies":[{"embeddable":true,"href":"https:\/\/shinemusicrental.com\/ca\/wp-json\/wp\/v2\/comments?post=13364"}],"wp:featuredmedia":[{"embeddable":true,"href":"https:\/\/shinemusicrental.com\/ca\/wp-json\/wp\/v2\/media\/13362"}],"wp:attachment":[{"href":"https:\/\/shinemusicrental.com\/ca\/wp-json\/wp\/v2\/media?parent=13364"}],"wp:term":[{"taxonomy":"product_brand","embeddable":true,"href":"https:\/\/shinemusicrental.com\/ca\/wp-json\/wp\/v2\/product_brand?post=13364"},{"taxonomy":"product_cat","embeddable":true,"href":"https:\/\/shinemusicrental.com\/ca\/wp-json\/wp\/v2\/product_cat?post=13364"},{"taxonomy":"product_tag","embeddable":true,"href":"https:\/\/shinemusicrental.com\/ca\/wp-json\/wp\/v2\/product_tag?post=13364"}],"curies":[{"name":"wp","href":"https:\/\/api.w.org\/{rel}","templated":true}]}}