{"id":13355,"date":"2023-08-11T14:56:54","date_gmt":"2023-08-11T12:56:54","guid":{"rendered":"https:\/\/shinemusicrental.com\/product\/fender-rumble-200-bass-amp\/"},"modified":"2024-04-11T14:26:17","modified_gmt":"2024-04-11T12:26:17","slug":"fender-rumble-200-amplificador-de-baix-2","status":"publish","type":"product","link":"https:\/\/shinemusicrental.com\/ca\/product\/fender-rumble-200-amplificador-de-baix-2\/","title":{"rendered":"Fender Rumble 200 Amplificador de Baix"},"content":{"rendered":"<p>Presentem l&#8217;Amplificador de Baix Fender Rumble 200: un potent amplificador per a baixistes. Amb 200 watts de pot\u00e8ncia, ofereix un volum ampli per a presentacions i assaigs, semblant a un comunicador s\u00f2lid. L&#8217;altaveu de 15&#8243; i el tweeter brinden una gamma completa de tons, similar a un narrador vers\u00e0til. El circuit d&#8217;overdrive afegeix una vora rugosa al teu so, com un toc distintiu. L&#8217;equalitzador de 4 bandes permet modelar el to amb precisi\u00f3, semblant a un escultor experimentat.La sortida XLR line out ofereix connectivitat directa, semblant a una connexi\u00f3 sense interrupcions.La presa d&#8217;auriculars permet practicar en privat, com una sessi\u00f3 d&#8217;estudi personal.Explora possibilitats amplificades a trav\u00e9s del Lloguer d&#8217;Instruments, o considera Llogar un Amplificador per a Baix per als teus esfor\u00e7os musicals Eleva el teu so de baix amb aquest amplificador fiable.<\/p>\n<div id=\"gtx-trans\" style=\"position: absolute; left: -59px; top: -0.666666px;\">\n<div class=\"gtx-trans-icon\"><\/div>\n<\/div>\n","protected":false},"excerpt":{"rendered":"<p>Presentem l&#8217;Amplificador de Baix Fender Rumble 200: un potent amplificador per a baixistes. Amb 200 watts de pot\u00e8ncia, ofereix un [&hellip;]<\/p>\n","protected":false},"featured_media":13353,"comment_status":"open","ping_status":"closed","template":"","meta":{"_acf_changed":false,"content-type":""},"product_brand":[],"product_cat":[176,184],"product_tag":[681,683,653,568,570,572,564,460,566,562,561,462,590,464,490,592,558],"class_list":{"0":"post-13355","1":"product","2":"type-product","3":"status-publish","4":"has-post-thumbnail","6":"product_cat-guitarres-i-baixos","7":"product_cat-amplificadors-de-baix","8":"product_tag-amplificador-ca","9":"product_tag-amplificador-de-guitarra-ca","10":"product_tag-fender-ca","11":"product_tag-guitarra-ca","12":"product_tag-guitarra-barcelona-ca","13":"product_tag-guitarra-de-lloguer","14":"product_tag-guitarra-espanya","15":"product_tag-guitarres","16":"product_tag-guitarres-espanya","17":"product_tag-instruments-de-contractacio","18":"product_tag-lloguer-dinstruments-ca","19":"product_tag-lloguer-dinstruments","20":"product_tag-lloguer-dinstruments-ca-2","21":"product_tag-lloguer-dinstruments-barcelona","22":"product_tag-lloguer-dinstruments-barcelona-ca","23":"product_tag-lloguer-dinstruments-espanya-ca","24":"product_tag-lloguer-dinstruments-espanya","26":"first","27":"instock","28":"sold-individually","29":"shipping-taxable","30":"purchasable","31":"product-type-booking"},"booking_location":"","booking_location_type":"","booking_duration":1,"booking_duration_unit":"day","booking_buffer":0,"booking_cost":0,"booking_resources":[],"exclude_global_add_ons":false,"addons":[{"name":"Deposit","type":"checkbox","position":0,"required":true,"title_format":"hide","default":"","description_enable":false,"description":"","placeholder_enable":false,"placeholder":"","display":"select","restrictions_type":"any_text","adjust_price":false,"price":"","price_type":"flat_fee","restrictions":false,"min":"0","max":"0","options":[{"label":"Deposit","price":"270","price_type":"flat_fee","image":0,"visibility":true}]},{"name":"Amplificadors (tots)","type":"checkbox","position":0,"required":false,"title_format":"label","default":"","description_enable":false,"description":"","placeholder_enable":false,"placeholder":"","display":"select","restrictions_type":"any_text","adjust_price":false,"price":"","price_type":"flat_fee","restrictions":false,"min":"0","max":"0","options":[{"label":"Cable d'Instrument Jack 1\/4","price":"5.00","price_type":"quantity_based","image":0,"visibility":true},{"label":"DI Box","price":"5.00","price_type":"quantity_based","image":0,"visibility":true}]}],"acf":{"set_to_be_sold":false,"sale_description":"","sale_price":""},"_links":{"self":[{"href":"https:\/\/shinemusicrental.com\/ca\/wp-json\/wp\/v2\/product\/13355","targetHints":{"allow":["GET"]}}],"collection":[{"href":"https:\/\/shinemusicrental.com\/ca\/wp-json\/wp\/v2\/product"}],"about":[{"href":"https:\/\/shinemusicrental.com\/ca\/wp-json\/wp\/v2\/types\/product"}],"replies":[{"embeddable":true,"href":"https:\/\/shinemusicrental.com\/ca\/wp-json\/wp\/v2\/comments?post=13355"}],"wp:featuredmedia":[{"embeddable":true,"href":"https:\/\/shinemusicrental.com\/ca\/wp-json\/wp\/v2\/media\/13353"}],"wp:attachment":[{"href":"https:\/\/shinemusicrental.com\/ca\/wp-json\/wp\/v2\/media?parent=13355"}],"wp:term":[{"taxonomy":"product_brand","embeddable":true,"href":"https:\/\/shinemusicrental.com\/ca\/wp-json\/wp\/v2\/product_brand?post=13355"},{"taxonomy":"product_cat","embeddable":true,"href":"https:\/\/shinemusicrental.com\/ca\/wp-json\/wp\/v2\/product_cat?post=13355"},{"taxonomy":"product_tag","embeddable":true,"href":"https:\/\/shinemusicrental.com\/ca\/wp-json\/wp\/v2\/product_tag?post=13355"}],"curies":[{"name":"wp","href":"https:\/\/api.w.org\/{rel}","templated":true}]}}