{"id":13343,"date":"2023-08-11T14:30:55","date_gmt":"2023-08-11T12:30:55","guid":{"rendered":"https:\/\/shinemusicrental.com\/product\/fender-rumble-25-v3-bass-amp\/"},"modified":"2024-12-03T14:35:55","modified_gmt":"2024-12-03T13:35:55","slug":"fender-rumble-25-v3-amplificador-de-baix","status":"publish","type":"product","link":"https:\/\/shinemusicrental.com\/ca\/product\/fender-rumble-25-v3-amplificador-de-baix\/","title":{"rendered":"Fender Rumble 25 V3 Amplificador de Baix"},"content":{"rendered":"<p>Presentem l&#8217;Amplificador de Baix Fender Rumble 25 V3: un amplificador compacte per als entusiastes del baix. Amb 25 watts de pot\u00e8ncia, proporciona una amplificaci\u00f3 de so fiable, semblant a un aliat fiable. L&#8217;altaveu de 8&#8243; ofereix greus potents i aguts clars, semblant a una conversa equilibrada. L&#8217;equalitzador de 3 bandes permet ajustaments senzills de to, com afinar un instrument musical. La sortida d&#8217;auriculars permet practicar en privat, similar a un espai d&#8217;assaig personal L&#8217;entrada auxiliar et permet tocar al costat de pistes, semblant a una sessi\u00f3 de jam col\u00b7laborativa.La construcci\u00f3 duradora garanteix longevitat, similar a un company de confian\u00e7a. per a les emprenedories musicals Eleva el teu so de baix amb aquest amplificador pr\u00e0ctic.<\/p>\n<div id=\"gtx-trans\" style=\"position: absolute; left: -68px; top: -0.666666px;\">\n<div class=\"gtx-trans-icon\"><\/div>\n<\/div>\n","protected":false},"excerpt":{"rendered":"<p>Presentem l&#8217;Amplificador de Baix Fender Rumble 25 V3: un amplificador compacte per als entusiastes del baix. Amb 25 watts de [&hellip;]<\/p>\n","protected":false},"featured_media":13340,"comment_status":"open","ping_status":"closed","template":"","meta":{"_acf_changed":false,"content-type":""},"product_brand":[],"product_cat":[176,184],"product_tag":[681,683,568,570,572,564,460,566,562,561,462,590,464,490,592,558],"class_list":{"0":"post-13343","1":"product","2":"type-product","3":"status-publish","4":"has-post-thumbnail","6":"product_cat-guitarres-i-baixos","7":"product_cat-amplificadors-de-baix","8":"product_tag-amplificador-ca","9":"product_tag-amplificador-de-guitarra-ca","10":"product_tag-guitarra-ca","11":"product_tag-guitarra-barcelona-ca","12":"product_tag-guitarra-de-lloguer","13":"product_tag-guitarra-espanya","14":"product_tag-guitarres","15":"product_tag-guitarres-espanya","16":"product_tag-instruments-de-contractacio","17":"product_tag-lloguer-dinstruments-ca","18":"product_tag-lloguer-dinstruments","19":"product_tag-lloguer-dinstruments-ca-2","20":"product_tag-lloguer-dinstruments-barcelona","21":"product_tag-lloguer-dinstruments-barcelona-ca","22":"product_tag-lloguer-dinstruments-espanya-ca","23":"product_tag-lloguer-dinstruments-espanya","25":"first","26":"instock","27":"sold-individually","28":"shipping-taxable","29":"purchasable","30":"product-type-booking"},"booking_location":"","booking_location_type":"","booking_duration":1,"booking_duration_unit":"day","booking_buffer":0,"booking_cost":0,"booking_resources":[],"exclude_global_add_ons":false,"addons":[{"name":"Deposit","type":"checkbox","position":0,"required":true,"title_format":"hide","default":"","description_enable":false,"description":"","placeholder_enable":false,"placeholder":"","display":"select","restrictions_type":"any_text","adjust_price":false,"price":"","price_type":"flat_fee","restrictions":false,"min":"0","max":"0","options":[{"label":"Deposit","price":"60","price_type":"flat_fee","image":0,"visibility":true}]},{"name":"Amplificadors (tots)","type":"checkbox","position":0,"required":false,"title_format":"label","default":"","description_enable":false,"description":"","placeholder_enable":false,"placeholder":"","display":"select","restrictions_type":"any_text","adjust_price":false,"price":"","price_type":"flat_fee","restrictions":false,"min":"0","max":"0","options":[{"label":"Cable d'Instrument Jack 1\/4","price":"5.00","price_type":"quantity_based","image":0,"visibility":true},{"label":"DI Box","price":"5.00","price_type":"quantity_based","image":0,"visibility":true}]}],"acf":{"set_to_be_sold":false,"sale_description":"","sale_price":""},"_links":{"self":[{"href":"https:\/\/shinemusicrental.com\/ca\/wp-json\/wp\/v2\/product\/13343","targetHints":{"allow":["GET"]}}],"collection":[{"href":"https:\/\/shinemusicrental.com\/ca\/wp-json\/wp\/v2\/product"}],"about":[{"href":"https:\/\/shinemusicrental.com\/ca\/wp-json\/wp\/v2\/types\/product"}],"replies":[{"embeddable":true,"href":"https:\/\/shinemusicrental.com\/ca\/wp-json\/wp\/v2\/comments?post=13343"}],"wp:featuredmedia":[{"embeddable":true,"href":"https:\/\/shinemusicrental.com\/ca\/wp-json\/wp\/v2\/media\/13340"}],"wp:attachment":[{"href":"https:\/\/shinemusicrental.com\/ca\/wp-json\/wp\/v2\/media?parent=13343"}],"wp:term":[{"taxonomy":"product_brand","embeddable":true,"href":"https:\/\/shinemusicrental.com\/ca\/wp-json\/wp\/v2\/product_brand?post=13343"},{"taxonomy":"product_cat","embeddable":true,"href":"https:\/\/shinemusicrental.com\/ca\/wp-json\/wp\/v2\/product_cat?post=13343"},{"taxonomy":"product_tag","embeddable":true,"href":"https:\/\/shinemusicrental.com\/ca\/wp-json\/wp\/v2\/product_tag?post=13343"}],"curies":[{"name":"wp","href":"https:\/\/api.w.org\/{rel}","templated":true}]}}