{"id":13297,"date":"2023-08-11T13:10:56","date_gmt":"2023-08-11T11:10:56","guid":{"rendered":"https:\/\/shinemusicrental.com\/product\/fender-stratocaster-hss-black-electric-guitar\/"},"modified":"2024-04-09T16:23:27","modified_gmt":"2024-04-09T14:23:27","slug":"fender-stratocaster-hss-black-guitarra-electrica","status":"publish","type":"product","link":"https:\/\/shinemusicrental.com\/ca\/product\/fender-stratocaster-hss-black-guitarra-electrica\/","title":{"rendered":"Fender Stratocaster HSS Black Guitarra El\u00e8ctrica"},"content":{"rendered":"<p>Presentem la Guitarra El\u00e8ctrica Fender Stratocaster HSS Black: un instrument vers\u00e0til per als entusiastes de la guitarra. Amb una pastilla humbucker i dues pastilles de bobina simple, ofereix una \u00e0mplia gamma de tons, semblant a la paleta de colors d&#8217;un pintor. El cos d&#8217;aliss\u00f3 proporciona una resson\u00e0ncia equilibrada, com un instrument ben afinat. El m\u00e0nec d&#8217;aur\u00f3 ofereix una execuci\u00f3 suau, semblant a un cam\u00ed familiar. El pont de tr\u00e8mol sincronitzat permet efectes expressius de whammy, parell a un ornament vocal. La seva conmutaci\u00f3 cl\u00e0ssica de 5 posicions ofereix versatilitat tonal, semblant a la d&#8217;un narrador vers\u00e0til. Ideal per a actuacions en escenari o gravacions en estudi, \u00e9s un company musical. Eleva el teu so mitjan\u00e7ant l&#8217;Lloguer d&#8217;Instruments, o explora la diversitat sonora considerant Llogar una Guitarra El\u00e8ctrica. Endinsa&#8217;t en el m\u00f3n de possibilitats musicals amb aquesta ic\u00f2nica guitarra el\u00e8ctrica.<\/p>\n<div id=\"gtx-trans\" style=\"position: absolute; left: -208px; top: 48.3333px;\">\n<div class=\"gtx-trans-icon\"><\/div>\n<\/div>\n","protected":false},"excerpt":{"rendered":"<p>Presentem la Guitarra El\u00e8ctrica Fender Stratocaster HSS Black: un instrument vers\u00e0til per als entusiastes de la guitarra. Amb una pastilla [&hellip;]<\/p>\n","protected":false},"featured_media":13295,"comment_status":"open","ping_status":"closed","template":"","meta":{"_acf_changed":false,"content-type":""},"product_brand":[],"product_cat":[176,194],"product_tag":[653,568,570,572,536,564,460,566,561,590,462,464,592,558,806],"class_list":{"0":"post-13297","1":"product","2":"type-product","3":"status-publish","4":"has-post-thumbnail","6":"product_cat-guitarres-i-baixos","7":"product_cat-guitarres-electriques","8":"product_tag-fender-ca","9":"product_tag-guitarra-ca","10":"product_tag-guitarra-barcelona-ca","11":"product_tag-guitarra-de-lloguer","12":"product_tag-guitarra-electrica-ca","13":"product_tag-guitarra-espanya","14":"product_tag-guitarres","15":"product_tag-guitarres-espanya","16":"product_tag-lloguer-dinstruments-ca","17":"product_tag-lloguer-dinstruments-ca-2","18":"product_tag-lloguer-dinstruments","19":"product_tag-lloguer-dinstruments-barcelona","20":"product_tag-lloguer-dinstruments-espanya-ca","21":"product_tag-lloguer-dinstruments-espanya","22":"product_tag-set-de-guitarra-ca","24":"first","25":"instock","26":"sold-individually","27":"shipping-taxable","28":"purchasable","29":"product-type-booking"},"booking_location":"","booking_location_type":"","booking_duration":1,"booking_duration_unit":"day","booking_buffer":0,"booking_cost":0,"booking_resources":[],"exclude_global_add_ons":false,"addons":[{"name":"Deposit","type":"checkbox","position":0,"required":false,"title_format":"hide","default":"","description_enable":false,"description":"","placeholder_enable":false,"placeholder":"","display":"select","restrictions_type":"any_text","adjust_price":false,"price":"","price_type":"flat_fee","restrictions":false,"min":"0","max":"0","options":[{"label":"Deposit","price":"290","price_type":"flat_fee","image":0,"visibility":true}]},{"name":"Guitarres El\u00e8ctriques","type":"checkbox","position":0,"required":false,"title_format":"label","default":"","description_enable":false,"description":"","placeholder_enable":false,"placeholder":"","display":"select","restrictions_type":"any_text","adjust_price":false,"price":"","price_type":"flat_fee","restrictions":false,"min":"0","max":"0","options":[{"label":"Cable d'Instrument Jack 1\/4","price":"5.00","price_type":"quantity_based","image":0,"visibility":true},{"label":"Pua de Qualitat","price":"2.00","price_type":"quantity_based","image":0,"visibility":true},{"label":"Pua Est\u00e0ndard","price":"1.00","price_type":"quantity_based","image":0,"visibility":true},{"label":"Corretja","price":"5.00","price_type":"quantity_based","image":0,"visibility":true},{"label":"Capo - Guitarra El\u00e8ctrica","price":"5.00","price_type":"quantity_based","image":0,"visibility":true},{"label":"Afinador","price":"5.00","price_type":"flat_fee","image":0,"visibility":true},{"label":"Faristol de Qualitat","price":"9.00","price_type":"quantity_based","image":0,"visibility":true},{"label":"Faristol","price":"5.00","price_type":"quantity_based","image":0,"visibility":true}]}],"acf":{"set_to_be_sold":false,"sale_description":"","sale_price":""},"_links":{"self":[{"href":"https:\/\/shinemusicrental.com\/ca\/wp-json\/wp\/v2\/product\/13297","targetHints":{"allow":["GET"]}}],"collection":[{"href":"https:\/\/shinemusicrental.com\/ca\/wp-json\/wp\/v2\/product"}],"about":[{"href":"https:\/\/shinemusicrental.com\/ca\/wp-json\/wp\/v2\/types\/product"}],"replies":[{"embeddable":true,"href":"https:\/\/shinemusicrental.com\/ca\/wp-json\/wp\/v2\/comments?post=13297"}],"wp:featuredmedia":[{"embeddable":true,"href":"https:\/\/shinemusicrental.com\/ca\/wp-json\/wp\/v2\/media\/13295"}],"wp:attachment":[{"href":"https:\/\/shinemusicrental.com\/ca\/wp-json\/wp\/v2\/media?parent=13297"}],"wp:term":[{"taxonomy":"product_brand","embeddable":true,"href":"https:\/\/shinemusicrental.com\/ca\/wp-json\/wp\/v2\/product_brand?post=13297"},{"taxonomy":"product_cat","embeddable":true,"href":"https:\/\/shinemusicrental.com\/ca\/wp-json\/wp\/v2\/product_cat?post=13297"},{"taxonomy":"product_tag","embeddable":true,"href":"https:\/\/shinemusicrental.com\/ca\/wp-json\/wp\/v2\/product_tag?post=13297"}],"curies":[{"name":"wp","href":"https:\/\/api.w.org\/{rel}","templated":true}]}}