{"id":13166,"date":"2023-07-19T13:58:52","date_gmt":"2023-07-19T11:58:52","guid":{"rendered":"https:\/\/shinemusicrental.com\/product\/yamaha-ydp-145-b-arius-digital-piano\/"},"modified":"2024-04-10T17:48:01","modified_gmt":"2024-04-10T15:48:01","slug":"yamaha-ydp-145-b-arius-digital-piano","status":"publish","type":"product","link":"https:\/\/shinemusicrental.com\/ca\/product\/yamaha-ydp-145-b-arius-digital-piano\/","title":{"rendered":"Yamaha YDP-145 B Arius Piano Digital"},"content":{"rendered":"<p>Us presentem el Piano Digital Yamaha YDP-145 B Arius: un m\u00e0gic de melodies en un paquet compacte. Amb 88 tecles Graded Hammer Standard, ofereix una experi\u00e8ncia de joc receptiva semblant a l&#8217;abra\u00e7ada d&#8217;un vell amic. El seu mostreig Advanced Wave Memory captura els matisos dels pianos de cua, fent que cada nota ressoni amb autenticitat. El mode Dual Voice et permet harmonitzar dos sons, mentre que la Reson\u00e0ncia del Pedal crea un ric sosteniment. L&#8217;eleg\u00e0ncia del piano es combina amb la seva versatilitat, adaptant-se a diversos g\u00e8neres musicals. Perfecte per a pr\u00e0ctiques, actuacions o sessions d&#8217;enregistrament, \u00e9s una simfonia en un sol instrument. Enriquiu el vostre viatge musical mitjan\u00e7ant l&#8217;Lloguer d&#8217;Instruments o opteu per Llogar un Piano Digital per a una exploraci\u00f3 sonora immersiva.<\/p>\n<div id=\"gtx-trans\" style=\"position: absolute; left: -15px; top: 48.3333px;\">\n<div class=\"gtx-trans-icon\"><\/div>\n<\/div>\n","protected":false},"excerpt":{"rendered":"<p>Us presentem el Piano Digital Yamaha YDP-145 B Arius: un m\u00e0gic de melodies en un paquet compacte. Amb 88 tecles [&hellip;]<\/p>\n","protected":false},"featured_media":13164,"comment_status":"open","ping_status":"closed","template":"","meta":{"_acf_changed":false,"content-type":""},"product_brand":[],"product_cat":[132,133],"product_tag":[562,663,462,590,561,464,490,592,558,478,660,479,488,482,484,486],"class_list":{"0":"post-13166","1":"product","2":"type-product","3":"status-publish","4":"has-post-thumbnail","6":"product_cat-instruments-de-teclat","7":"product_cat-pianos-digitals","8":"product_tag-instruments-de-contractacio","9":"product_tag-llogar-piano-digital","10":"product_tag-lloguer-dinstruments","11":"product_tag-lloguer-dinstruments-ca-2","12":"product_tag-lloguer-dinstruments-ca","13":"product_tag-lloguer-dinstruments-barcelona","14":"product_tag-lloguer-dinstruments-barcelona-ca","15":"product_tag-lloguer-dinstruments-espanya-ca","16":"product_tag-lloguer-dinstruments-espanya","17":"product_tag-piano-ca","18":"product_tag-piano-digital-ca","19":"product_tag-piano-es-ca","20":"product_tag-piano-espanya","21":"product_tag-pianos-ca","22":"product_tag-pianos-barcelona-ca","23":"product_tag-pianos-de-lloguer","25":"first","26":"instock","27":"sold-individually","28":"shipping-taxable","29":"purchasable","30":"product-type-booking"},"booking_location":"","booking_location_type":"","booking_duration":1,"booking_duration_unit":"day","booking_buffer":0,"booking_cost":0,"booking_resources":[],"exclude_global_add_ons":false,"addons":[{"name":"Deposit","type":"checkbox","position":0,"required":false,"title_format":"hide","default":"","description_enable":false,"description":"","placeholder_enable":false,"placeholder":"","display":"select","restrictions_type":"any_text","adjust_price":false,"price":"","price_type":"flat_fee","restrictions":false,"min":"0","max":"0","options":[{"label":"Deposit","price":"360","price_type":"flat_fee","image":0,"visibility":true}]},{"name":"PIANO EL\u00c8CTRIC","type":"checkbox","position":0,"required":true,"title_format":"label","default":"","description_enable":false,"description":"","placeholder_enable":false,"placeholder":"","display":"select","restrictions_type":"any_text","adjust_price":false,"price":"","price_type":"flat_fee","restrictions":false,"min":"0","max":"0","options":[{"label":"Pedal de Sustain de Qualitat","price":"10.00","price_type":"quantity_based","image":0,"visibility":true},{"label":"Suport","price":"10.00","price_type":"quantity_based","image":0,"visibility":true},{"label":"Tamboret de Piano de Qualitat","price":"25.00","price_type":"quantity_based","image":0,"visibility":true},{"label":"Tamboret de Piano","price":"10.00","price_type":"quantity_based","image":0,"visibility":true}]}],"acf":{"set_to_be_sold":false,"sale_description":"","sale_price":""},"_links":{"self":[{"href":"https:\/\/shinemusicrental.com\/ca\/wp-json\/wp\/v2\/product\/13166","targetHints":{"allow":["GET"]}}],"collection":[{"href":"https:\/\/shinemusicrental.com\/ca\/wp-json\/wp\/v2\/product"}],"about":[{"href":"https:\/\/shinemusicrental.com\/ca\/wp-json\/wp\/v2\/types\/product"}],"replies":[{"embeddable":true,"href":"https:\/\/shinemusicrental.com\/ca\/wp-json\/wp\/v2\/comments?post=13166"}],"wp:featuredmedia":[{"embeddable":true,"href":"https:\/\/shinemusicrental.com\/ca\/wp-json\/wp\/v2\/media\/13164"}],"wp:attachment":[{"href":"https:\/\/shinemusicrental.com\/ca\/wp-json\/wp\/v2\/media?parent=13166"}],"wp:term":[{"taxonomy":"product_brand","embeddable":true,"href":"https:\/\/shinemusicrental.com\/ca\/wp-json\/wp\/v2\/product_brand?post=13166"},{"taxonomy":"product_cat","embeddable":true,"href":"https:\/\/shinemusicrental.com\/ca\/wp-json\/wp\/v2\/product_cat?post=13166"},{"taxonomy":"product_tag","embeddable":true,"href":"https:\/\/shinemusicrental.com\/ca\/wp-json\/wp\/v2\/product_tag?post=13166"}],"curies":[{"name":"wp","href":"https:\/\/api.w.org\/{rel}","templated":true}]}}