{"id":13087,"date":"2023-07-11T11:50:36","date_gmt":"2023-07-11T09:50:36","guid":{"rendered":"https:\/\/shinemusicrental.com\/product\/mackie-1642vlz4-mixer\/"},"modified":"2025-01-08T11:40:01","modified_gmt":"2025-01-08T10:40:01","slug":"mackie-1642vlz4-taula-de-mescles","status":"publish","type":"product","link":"https:\/\/shinemusicrental.com\/ca\/product\/mackie-1642vlz4-taula-de-mescles\/","title":{"rendered":"Mackie 1642VLZ4 Taula de Mescles"},"content":{"rendered":"<p>Us presentem la Taula de Mesclat Mackie 1642VLZ4: una eina de precisi\u00f3 per a l&#8217;artesania sonora. Amb 16 preamplificadors de micr\u00f2fon Onyx, assegura una captura d&#8217;\u00e0udio impecable. El disseny d&#8217;alta capacitat de manegament de la taula de mesclat ofereix una qualitat de so superior, similar al llen\u00e7 d&#8217;un artista per a paisatges sonors. El seu equalitzador de 4 bandes i funci\u00f3 de derivaci\u00f3 de l&#8217;equalitzaci\u00f3 proporcionen capacitats d&#8217;ajust fin, com el toc delicat d&#8217;un escultor. Les 16 entrades de l\u00ednia de la taula de mesclat acomoden diverses fonts d&#8217;\u00e0udio, adaptant-se a configuracions vers\u00e0tils. El seu resistent xass\u00eds d&#8217;acer garanteix durabilitat al carrer. Ideal per a so en viu, gravaci\u00f3 o entorns de producci\u00f3, \u00e9s el somni d&#8217;un arquitecte sonor. Millora la teva experi\u00e8ncia auditiva mitjan\u00e7ant l&#8217;Lloguer d&#8217;Instruments, o considera Llogar una Taula de Mesclat per a orquestrar el teu viatge sonor.<\/p>\n<div id=\"gtx-trans\" style=\"position: absolute; left: -117px; top: -0.666666px;\">\n<div class=\"gtx-trans-icon\"><\/div>\n<\/div>\n","protected":false},"excerpt":{"rendered":"<p>Us presentem la Taula de Mesclat Mackie 1642VLZ4: una eina de precisi\u00f3 per a l&#8217;artesania sonora. Amb 16 preamplificadors de [&hellip;]<\/p>\n","protected":false},"featured_media":13085,"comment_status":"open","ping_status":"closed","template":"","meta":{"_acf_changed":false,"content-type":""},"product_brand":[],"product_cat":[330,342],"product_tag":[506,508,512,510,514,504,562,462,590,561,464,490,592,558,787,789,790],"class_list":{"0":"post-13087","1":"product","2":"type-product","3":"status-publish","4":"has-post-thumbnail","6":"product_cat-estudi","7":"product_cat-mescladors-i-equips-dj","8":"product_tag-equip-destudi","9":"product_tag-equip-destudi-barcelona","10":"product_tag-equip-destudi-de-lloguer","11":"product_tag-equip-destudi-es","12":"product_tag-equip-destudi-espanya","13":"product_tag-estudi","14":"product_tag-instruments-de-contractacio","15":"product_tag-lloguer-dinstruments","16":"product_tag-lloguer-dinstruments-ca-2","17":"product_tag-lloguer-dinstruments-ca","18":"product_tag-lloguer-dinstruments-barcelona","19":"product_tag-lloguer-dinstruments-barcelona-ca","20":"product_tag-lloguer-dinstruments-espanya-ca","21":"product_tag-lloguer-dinstruments-espanya","22":"product_tag-mixer-ca","23":"product_tag-taula-de-mescles","24":"product_tag-taula-de-mescles-de-lloguer","26":"first","27":"instock","28":"sold-individually","29":"shipping-taxable","30":"purchasable","31":"product-type-booking"},"booking_location":"","booking_location_type":"","booking_duration":1,"booking_duration_unit":"day","booking_buffer":0,"booking_cost":0,"booking_resources":[],"exclude_global_add_ons":false,"addons":[{"name":"Deposit","type":"checkbox","position":0,"required":false,"title_format":"hide","default":"","description_enable":false,"description":"","placeholder_enable":false,"placeholder":"","display":"select","restrictions_type":"any_text","adjust_price":false,"price":"","price_type":"flat_fee","restrictions":false,"min":"0","max":"0","options":[{"label":"Deposit","price":"340","price_type":"flat_fee","image":0,"visibility":true}]},{"name":"ALTAVEUS PA","type":"checkbox","position":0,"required":false,"title_format":"label","default":"","description_enable":false,"description":"","placeholder_enable":false,"placeholder":"","display":"select","restrictions_type":"any_text","adjust_price":false,"price":"","price_type":"flat_fee","restrictions":false,"min":"0","max":"0","options":[{"label":"Cable d'Instrument Jack 1\/4","price":"5.00","price_type":"quantity_based","image":0,"visibility":true},{"label":"Cable XLR","price":"5.00","price_type":"quantity_based","image":0,"visibility":true},{"label":"Taula de Mescles (est\u00e0ndard)","price":"55.00","price_type":"quantity_based","image":0,"visibility":true},{"label":"Suport","price":"19.00","price_type":"quantity_based","image":0,"visibility":true},{"label":"DI Box","price":"5","price_type":"quantity_based","image":0,"visibility":true}]}],"acf":{"set_to_be_sold":false,"sale_description":"","sale_price":""},"_links":{"self":[{"href":"https:\/\/shinemusicrental.com\/ca\/wp-json\/wp\/v2\/product\/13087","targetHints":{"allow":["GET"]}}],"collection":[{"href":"https:\/\/shinemusicrental.com\/ca\/wp-json\/wp\/v2\/product"}],"about":[{"href":"https:\/\/shinemusicrental.com\/ca\/wp-json\/wp\/v2\/types\/product"}],"replies":[{"embeddable":true,"href":"https:\/\/shinemusicrental.com\/ca\/wp-json\/wp\/v2\/comments?post=13087"}],"wp:featuredmedia":[{"embeddable":true,"href":"https:\/\/shinemusicrental.com\/ca\/wp-json\/wp\/v2\/media\/13085"}],"wp:attachment":[{"href":"https:\/\/shinemusicrental.com\/ca\/wp-json\/wp\/v2\/media?parent=13087"}],"wp:term":[{"taxonomy":"product_brand","embeddable":true,"href":"https:\/\/shinemusicrental.com\/ca\/wp-json\/wp\/v2\/product_brand?post=13087"},{"taxonomy":"product_cat","embeddable":true,"href":"https:\/\/shinemusicrental.com\/ca\/wp-json\/wp\/v2\/product_cat?post=13087"},{"taxonomy":"product_tag","embeddable":true,"href":"https:\/\/shinemusicrental.com\/ca\/wp-json\/wp\/v2\/product_tag?post=13087"}],"curies":[{"name":"wp","href":"https:\/\/api.w.org\/{rel}","templated":true}]}}