{"id":13039,"date":"2023-07-04T14:20:51","date_gmt":"2023-07-04T12:20:51","guid":{"rendered":"https:\/\/shinemusicrental.com\/product\/saz-css-123-turkish-baglama\/"},"modified":"2024-04-10T17:06:19","modified_gmt":"2024-04-10T15:06:19","slug":"saz-css-123-baglama-turc","status":"publish","type":"product","link":"https:\/\/shinemusicrental.com\/ca\/product\/saz-css-123-baglama-turc\/","title":{"rendered":"SAZ CSS-123 Baglama Turc"},"content":{"rendered":"<p>Descobreix el Baglama Turc SAZ CSS-123, una porta d&#8217;entrada a les melodies tradicionals turques. Amb 6 cordes i un m\u00e0nec m\u00e9s curt, ofereix un rang tonal distintiu que evoca el patrimoni cultural. El cos de caoba ressona amb riquesa, similar a un narrador ancestral. La mida compacta del Baglama el fa f\u00e0cil de transportar, com un company musical de viatge. El seu intrincat disseny en fusta mostra l&#8217;artesania transmesa de generaci\u00f3 en generaci\u00f3. Ideal per a entusiastes de la m\u00fasica folkl\u00f2rica, evoca l&#8217;esperit de l&#8217;Anat\u00f2lia. Submergeix-te en les seves harmonies a trav\u00e9s de l&#8217;Lloguer d&#8217;Instruments o explora les melodies turques considerant Llogar un Baglama. Descobreix l&#8217;\u00e0nima de la m\u00fasica turca amb aquest instrument arrelat en la hist\u00f2ria.<\/p>\n<div id=\"gtx-trans\" style=\"position: absolute; left: -55px; top: 48.3333px;\">\n<div class=\"gtx-trans-icon\"><\/div>\n<\/div>\n","protected":false},"excerpt":{"rendered":"<p>Descobreix el Baglama Turc SAZ CSS-123, una porta d&#8217;entrada a les melodies tradicionals turques. Amb 6 cordes i un m\u00e0nec [&hellip;]<\/p>\n","protected":false},"featured_media":13037,"comment_status":"open","ping_status":"closed","template":"","meta":{"_acf_changed":false,"content-type":""},"product_brand":[],"product_cat":[176,202],"product_tag":[1112,562,462,590,561,464,490,592,558],"class_list":{"0":"post-13039","1":"product","2":"type-product","3":"status-publish","4":"has-post-thumbnail","6":"product_cat-guitarres-i-baixos","7":"product_cat-altres-instruments-de-corda","8":"product_tag-baglama-ca","9":"product_tag-instruments-de-contractacio","10":"product_tag-lloguer-dinstruments","11":"product_tag-lloguer-dinstruments-ca-2","12":"product_tag-lloguer-dinstruments-ca","13":"product_tag-lloguer-dinstruments-barcelona","14":"product_tag-lloguer-dinstruments-barcelona-ca","15":"product_tag-lloguer-dinstruments-espanya-ca","16":"product_tag-lloguer-dinstruments-espanya","18":"first","19":"instock","20":"sold-individually","21":"shipping-taxable","22":"purchasable","23":"product-type-booking"},"booking_location":"","booking_location_type":"","booking_duration":1,"booking_duration_unit":"day","booking_buffer":0,"booking_cost":0,"booking_resources":[],"exclude_global_add_ons":false,"addons":[{"name":"Deposit","type":"checkbox","position":0,"required":false,"title_format":"hide","default":"","description_enable":false,"description":"","placeholder_enable":false,"placeholder":"","display":"select","restrictions_type":"any_text","adjust_price":false,"price":"","price_type":"flat_fee","restrictions":false,"min":"0","max":"0","options":[{"label":"Deposit","price":"90","price_type":"flat_fee","image":0,"visibility":true}]}],"acf":{"set_to_be_sold":false,"sale_description":"","sale_price":""},"_links":{"self":[{"href":"https:\/\/shinemusicrental.com\/ca\/wp-json\/wp\/v2\/product\/13039","targetHints":{"allow":["GET"]}}],"collection":[{"href":"https:\/\/shinemusicrental.com\/ca\/wp-json\/wp\/v2\/product"}],"about":[{"href":"https:\/\/shinemusicrental.com\/ca\/wp-json\/wp\/v2\/types\/product"}],"replies":[{"embeddable":true,"href":"https:\/\/shinemusicrental.com\/ca\/wp-json\/wp\/v2\/comments?post=13039"}],"wp:featuredmedia":[{"embeddable":true,"href":"https:\/\/shinemusicrental.com\/ca\/wp-json\/wp\/v2\/media\/13037"}],"wp:attachment":[{"href":"https:\/\/shinemusicrental.com\/ca\/wp-json\/wp\/v2\/media?parent=13039"}],"wp:term":[{"taxonomy":"product_brand","embeddable":true,"href":"https:\/\/shinemusicrental.com\/ca\/wp-json\/wp\/v2\/product_brand?post=13039"},{"taxonomy":"product_cat","embeddable":true,"href":"https:\/\/shinemusicrental.com\/ca\/wp-json\/wp\/v2\/product_cat?post=13039"},{"taxonomy":"product_tag","embeddable":true,"href":"https:\/\/shinemusicrental.com\/ca\/wp-json\/wp\/v2\/product_tag?post=13039"}],"curies":[{"name":"wp","href":"https:\/\/api.w.org\/{rel}","templated":true}]}}