{"id":13020,"date":"2023-07-04T13:02:33","date_gmt":"2023-07-04T11:02:33","guid":{"rendered":"https:\/\/shinemusicrental.com\/product\/conga-11-3-4-lp-806z-aw-giovanni-galaxy-series\/"},"modified":"2024-04-10T17:09:42","modified_gmt":"2024-04-10T15:09:42","slug":"conga-11-3-4-lp-806z-aw-giovanni-galaxy-series","status":"publish","type":"product","link":"https:\/\/shinemusicrental.com\/ca\/product\/conga-11-3-4-lp-806z-aw-giovanni-galaxy-series\/","title":{"rendered":"Conga 11 3\/4&#8243; LP 806Z-AW Giovanni Galaxy Series"},"content":{"rendered":"<p>Presentem l&#8217;Amplificador de Baix Fender Rumble 100 V3: un amplificador vers\u00e0til per a baixistes. Amb 100 watts de pot\u00e8ncia, ofereix un volum ampli per a diversos entorns, semblant a un comunicador vers\u00e0til. L&#8217;altaveu de 12&#8243; ofereix un espectre complet de tons, similar a un h\u00e0bil narrador. L&#8217;equalitzador de 4 bandes permet modelar el to amb precisi\u00f3, com un h\u00e0bil escultor que crea sons. La sortida XLR line out assegura una connectivitat fluida, semblant a una connexi\u00f3 sense problemes La sortida d&#8217;auriculars permet practicar en privat, com una sala d&#8217;assaig personal.L&#8217;entrada auxiliar et permet tocar al costat de pistes, semblant a una sessi\u00f3 de jam col\u00b7laborativa.Explora possibilitats amplificades a trav\u00e9s del Lloguer d&#8217;Instruments, o considera Llogar un Amplificador per a Baix per a les teves travesses musicals, eleva el teu so de baix amb aquest amplificador vers\u00e0til.<\/p>\n<div id=\"gtx-trans\" style=\"position: absolute; left: -156px; top: -0.666666px;\">\n<div class=\"gtx-trans-icon\"><\/div>\n<\/div>\n","protected":false},"excerpt":{"rendered":"<p>Presentem l&#8217;Amplificador de Baix Fender Rumble 100 V3: un amplificador vers\u00e0til per a baixistes. Amb 100 watts de pot\u00e8ncia, ofereix [&hellip;]<\/p>\n","protected":false},"featured_media":13015,"comment_status":"open","ping_status":"closed","template":"","meta":{"_acf_changed":false,"content-type":""},"product_brand":[],"product_cat":[161,172],"product_tag":[458,544,540,542,538,868,562,590,462,561,464,490,592,558,918,466,467,470,474,471,476],"class_list":{"0":"post-13020","1":"product","2":"type-product","3":"status-publish","4":"has-post-thumbnail","6":"product_cat-bateries-i-percussions","7":"product_cat-percussions","8":"product_tag-bateries","9":"product_tag-bateries-barcelona","10":"product_tag-bateries-de-lloguer","11":"product_tag-bateries-es","12":"product_tag-bateries-espanya","13":"product_tag-conga-ca","14":"product_tag-instruments-de-contractacio","15":"product_tag-lloguer-dinstruments-ca-2","16":"product_tag-lloguer-dinstruments","17":"product_tag-lloguer-dinstruments-ca","18":"product_tag-lloguer-dinstruments-barcelona","19":"product_tag-lloguer-dinstruments-barcelona-ca","20":"product_tag-lloguer-dinstruments-espanya-ca","21":"product_tag-lloguer-dinstruments-espanya","22":"product_tag-pearl-ca","23":"product_tag-percussio","24":"product_tag-percussions-ca","25":"product_tag-percussions-barcelona-ca","26":"product_tag-percussions-de-lloguer","27":"product_tag-percussions-es-ca","28":"product_tag-percussions-espanya","30":"first","31":"instock","32":"sold-individually","33":"shipping-taxable","34":"purchasable","35":"product-type-booking"},"booking_location":"","booking_location_type":"","booking_duration":1,"booking_duration_unit":"day","booking_buffer":0,"booking_cost":0,"booking_resources":[],"exclude_global_add_ons":false,"addons":[{"name":"Deposit","type":"checkbox","position":0,"required":false,"title_format":"hide","default":"","description_enable":false,"description":"","placeholder_enable":false,"placeholder":"","display":"select","restrictions_type":"any_text","adjust_price":false,"price":"","price_type":"flat_fee","restrictions":false,"min":"0","max":"0","options":[{"label":"Deposit","price":"350","price_type":"flat_fee","image":0,"visibility":true}]},{"name":"Totes les Bateries ","type":"checkbox","position":0,"required":false,"title_format":"label","default":"","description_enable":false,"description":"","placeholder_enable":false,"placeholder":"","display":"select","restrictions_type":"any_text","adjust_price":false,"price":"","price_type":"flat_fee","restrictions":false,"min":"0","max":"0","options":[{"label":"Baquetes","price":"6.00","price_type":"quantity_based","image":0,"visibility":true},{"label":"Set de Plats","price":"48.00","price_type":"quantity_based","image":0,"visibility":true}]},{"name":"All Percussion","type":"checkbox","position":0,"required":false,"title_format":"label","default":"","description_enable":false,"description":"","placeholder_enable":false,"placeholder":"","display":"select","restrictions_type":"any_text","adjust_price":false,"price":"","price_type":"flat_fee","restrictions":false,"min":"0","max":"0","options":[{"label":"Stand","price":"10","price_type":"quantity_based","image":0,"visibility":true}]}],"acf":{"set_to_be_sold":false,"sale_description":"","sale_price":""},"_links":{"self":[{"href":"https:\/\/shinemusicrental.com\/ca\/wp-json\/wp\/v2\/product\/13020","targetHints":{"allow":["GET"]}}],"collection":[{"href":"https:\/\/shinemusicrental.com\/ca\/wp-json\/wp\/v2\/product"}],"about":[{"href":"https:\/\/shinemusicrental.com\/ca\/wp-json\/wp\/v2\/types\/product"}],"replies":[{"embeddable":true,"href":"https:\/\/shinemusicrental.com\/ca\/wp-json\/wp\/v2\/comments?post=13020"}],"wp:featuredmedia":[{"embeddable":true,"href":"https:\/\/shinemusicrental.com\/ca\/wp-json\/wp\/v2\/media\/13015"}],"wp:attachment":[{"href":"https:\/\/shinemusicrental.com\/ca\/wp-json\/wp\/v2\/media?parent=13020"}],"wp:term":[{"taxonomy":"product_brand","embeddable":true,"href":"https:\/\/shinemusicrental.com\/ca\/wp-json\/wp\/v2\/product_brand?post=13020"},{"taxonomy":"product_cat","embeddable":true,"href":"https:\/\/shinemusicrental.com\/ca\/wp-json\/wp\/v2\/product_cat?post=13020"},{"taxonomy":"product_tag","embeddable":true,"href":"https:\/\/shinemusicrental.com\/ca\/wp-json\/wp\/v2\/product_tag?post=13020"}],"curies":[{"name":"wp","href":"https:\/\/api.w.org\/{rel}","templated":true}]}}