{"id":12790,"date":"2023-06-16T12:59:44","date_gmt":"2023-06-16T10:59:44","guid":{"rendered":"https:\/\/shinemusicrental.com\/product\/ld-systems-u305-bph-wireless-headset-microphone\/"},"modified":"2024-04-10T16:47:13","modified_gmt":"2024-04-10T14:47:13","slug":"ld-systems-u305-bph-sistema-inalambric-amb-microfon-de-diadema","status":"publish","type":"product","link":"https:\/\/shinemusicrental.com\/ca\/product\/ld-systems-u305-bph-sistema-inalambric-amb-microfon-de-diadema\/","title":{"rendered":"LD Systems U305 BPH Sistema Inal\u00e0mbric amb Micr\u00f2fon de Diadema"},"content":{"rendered":"<p>Presentem el Micr\u00f2fon de Diadema Inal\u00e0mbric LD Systems U305 BPH: una eina per a una projecci\u00f3 vocal clara. Amb un rang de freq\u00fc\u00e8ncia UHF, ofereix una transmissi\u00f3 de senyal fiable, similar a un comunicador s\u00f2lid. La c\u00e0psula de condensador del micr\u00f2fon de diadema captura matisos amb precisi\u00f3, semblant a un oient atent. El transmissor de cintur\u00f3 garanteix flexibilitat, parell al moviment \u00e0gil d&#8217;un missatger. El seu patr\u00f3 polar cardioide redueix el soroll de fons, asemejant-se a un orador enfocat. La diadema ajustable garanteix un \u00fas c\u00f2mode, com un accessor a mida. Ideal per a presentacions, actuacions o confer\u00e8ncies, \u00e9s un aliat vocal. Millora el teu so mitjan\u00e7ant l&#8217;Lloguer d&#8217;Instruments, o explora la versatilitat vocal considerant Llogar un Micr\u00f2fon. Abra\u00e7a la comunicaci\u00f3 fluida amb aquest din\u00e0mic micr\u00f2fon de diadema.<\/p>\n<div id=\"gtx-trans\" style=\"position: absolute; left: -208px; top: -0.666666px;\">\n<div class=\"gtx-trans-icon\"><\/div>\n<\/div>\n","protected":false},"excerpt":{"rendered":"<p>Presentem el Micr\u00f2fon de Diadema Inal\u00e0mbric LD Systems U305 BPH: una eina per a una projecci\u00f3 vocal clara. Amb un [&hellip;]<\/p>\n","protected":false},"featured_media":12788,"comment_status":"open","ping_status":"closed","template":"","meta":{"_acf_changed":false,"content-type":""},"product_brand":[],"product_cat":[330,340],"product_tag":[506,508,512,510,514,504,562,462,590,561,464,490,592,558,777,779,778,598],"class_list":{"0":"post-12790","1":"product","2":"type-product","3":"status-publish","4":"has-post-thumbnail","6":"product_cat-estudi","7":"product_cat-microfons","8":"product_tag-equip-destudi","9":"product_tag-equip-destudi-barcelona","10":"product_tag-equip-destudi-de-lloguer","11":"product_tag-equip-destudi-es","12":"product_tag-equip-destudi-espanya","13":"product_tag-estudi","14":"product_tag-instruments-de-contractacio","15":"product_tag-lloguer-dinstruments","16":"product_tag-lloguer-dinstruments-ca-2","17":"product_tag-lloguer-dinstruments-ca","18":"product_tag-lloguer-dinstruments-barcelona","19":"product_tag-lloguer-dinstruments-barcelona-ca","20":"product_tag-lloguer-dinstruments-espanya-ca","21":"product_tag-lloguer-dinstruments-espanya","22":"product_tag-micro-ca","23":"product_tag-microfon","24":"product_tag-microfon-de-lloguer","25":"product_tag-microfon-inalambric","27":"first","28":"instock","29":"sold-individually","30":"shipping-taxable","31":"purchasable","32":"product-type-booking"},"booking_location":"","booking_location_type":"","booking_duration":1,"booking_duration_unit":"day","booking_buffer":0,"booking_cost":0,"booking_resources":[],"exclude_global_add_ons":[],"addons":[],"acf":{"set_to_be_sold":false,"sale_description":"","sale_price":""},"_links":{"self":[{"href":"https:\/\/shinemusicrental.com\/ca\/wp-json\/wp\/v2\/product\/12790","targetHints":{"allow":["GET"]}}],"collection":[{"href":"https:\/\/shinemusicrental.com\/ca\/wp-json\/wp\/v2\/product"}],"about":[{"href":"https:\/\/shinemusicrental.com\/ca\/wp-json\/wp\/v2\/types\/product"}],"replies":[{"embeddable":true,"href":"https:\/\/shinemusicrental.com\/ca\/wp-json\/wp\/v2\/comments?post=12790"}],"wp:featuredmedia":[{"embeddable":true,"href":"https:\/\/shinemusicrental.com\/ca\/wp-json\/wp\/v2\/media\/12788"}],"wp:attachment":[{"href":"https:\/\/shinemusicrental.com\/ca\/wp-json\/wp\/v2\/media?parent=12790"}],"wp:term":[{"taxonomy":"product_brand","embeddable":true,"href":"https:\/\/shinemusicrental.com\/ca\/wp-json\/wp\/v2\/product_brand?post=12790"},{"taxonomy":"product_cat","embeddable":true,"href":"https:\/\/shinemusicrental.com\/ca\/wp-json\/wp\/v2\/product_cat?post=12790"},{"taxonomy":"product_tag","embeddable":true,"href":"https:\/\/shinemusicrental.com\/ca\/wp-json\/wp\/v2\/product_tag?post=12790"}],"curies":[{"name":"wp","href":"https:\/\/api.w.org\/{rel}","templated":true}]}}