{"id":12779,"date":"2023-06-16T11:51:40","date_gmt":"2023-06-16T09:51:40","guid":{"rendered":"https:\/\/shinemusicrental.com\/product\/ld-systems-mei1000g2-in-ear-set\/"},"modified":"2024-04-10T16:46:05","modified_gmt":"2024-04-10T14:46:05","slug":"ld-systems-mei1000g2-in-ear-set","status":"publish","type":"product","link":"https:\/\/shinemusicrental.com\/ca\/product\/ld-systems-mei1000g2-in-ear-set\/","title":{"rendered":"LD Systems MEI1000G2 In-Ear Set"},"content":{"rendered":"<p>Presentem el Set In-Ear LD Systems MEI1000G2: una soluci\u00f3 de monitoratge professional per a m\u00fasics. Funcionant en freq\u00fc\u00e8ncia UHF, garanteix una transmissi\u00f3 de senyal fiable, com un missatger constant. El transmissor i el receptor est\u00e8reo ofereixen una qualitat d&#8217;\u00e0udio impecable, semblant a un instrument afinat amb precisi\u00f3. Amb 160 canals, proporciona flexibilitat en entorns concorreguts, paregut a un int\u00e8rpret vers\u00e0til. Els auriculars in-ear brinden un a\u00efllament clar del so, similar a l&#8217;enfocament d&#8217;un oient atent. El cintur\u00f3 ajustable del pack assegura un \u00fas c\u00f2mode, com una pe\u00e7a a mida. Ideal per a actuacions en escenari o sessions d&#8217;estudi, millora la precisi\u00f3 musical. Eleva el teu monitoratge mitjan\u00e7ant l&#8217;Lloguer d&#8217;Instruments, o explora la subtilitat auditiva considerant Llogar un Set In-Ear. Endinsa&#8217;t en un m\u00f3n de so prec\u00eds amb aquesta soluci\u00f3 de monitoratge d&#8217;alt rendiment.<\/p>\n<div id=\"gtx-trans\" style=\"position: absolute; left: -28px; top: -0.666666px;\">\n<div class=\"gtx-trans-icon\"><\/div>\n<\/div>\n","protected":false},"excerpt":{"rendered":"<p>Presentem el Set In-Ear LD Systems MEI1000G2: una soluci\u00f3 de monitoratge professional per a m\u00fasics. Funcionant en freq\u00fc\u00e8ncia UHF, garanteix [&hellip;]<\/p>\n","protected":false},"featured_media":12777,"comment_status":"open","ping_status":"closed","template":"","meta":{"_acf_changed":false,"content-type":""},"product_brand":[],"product_cat":[330,336,349],"product_tag":[782,506,508,512,510,514,504,562,462,590,561,464,490,592,558],"class_list":{"0":"post-12779","1":"product","2":"type-product","3":"status-publish","4":"has-post-thumbnail","6":"product_cat-estudi","7":"product_cat-auriculars","8":"product_cat-soports-i-accesoris","9":"product_tag-auriculars","10":"product_tag-equip-destudi","11":"product_tag-equip-destudi-barcelona","12":"product_tag-equip-destudi-de-lloguer","13":"product_tag-equip-destudi-es","14":"product_tag-equip-destudi-espanya","15":"product_tag-estudi","16":"product_tag-instruments-de-contractacio","17":"product_tag-lloguer-dinstruments","18":"product_tag-lloguer-dinstruments-ca-2","19":"product_tag-lloguer-dinstruments-ca","20":"product_tag-lloguer-dinstruments-barcelona","21":"product_tag-lloguer-dinstruments-barcelona-ca","22":"product_tag-lloguer-dinstruments-espanya-ca","23":"product_tag-lloguer-dinstruments-espanya","25":"first","26":"instock","27":"sold-individually","28":"shipping-taxable","29":"purchasable","30":"product-type-booking"},"booking_location":"","booking_location_type":"","booking_duration":1,"booking_duration_unit":"day","booking_buffer":0,"booking_cost":0,"booking_resources":[],"exclude_global_add_ons":[],"addons":[],"acf":{"set_to_be_sold":false,"sale_description":"","sale_price":""},"_links":{"self":[{"href":"https:\/\/shinemusicrental.com\/ca\/wp-json\/wp\/v2\/product\/12779","targetHints":{"allow":["GET"]}}],"collection":[{"href":"https:\/\/shinemusicrental.com\/ca\/wp-json\/wp\/v2\/product"}],"about":[{"href":"https:\/\/shinemusicrental.com\/ca\/wp-json\/wp\/v2\/types\/product"}],"replies":[{"embeddable":true,"href":"https:\/\/shinemusicrental.com\/ca\/wp-json\/wp\/v2\/comments?post=12779"}],"wp:featuredmedia":[{"embeddable":true,"href":"https:\/\/shinemusicrental.com\/ca\/wp-json\/wp\/v2\/media\/12777"}],"wp:attachment":[{"href":"https:\/\/shinemusicrental.com\/ca\/wp-json\/wp\/v2\/media?parent=12779"}],"wp:term":[{"taxonomy":"product_brand","embeddable":true,"href":"https:\/\/shinemusicrental.com\/ca\/wp-json\/wp\/v2\/product_brand?post=12779"},{"taxonomy":"product_cat","embeddable":true,"href":"https:\/\/shinemusicrental.com\/ca\/wp-json\/wp\/v2\/product_cat?post=12779"},{"taxonomy":"product_tag","embeddable":true,"href":"https:\/\/shinemusicrental.com\/ca\/wp-json\/wp\/v2\/product_tag?post=12779"}],"curies":[{"name":"wp","href":"https:\/\/api.w.org\/{rel}","templated":true}]}}