{"id":1273,"date":"2022-10-24T16:15:52","date_gmt":"2022-10-24T14:15:52","guid":{"rendered":"http:\/\/www.shinemusicrental.com\/product\/alhambra-cadete-3c-3-4-guitarra-classica\/"},"modified":"2023-03-16T11:50:09","modified_gmt":"2023-03-16T10:50:09","slug":"alhambra-cadete-3c-3-4-guitarra-classica","status":"publish","type":"product","link":"https:\/\/shinemusicrental.com\/ca\/product\/alhambra-cadete-3c-3-4-guitarra-classica\/","title":{"rendered":"Alhambra Cadete 3C \u2013 3\/4 Guitarra Espanyola"},"content":{"rendered":"<p>La guitarra cl\u00e0ssica Alhambra Cadete 3C &#8211; 3\/4 \u00e9s un instrument excepcional per a guitarristes novells que busquen una guitarra m\u00e9s petita i f\u00e0cil de tocar. Amb els seus materials i artesania d&#8217;alta qualitat, produeix un so c\u00e0lid i ric que segurament agradar\u00e0 a qualsevol m\u00fasic. La tapa s\u00f2lida de cedre i la part posterior i els costats de caoba de la guitarra proporcionen un equilibri tonal excel\u00b7lent, mentre que el diapas\u00f3 de palissandre ofereix una experi\u00e8ncia de joc c\u00f2moda i receptiva. Les seves especificacions t\u00e8cniques clau inclouen una longitud d&#8217;escala de 580 mm, una amplada de ceixidor de 48 mm i 19 trasts. La guitarra cl\u00e0ssica Alhambra Cadete 3C &#8211; 3\/4 \u00e9s una excel\u00b7lent opci\u00f3 per aquells que busquen llogar una guitarra cl\u00e0ssica durant el seu viatge d&#8217;aprenentatge. \u00c9s com tenir un amic lleial que l&#8217;acompanyar\u00e0 mentre apr\u00e8n i creix com a guitarrista.<\/p>\n","protected":false},"excerpt":{"rendered":"<p><strong>Dip\u00f2sit: \u20ac160<\/strong><\/p>\n<div id=\"gtx-trans\" style=\"position: absolute; left: -70px; top: -10.6667px;\">\n<div class=\"gtx-trans-icon\"><\/div>\n<\/div>\n","protected":false},"featured_media":1266,"comment_status":"open","ping_status":"closed","template":"","meta":{"_acf_changed":false,"content-type":""},"product_brand":[],"product_cat":[176,192,190],"product_tag":[639,568,570,572,564,614,460,566,562,561,462,590,464,490,592,558],"class_list":{"0":"post-1273","1":"product","2":"type-product","3":"status-publish","4":"has-post-thumbnail","6":"product_cat-guitarres-i-baixos","7":"product_cat-guitarres-classiques","8":"product_cat-guitarra-per-nens","9":"product_tag-alhambra-ca","10":"product_tag-guitarra-ca","11":"product_tag-guitarra-barcelona-ca","12":"product_tag-guitarra-de-lloguer","13":"product_tag-guitarra-espanya","14":"product_tag-guitarra-infantil","15":"product_tag-guitarres","16":"product_tag-guitarres-espanya","17":"product_tag-instruments-de-contractacio","18":"product_tag-lloguer-dinstruments-ca","19":"product_tag-lloguer-dinstruments","20":"product_tag-lloguer-dinstruments-ca-2","21":"product_tag-lloguer-dinstruments-barcelona","22":"product_tag-lloguer-dinstruments-barcelona-ca","23":"product_tag-lloguer-dinstruments-espanya-ca","24":"product_tag-lloguer-dinstruments-espanya","26":"first","27":"instock","28":"sold-individually","29":"shipping-taxable","30":"purchasable","31":"product-type-booking"},"booking_location":"","booking_location_type":"","booking_duration":1,"booking_duration_unit":"day","booking_buffer":0,"booking_cost":0,"booking_resources":[],"exclude_global_add_ons":false,"addons":[{"name":"Dip\u00f2sit","type":"checkbox","position":0,"required":false,"title_format":"hide","default":"","description_enable":false,"description":"","placeholder_enable":false,"placeholder":"","display":"select","restrictions_type":"any_text","adjust_price":false,"price":"","price_type":"flat_fee","restrictions":false,"min":"0","max":"0","options":[{"label":"Dip\u00f2sit","price":"160","price_type":"flat_fee","image":0,"visibility":true}]},{"name":"Guitarres Cl\u00e0ssiques","type":"checkbox","position":0,"required":false,"title_format":"label","default":"","description_enable":false,"description":"","placeholder_enable":false,"placeholder":"","display":"select","restrictions_type":"any_text","adjust_price":false,"price":"","price_type":"flat_fee","restrictions":false,"min":"0","max":"0","options":[{"label":"Afinador","price":"5.00","price_type":"quantity_based","image":0,"visibility":true},{"label":"Recolzapeus per a Guitarra de Qualitat","price":"9.00","price_type":"quantity_based","image":0,"visibility":true},{"label":"Recolzapeus per a Guitarra Est\u00e0ndard","price":"5.00","price_type":"quantity_based","image":0,"visibility":true},{"label":"Faristol de Qualitat","price":"9.00","price_type":"quantity_based","image":0,"visibility":true},{"label":"Faristol","price":"5.00","price_type":"quantity_based","image":0,"visibility":true},{"label":"Capo - Guitarra Cl\u00e0ssica","price":"5.00","price_type":"quantity_based","image":0,"visibility":true},{"label":"Pua de Qualitat","price":"2.00","price_type":"quantity_based","image":0,"visibility":true},{"label":"Pua Est\u00e0ndard","price":"1.00","price_type":"quantity_based","image":0,"visibility":true}]}],"acf":{"set_to_be_sold":false,"sale_description":"","sale_price":""},"_links":{"self":[{"href":"https:\/\/shinemusicrental.com\/ca\/wp-json\/wp\/v2\/product\/1273","targetHints":{"allow":["GET"]}}],"collection":[{"href":"https:\/\/shinemusicrental.com\/ca\/wp-json\/wp\/v2\/product"}],"about":[{"href":"https:\/\/shinemusicrental.com\/ca\/wp-json\/wp\/v2\/types\/product"}],"replies":[{"embeddable":true,"href":"https:\/\/shinemusicrental.com\/ca\/wp-json\/wp\/v2\/comments?post=1273"}],"wp:featuredmedia":[{"embeddable":true,"href":"https:\/\/shinemusicrental.com\/ca\/wp-json\/wp\/v2\/media\/1266"}],"wp:attachment":[{"href":"https:\/\/shinemusicrental.com\/ca\/wp-json\/wp\/v2\/media?parent=1273"}],"wp:term":[{"taxonomy":"product_brand","embeddable":true,"href":"https:\/\/shinemusicrental.com\/ca\/wp-json\/wp\/v2\/product_brand?post=1273"},{"taxonomy":"product_cat","embeddable":true,"href":"https:\/\/shinemusicrental.com\/ca\/wp-json\/wp\/v2\/product_cat?post=1273"},{"taxonomy":"product_tag","embeddable":true,"href":"https:\/\/shinemusicrental.com\/ca\/wp-json\/wp\/v2\/product_tag?post=1273"}],"curies":[{"name":"wp","href":"https:\/\/api.w.org\/{rel}","templated":true}]}}