{"id":1263,"date":"2022-10-24T14:34:16","date_gmt":"2022-10-24T12:34:16","guid":{"rendered":"http:\/\/www.shinemusicrental.com\/product\/roland-micro-cube-amplificador\/"},"modified":"2023-03-16T11:29:30","modified_gmt":"2023-03-16T10:29:30","slug":"roland-micro-cube-amplificador","status":"publish","type":"product","link":"https:\/\/shinemusicrental.com\/ca\/product\/roland-micro-cube-amplificador\/","title":{"rendered":"Roland Micro Cube Amplificador"},"content":{"rendered":"<p>El Roland Micro Cube Amplificador \u00e9s una alternativa compacta i m\u00f2bil per a m\u00fasics que necessiten amplificaci\u00f3 de so. La seva portabilitat i petit factor de forma el converteixen en una excel\u00b7lent opci\u00f3 per tocar sobre la marxa o en espais redu\u00efts. L&#8217;amplificador disposa d&#8217;una varietat de models d&#8217;amplificadors, efectes incorporats i un afinador, la qual cosa proporciona una \u00e0mplia gamma d&#8217;opcions tonals. Malgrat la seva pot\u00e8ncia de nom\u00e9s 2,5 watts, \u00e9s capa\u00e7 d&#8217;omplir una habitaci\u00f3 amb so. Destaca el so \u00fanic &#8220;JC Clean&#8221; del Micro Cube que reprodueix el fam\u00f3s amplificador Roland JC-120. En resum, el Roland Micro Cube Amplificador \u00e9s una selecci\u00f3 excepcional per a guitarristes, ja sigui que necessitin un amplificador per practicar o per a un esdeveniment on sigui necessari el lloguer d&#8217;instruments.<\/p>\n","protected":false},"excerpt":{"rendered":"<p><strong>Dip\u00f2sit: \u20ac50<\/strong><\/p>\n<div id=\"gtx-trans\" style=\"position: absolute; left: -86px; top: 38.3333px;\">\n<div class=\"gtx-trans-icon\"><\/div>\n<\/div>\n","protected":false},"featured_media":1260,"comment_status":"open","ping_status":"closed","template":"","meta":{"_acf_changed":false,"content-type":""},"product_brand":[],"product_cat":[176,200],"product_tag":[681,683,568,570,572,564,460,566,562,561,462,590,464,490,592,558],"class_list":{"0":"post-1263","1":"product","2":"type-product","3":"status-publish","4":"has-post-thumbnail","6":"product_cat-guitarres-i-baixos","7":"product_cat-amplificadors-de-guitarra","8":"product_tag-amplificador-ca","9":"product_tag-amplificador-de-guitarra-ca","10":"product_tag-guitarra-ca","11":"product_tag-guitarra-barcelona-ca","12":"product_tag-guitarra-de-lloguer","13":"product_tag-guitarra-espanya","14":"product_tag-guitarres","15":"product_tag-guitarres-espanya","16":"product_tag-instruments-de-contractacio","17":"product_tag-lloguer-dinstruments-ca","18":"product_tag-lloguer-dinstruments","19":"product_tag-lloguer-dinstruments-ca-2","20":"product_tag-lloguer-dinstruments-barcelona","21":"product_tag-lloguer-dinstruments-barcelona-ca","22":"product_tag-lloguer-dinstruments-espanya-ca","23":"product_tag-lloguer-dinstruments-espanya","25":"first","26":"instock","27":"sold-individually","28":"shipping-taxable","29":"purchasable","30":"product-type-booking"},"booking_location":"","booking_location_type":"","booking_duration":1,"booking_duration_unit":"day","booking_buffer":0,"booking_cost":0,"booking_resources":[],"exclude_global_add_ons":false,"addons":[{"name":"Dip\u00f2sit","type":"checkbox","position":0,"required":false,"title_format":"hide","default":"","description_enable":false,"description":"","placeholder_enable":false,"placeholder":"","display":"select","restrictions_type":"any_text","adjust_price":false,"price":"","price_type":"flat_fee","restrictions":false,"min":"0","max":"0","options":[{"label":"Dip\u00f2sit","price":"50","price_type":"flat_fee","image":0,"visibility":true}]},{"name":"Amplificadors (tots)","type":"checkbox","position":0,"required":false,"title_format":"label","default":"","description_enable":false,"description":"","placeholder_enable":false,"placeholder":"","display":"select","restrictions_type":"any_text","adjust_price":false,"price":"","price_type":"flat_fee","restrictions":false,"min":"0","max":"0","options":[{"label":"Cable d'Instrument Jack 1\/4","price":"5.00","price_type":"quantity_based","image":0,"visibility":true},{"label":"DI Box","price":"5.00","price_type":"quantity_based","image":0,"visibility":true}]}],"acf":{"set_to_be_sold":false,"sale_description":"","sale_price":""},"_links":{"self":[{"href":"https:\/\/shinemusicrental.com\/ca\/wp-json\/wp\/v2\/product\/1263","targetHints":{"allow":["GET"]}}],"collection":[{"href":"https:\/\/shinemusicrental.com\/ca\/wp-json\/wp\/v2\/product"}],"about":[{"href":"https:\/\/shinemusicrental.com\/ca\/wp-json\/wp\/v2\/types\/product"}],"replies":[{"embeddable":true,"href":"https:\/\/shinemusicrental.com\/ca\/wp-json\/wp\/v2\/comments?post=1263"}],"wp:featuredmedia":[{"embeddable":true,"href":"https:\/\/shinemusicrental.com\/ca\/wp-json\/wp\/v2\/media\/1260"}],"wp:attachment":[{"href":"https:\/\/shinemusicrental.com\/ca\/wp-json\/wp\/v2\/media?parent=1263"}],"wp:term":[{"taxonomy":"product_brand","embeddable":true,"href":"https:\/\/shinemusicrental.com\/ca\/wp-json\/wp\/v2\/product_brand?post=1263"},{"taxonomy":"product_cat","embeddable":true,"href":"https:\/\/shinemusicrental.com\/ca\/wp-json\/wp\/v2\/product_cat?post=1263"},{"taxonomy":"product_tag","embeddable":true,"href":"https:\/\/shinemusicrental.com\/ca\/wp-json\/wp\/v2\/product_tag?post=1263"}],"curies":[{"name":"wp","href":"https:\/\/api.w.org\/{rel}","templated":true}]}}