{"id":1203,"date":"2022-10-20T16:17:48","date_gmt":"2022-10-20T14:17:48","guid":{"rendered":"http:\/\/www.shinemusicrental.com\/product\/stentor-student-i-violi-1-4\/"},"modified":"2023-03-15T15:12:37","modified_gmt":"2023-03-15T14:12:37","slug":"stentor-student-i-violi-1-4","status":"publish","type":"product","link":"https:\/\/shinemusicrental.com\/ca\/product\/stentor-student-i-violi-1-4\/","title":{"rendered":"Stentor Student I Viol\u00ed 1\/4"},"content":{"rendered":"<p>El viol\u00ed Stentor Student I 1\/4 \u00e9s un instrument ideal per a llogar per a joves m\u00fasics. Compta amb una tapa de fusta d&#8217;avet s\u00f2lid, fons, costats i m\u00e0nec d&#8217;aur\u00f3, i un diapas\u00f3, cordal i clavilles de ban\u00fas. Amb materials d&#8217;alta qualitat i una artesania experta, aquest viol\u00ed de 1\/4 produeix un so clar i equilibrat adequat per a principiants.<\/p>\n<p>L&#8217;arc que ve amb el viol\u00ed Stentor Student I 1\/4 est\u00e0 fet de fusta de brasil i crin de cavall, la qual cosa proporciona una experi\u00e8ncia de tocabilitat suau i ressonadora. A m\u00e9s, el viol\u00ed ve amb una caixa r\u00edgida lleugera que facilita el transport i protegeix l&#8217;instrument.<\/p>\n<p>Tocar el viol\u00ed Stentor Student I 1\/4 \u00e9s com tenir una conversa amb un bon amic. El so \u00e9s c\u00e0lid i acollidor, el que anima els joves m\u00fasics a explorar les seves habilitats musicals. Sigui que busquis llogar un viol\u00ed de 1\/4 per a un estudiant principiant o siguis un pare que busqui una opci\u00f3 de lloguer assequible i fiable, el viol\u00ed Stentor Student I 1\/4 \u00e9s una excel\u00b7lent opci\u00f3.<\/p>\n","protected":false},"excerpt":{"rendered":"<p><strong>Dip\u00f2sit: \u20ac60<\/strong><\/p>\n<div id=\"gtx-trans\" style=\"position: absolute; left: 54px; top: -10.6667px;\">\n<div class=\"gtx-trans-icon\"><\/div>\n<\/div>\n","protected":false},"featured_media":1200,"comment_status":"open","ping_status":"closed","template":"","meta":{"_acf_changed":false,"content-type":""},"product_brand":[],"product_cat":[318,328],"product_tag":[562,492,494,496,500,498,502,462,590,561,464,490,592,558,722,753],"class_list":{"0":"post-1203","1":"product","2":"type-product","3":"status-publish","4":"has-post-thumbnail","6":"product_cat-instruments-de-corda","7":"product_cat-violins-ca-2","8":"product_tag-instruments-de-contractacio","9":"product_tag-instruments-de-corda","10":"product_tag-instruments-de-corda-ca","11":"product_tag-instruments-de-corda-barcelona","12":"product_tag-instruments-de-corda-de-lloguer","13":"product_tag-instruments-de-corda-es","14":"product_tag-instruments-de-corda-espanya","15":"product_tag-lloguer-dinstruments","16":"product_tag-lloguer-dinstruments-ca-2","17":"product_tag-lloguer-dinstruments-ca","18":"product_tag-lloguer-dinstruments-barcelona","19":"product_tag-lloguer-dinstruments-barcelona-ca","20":"product_tag-lloguer-dinstruments-espanya-ca","21":"product_tag-lloguer-dinstruments-espanya","22":"product_tag-violi","23":"product_tag-violi-per-a-nens","25":"first","26":"instock","27":"sold-individually","28":"shipping-taxable","29":"purchasable","30":"product-type-booking"},"booking_location":"","booking_location_type":"","booking_duration":1,"booking_duration_unit":"day","booking_buffer":0,"booking_cost":0,"booking_resources":[],"exclude_global_add_ons":false,"addons":[{"name":"Dip\u00f2sit","type":"checkbox","position":0,"required":false,"title_format":"hide","default":"","description_enable":false,"description":"","placeholder_enable":false,"placeholder":"","display":"select","restrictions_type":"any_text","adjust_price":false,"price":"","price_type":"flat_fee","restrictions":false,"min":"0","max":"0","options":[{"label":"Dip\u00f2sit","price":"60","price_type":"flat_fee","image":0,"visibility":true}]},{"name":"Violins","type":"checkbox","position":0,"required":false,"title_format":"label","default":"","description_enable":true,"description":"","placeholder_enable":false,"placeholder":"","display":"select","restrictions_type":"any_text","adjust_price":false,"price":"","price_type":"flat_fee","restrictions":false,"min":"0","max":"0","options":[{"label":"Costella","price":"9.00","price_type":"quantity_based","image":0,"visibility":true},{"label":"Suport per a Viol\u00ed","price":"5.00","price_type":"quantity_based","image":0,"visibility":true},{"label":"Faristol","price":"5.00","price_type":"quantity_based","image":0,"visibility":true},{"label":"Faristol de Qualitat","price":"9.00","price_type":"quantity_based","image":0,"visibility":true},{"label":"Afinador","price":"5.00","price_type":"quantity_based","image":0,"visibility":true},{"label":"Sordina","price":"2.00","price_type":"quantity_based","image":0,"visibility":true}]}],"acf":{"set_to_be_sold":false,"sale_description":"","sale_price":""},"_links":{"self":[{"href":"https:\/\/shinemusicrental.com\/ca\/wp-json\/wp\/v2\/product\/1203","targetHints":{"allow":["GET"]}}],"collection":[{"href":"https:\/\/shinemusicrental.com\/ca\/wp-json\/wp\/v2\/product"}],"about":[{"href":"https:\/\/shinemusicrental.com\/ca\/wp-json\/wp\/v2\/types\/product"}],"replies":[{"embeddable":true,"href":"https:\/\/shinemusicrental.com\/ca\/wp-json\/wp\/v2\/comments?post=1203"}],"wp:featuredmedia":[{"embeddable":true,"href":"https:\/\/shinemusicrental.com\/ca\/wp-json\/wp\/v2\/media\/1200"}],"wp:attachment":[{"href":"https:\/\/shinemusicrental.com\/ca\/wp-json\/wp\/v2\/media?parent=1203"}],"wp:term":[{"taxonomy":"product_brand","embeddable":true,"href":"https:\/\/shinemusicrental.com\/ca\/wp-json\/wp\/v2\/product_brand?post=1203"},{"taxonomy":"product_cat","embeddable":true,"href":"https:\/\/shinemusicrental.com\/ca\/wp-json\/wp\/v2\/product_cat?post=1203"},{"taxonomy":"product_tag","embeddable":true,"href":"https:\/\/shinemusicrental.com\/ca\/wp-json\/wp\/v2\/product_tag?post=1203"}],"curies":[{"name":"wp","href":"https:\/\/api.w.org\/{rel}","templated":true}]}}